{"id":6964,"date":"2024-10-21T15:14:28","date_gmt":"2024-10-21T13:14:28","guid":{"rendered":"https:\/\/www.eren.ch\/neuchatel\/?page_id=6964"},"modified":"2026-05-11T21:43:50","modified_gmt":"2026-05-11T19:43:50","slug":"etudier-la-bible","status":"publish","type":"page","link":"https:\/\/www.eren.ch\/neuchatel\/spiritualite\/etudier-la-bible\/","title":{"rendered":"\u00c9tudier la Bible"},"content":{"rendered":"\n<figure class=\"wp-block-image size-large\"><img decoding=\"async\" width=\"1024\" height=\"678\" src=\"https:\/\/www.eren.ch\/neuchatel\/wp-content\/uploads\/sites\/3\/2026\/03\/Bible_Banc-1024x678.jpg\" alt=\"\" class=\"wp-image-7796\" srcset=\"https:\/\/www.eren.ch\/neuchatel\/wp-content\/uploads\/sites\/3\/2026\/03\/Bible_Banc-1024x678.jpg 1024w, https:\/\/www.eren.ch\/neuchatel\/wp-content\/uploads\/sites\/3\/2026\/03\/Bible_Banc-300x199.jpg 300w, https:\/\/www.eren.ch\/neuchatel\/wp-content\/uploads\/sites\/3\/2026\/03\/Bible_Banc-768x509.jpg 768w, https:\/\/www.eren.ch\/neuchatel\/wp-content\/uploads\/sites\/3\/2026\/03\/Bible_Banc-1536x1018.jpg 1536w, https:\/\/www.eren.ch\/neuchatel\/wp-content\/uploads\/sites\/3\/2026\/03\/Bible_Banc-1200x795.jpg 1200w, https:\/\/www.eren.ch\/neuchatel\/wp-content\/uploads\/sites\/3\/2026\/03\/Bible_Banc.jpg 1920w\" sizes=\"(max-width: 709px) 85vw, (max-width: 909px) 67vw, (max-width: 1362px) 62vw, 840px\" \/><\/figure>\n\n\n\n<h2 class=\"wp-block-heading\" id=\"h-parcours-biblique-dans-le-livre-du-cantique-des-cantiques\">Parcours biblique dans le livre du Cantique des cantiques.<\/h2>\n\n\n\n<p><strong>Lundi, de 20h \u00e0 21h30 :<\/strong> <\/p>\n\n\n\n<ul class=\"wp-block-list\">\n<li>Prochaine session en octobre 2026<br><em>Foyer de l&rsquo;Ermitage, Rue Charles-Knapp 40, 2000 Neuch\u00e2tel. Bus, lignes 106 et 109, arr\u00eat Vallon de l&rsquo;Ermitage<\/em>.<\/li>\n<\/ul>\n\n\n\n<p>Nous prenons pour guides les fascicules pr\u00e9par\u00e9s pour <a href=\"https:\/\/www.etudierlabible.ch\/\">Etudier la Bible<\/a> de <a href=\"https:\/\/ref-formation.ch\/\">R\u00e9f-Formation<\/a> (ex Office protestant de la formation &#8211; OPF).<\/p>\n\n\n\n<p>Le groupe commente librement le texte de l&rsquo;\u00e9tude et le feuillet des commentaires. Un ministre de notre paroisse cadre et enrichit la discussion.<\/p>\n\n\n\n<p>Prix des fascicules, envoi postal: <strong>CHF 45.-<\/strong>, version web gratuite.<\/p>\n\n\n\n<p><strong>Renseignements :<br><\/strong>Mme Monique Vust<br><a href=\"mailto:m.f.vust@sunrise.ch\">m.f.vust@sunrise.ch<\/a><br>032 724 10 07<\/p>\n","protected":false},"excerpt":{"rendered":"<p>Parcours biblique dans le livre du Cantique des cantiques. Lundi, de 20h \u00e0 21h30 : Nous prenons pour guides les fascicules pr\u00e9par\u00e9s pour Etudier la Bible de R\u00e9f-Formation (ex Office protestant de la formation &#8211; OPF). Le groupe commente librement le texte de l&rsquo;\u00e9tude et le feuillet des commentaires. Un ministre de notre paroisse cadre &hellip; <a href=\"https:\/\/www.eren.ch\/neuchatel\/spiritualite\/etudier-la-bible\/\" class=\"more-link\">Continuer la lecture<span class=\"screen-reader-text\"> de &laquo;&nbsp;\u00c9tudier la Bible&nbsp;&raquo;<\/span><\/a><\/p>\n","protected":false},"author":1,"featured_media":0,"parent":22,"menu_order":0,"comment_status":"closed","ping_status":"closed","template":"","meta":{"footnotes":""},"class_list":["post-6964","page","type-page","status-publish","hentry"],"yoast_head":"<!-- This site is optimized with the Yoast SEO Premium plugin v27.6 (Yoast SEO v27.6) - https:\/\/yoast.com\/product\/yoast-seo-premium-wordpress\/ -->\n<title>\u00c9tudier la Bible - Paroisse de Neuch\u00e2tel<\/title>\n<meta name=\"description\" content=\"Parcours biblique dans le livre du Cantique des cantiques. Lundi, de 20h \u00e0 21h30 : Prochaine session en octobre 2026Foyer de l&#039;Ermitage, Rue Charles-Knapp\" \/>\n<meta name=\"robots\" content=\"index, follow, max-snippet:-1, max-image-preview:large, max-video-preview:-1\" \/>\n<link rel=\"canonical\" href=\"https:\/\/www.eren.ch\/neuchatel\/spiritualite\/etudier-la-bible\/\" \/>\n<meta property=\"og:locale\" content=\"fr_FR\" \/>\n<meta property=\"og:type\" content=\"article\" \/>\n<meta property=\"og:title\" content=\"\u00c9tudier la Bible\" \/>\n<meta property=\"og:description\" content=\"Parcours biblique dans le livre du Cantique des cantiques. Lundi, de 20h \u00e0 21h30 : Prochaine session en octobre 2026Foyer de l&#039;Ermitage, Rue Charles-Knapp\" \/>\n<meta property=\"og:url\" content=\"https:\/\/www.eren.ch\/neuchatel\/spiritualite\/etudier-la-bible\/\" \/>\n<meta property=\"og:site_name\" content=\"Paroisse de Neuch\u00e2tel\" \/>\n<meta property=\"article:publisher\" content=\"https:\/\/www.facebook.com\/eglise.EREN\" \/>\n<meta property=\"article:modified_time\" content=\"2026-05-11T19:43:50+00:00\" \/>\n<meta property=\"og:image\" content=\"https:\/\/www.eren.ch\/neuchatel\/wp-content\/uploads\/sites\/3\/2026\/03\/Bible_Banc.jpg\" \/>\n\t<meta property=\"og:image:width\" content=\"1920\" \/>\n\t<meta property=\"og:image:height\" content=\"1272\" \/>\n\t<meta property=\"og:image:type\" content=\"image\/jpeg\" \/>\n<meta name=\"twitter:card\" content=\"summary_large_image\" \/>\n<meta name=\"twitter:site\" content=\"@egliseeren\" \/>\n<meta name=\"twitter:label1\" content=\"Dur\u00e9e de lecture estim\u00e9e\" \/>\n\t<meta name=\"twitter:data1\" content=\"1 minute\" \/>\n<script type=\"application\/ld+json\" class=\"yoast-schema-graph\">{\"@context\":\"https:\\\/\\\/schema.org\",\"@graph\":[{\"@type\":\"WebPage\",\"@id\":\"https:\\\/\\\/www.eren.ch\\\/neuchatel\\\/spiritualite\\\/etudier-la-bible\\\/\",\"url\":\"https:\\\/\\\/www.eren.ch\\\/neuchatel\\\/spiritualite\\\/etudier-la-bible\\\/\",\"name\":\"\u00c9tudier la Bible - Paroisse de Neuch\u00e2tel\",\"isPartOf\":{\"@id\":\"https:\\\/\\\/www.eren.ch\\\/neuchatel\\\/#website\"},\"primaryImageOfPage\":{\"@id\":\"https:\\\/\\\/www.eren.ch\\\/neuchatel\\\/spiritualite\\\/etudier-la-bible\\\/#primaryimage\"},\"image\":{\"@id\":\"https:\\\/\\\/www.eren.ch\\\/neuchatel\\\/spiritualite\\\/etudier-la-bible\\\/#primaryimage\"},\"thumbnailUrl\":\"https:\\\/\\\/www.eren.ch\\\/neuchatel\\\/wp-content\\\/uploads\\\/sites\\\/3\\\/2026\\\/03\\\/Bible_Banc-1024x678.jpg\",\"datePublished\":\"2024-10-21T13:14:28+00:00\",\"dateModified\":\"2026-05-11T19:43:50+00:00\",\"description\":\"Parcours biblique dans le livre du Cantique des cantiques. Lundi, de 20h \u00e0 21h30 : Prochaine session en octobre 2026Foyer de l'Ermitage, Rue Charles-Knapp\",\"breadcrumb\":{\"@id\":\"https:\\\/\\\/www.eren.ch\\\/neuchatel\\\/spiritualite\\\/etudier-la-bible\\\/#breadcrumb\"},\"inLanguage\":\"fr-FR\",\"potentialAction\":[{\"@type\":\"ReadAction\",\"target\":[\"https:\\\/\\\/www.eren.ch\\\/neuchatel\\\/spiritualite\\\/etudier-la-bible\\\/\"]}]},{\"@type\":\"ImageObject\",\"inLanguage\":\"fr-FR\",\"@id\":\"https:\\\/\\\/www.eren.ch\\\/neuchatel\\\/spiritualite\\\/etudier-la-bible\\\/#primaryimage\",\"url\":\"https:\\\/\\\/www.eren.ch\\\/neuchatel\\\/wp-content\\\/uploads\\\/sites\\\/3\\\/2026\\\/03\\\/Bible_Banc.jpg\",\"contentUrl\":\"https:\\\/\\\/www.eren.ch\\\/neuchatel\\\/wp-content\\\/uploads\\\/sites\\\/3\\\/2026\\\/03\\\/Bible_Banc.jpg\",\"width\":1920,\"height\":1272},{\"@type\":\"BreadcrumbList\",\"@id\":\"https:\\\/\\\/www.eren.ch\\\/neuchatel\\\/spiritualite\\\/etudier-la-bible\\\/#breadcrumb\",\"itemListElement\":[{\"@type\":\"ListItem\",\"position\":1,\"name\":\"Accueil\",\"item\":\"https:\\\/\\\/www.eren.ch\\\/neuchatel\\\/\"},{\"@type\":\"ListItem\",\"position\":2,\"name\":\"Spiritualit\u00e9\",\"item\":\"https:\\\/\\\/www.eren.ch\\\/neuchatel\\\/spiritualite\\\/\"},{\"@type\":\"ListItem\",\"position\":3,\"name\":\"\u00c9tudier la Bible\"}]},{\"@type\":\"WebSite\",\"@id\":\"https:\\\/\\\/www.eren.ch\\\/neuchatel\\\/#website\",\"url\":\"https:\\\/\\\/www.eren.ch\\\/neuchatel\\\/\",\"name\":\"Paroisse de Neuch\u00e2tel\",\"description\":\"La pr\u00e9sence protestante reconnue en ville de Neuch\u00e2tel\",\"publisher\":{\"@id\":\"https:\\\/\\\/www.eren.ch\\\/neuchatel\\\/#organization\"},\"potentialAction\":[{\"@type\":\"SearchAction\",\"target\":{\"@type\":\"EntryPoint\",\"urlTemplate\":\"https:\\\/\\\/www.eren.ch\\\/neuchatel\\\/?s={search_term_string}\"},\"query-input\":{\"@type\":\"PropertyValueSpecification\",\"valueRequired\":true,\"valueName\":\"search_term_string\"}}],\"inLanguage\":\"fr-FR\"},{\"@type\":\"Organization\",\"@id\":\"https:\\\/\\\/www.eren.ch\\\/neuchatel\\\/#organization\",\"name\":\"Paroisse de Neuch\u00e2tel\",\"url\":\"https:\\\/\\\/www.eren.ch\\\/neuchatel\\\/\",\"logo\":{\"@type\":\"ImageObject\",\"inLanguage\":\"fr-FR\",\"@id\":\"https:\\\/\\\/www.eren.ch\\\/neuchatel\\\/#\\\/schema\\\/logo\\\/image\\\/\",\"url\":\"https:\\\/\\\/www.eren.ch\\\/neuchatel\\\/wp-content\\\/uploads\\\/sites\\\/3\\\/2020\\\/12\\\/logo-neuchatel.png\",\"contentUrl\":\"https:\\\/\\\/www.eren.ch\\\/neuchatel\\\/wp-content\\\/uploads\\\/sites\\\/3\\\/2020\\\/12\\\/logo-neuchatel.png\",\"width\":240,\"height\":117,\"caption\":\"Paroisse de Neuch\u00e2tel\"},\"image\":{\"@id\":\"https:\\\/\\\/www.eren.ch\\\/neuchatel\\\/#\\\/schema\\\/logo\\\/image\\\/\"},\"sameAs\":[\"https:\\\/\\\/www.facebook.com\\\/eglise.EREN\",\"https:\\\/\\\/x.com\\\/egliseeren\",\"https:\\\/\\\/fr.wikipedia.org\\\/wiki\\\/glise_rforme_vanglique_du_canton_de_Neuchtel\"]}]}<\/script>\n<!-- \/ Yoast SEO Premium plugin. -->","yoast_head_json":{"title":"\u00c9tudier la Bible - Paroisse de Neuch\u00e2tel","description":"Parcours biblique dans le livre du Cantique des cantiques. Lundi, de 20h \u00e0 21h30 : Prochaine session en octobre 2026Foyer de l'Ermitage, Rue Charles-Knapp","robots":{"index":"index","follow":"follow","max-snippet":"max-snippet:-1","max-image-preview":"max-image-preview:large","max-video-preview":"max-video-preview:-1"},"canonical":"https:\/\/www.eren.ch\/neuchatel\/spiritualite\/etudier-la-bible\/","og_locale":"fr_FR","og_type":"article","og_title":"\u00c9tudier la Bible","og_description":"Parcours biblique dans le livre du Cantique des cantiques. Lundi, de 20h \u00e0 21h30 : Prochaine session en octobre 2026Foyer de l'Ermitage, Rue Charles-Knapp","og_url":"https:\/\/www.eren.ch\/neuchatel\/spiritualite\/etudier-la-bible\/","og_site_name":"Paroisse de Neuch\u00e2tel","article_publisher":"https:\/\/www.facebook.com\/eglise.EREN","article_modified_time":"2026-05-11T19:43:50+00:00","og_image":[{"width":1920,"height":1272,"url":"https:\/\/www.eren.ch\/neuchatel\/wp-content\/uploads\/sites\/3\/2026\/03\/Bible_Banc.jpg","type":"image\/jpeg"}],"twitter_card":"summary_large_image","twitter_site":"@egliseeren","twitter_misc":{"Dur\u00e9e de lecture estim\u00e9e":"1 minute"},"schema":{"@context":"https:\/\/schema.org","@graph":[{"@type":"WebPage","@id":"https:\/\/www.eren.ch\/neuchatel\/spiritualite\/etudier-la-bible\/","url":"https:\/\/www.eren.ch\/neuchatel\/spiritualite\/etudier-la-bible\/","name":"\u00c9tudier la Bible - Paroisse de Neuch\u00e2tel","isPartOf":{"@id":"https:\/\/www.eren.ch\/neuchatel\/#website"},"primaryImageOfPage":{"@id":"https:\/\/www.eren.ch\/neuchatel\/spiritualite\/etudier-la-bible\/#primaryimage"},"image":{"@id":"https:\/\/www.eren.ch\/neuchatel\/spiritualite\/etudier-la-bible\/#primaryimage"},"thumbnailUrl":"https:\/\/www.eren.ch\/neuchatel\/wp-content\/uploads\/sites\/3\/2026\/03\/Bible_Banc-1024x678.jpg","datePublished":"2024-10-21T13:14:28+00:00","dateModified":"2026-05-11T19:43:50+00:00","description":"Parcours biblique dans le livre du Cantique des cantiques. Lundi, de 20h \u00e0 21h30 : Prochaine session en octobre 2026Foyer de l'Ermitage, Rue Charles-Knapp","breadcrumb":{"@id":"https:\/\/www.eren.ch\/neuchatel\/spiritualite\/etudier-la-bible\/#breadcrumb"},"inLanguage":"fr-FR","potentialAction":[{"@type":"ReadAction","target":["https:\/\/www.eren.ch\/neuchatel\/spiritualite\/etudier-la-bible\/"]}]},{"@type":"ImageObject","inLanguage":"fr-FR","@id":"https:\/\/www.eren.ch\/neuchatel\/spiritualite\/etudier-la-bible\/#primaryimage","url":"https:\/\/www.eren.ch\/neuchatel\/wp-content\/uploads\/sites\/3\/2026\/03\/Bible_Banc.jpg","contentUrl":"https:\/\/www.eren.ch\/neuchatel\/wp-content\/uploads\/sites\/3\/2026\/03\/Bible_Banc.jpg","width":1920,"height":1272},{"@type":"BreadcrumbList","@id":"https:\/\/www.eren.ch\/neuchatel\/spiritualite\/etudier-la-bible\/#breadcrumb","itemListElement":[{"@type":"ListItem","position":1,"name":"Accueil","item":"https:\/\/www.eren.ch\/neuchatel\/"},{"@type":"ListItem","position":2,"name":"Spiritualit\u00e9","item":"https:\/\/www.eren.ch\/neuchatel\/spiritualite\/"},{"@type":"ListItem","position":3,"name":"\u00c9tudier la Bible"}]},{"@type":"WebSite","@id":"https:\/\/www.eren.ch\/neuchatel\/#website","url":"https:\/\/www.eren.ch\/neuchatel\/","name":"Paroisse de Neuch\u00e2tel","description":"La pr\u00e9sence protestante reconnue en ville de Neuch\u00e2tel","publisher":{"@id":"https:\/\/www.eren.ch\/neuchatel\/#organization"},"potentialAction":[{"@type":"SearchAction","target":{"@type":"EntryPoint","urlTemplate":"https:\/\/www.eren.ch\/neuchatel\/?s={search_term_string}"},"query-input":{"@type":"PropertyValueSpecification","valueRequired":true,"valueName":"search_term_string"}}],"inLanguage":"fr-FR"},{"@type":"Organization","@id":"https:\/\/www.eren.ch\/neuchatel\/#organization","name":"Paroisse de Neuch\u00e2tel","url":"https:\/\/www.eren.ch\/neuchatel\/","logo":{"@type":"ImageObject","inLanguage":"fr-FR","@id":"https:\/\/www.eren.ch\/neuchatel\/#\/schema\/logo\/image\/","url":"https:\/\/www.eren.ch\/neuchatel\/wp-content\/uploads\/sites\/3\/2020\/12\/logo-neuchatel.png","contentUrl":"https:\/\/www.eren.ch\/neuchatel\/wp-content\/uploads\/sites\/3\/2020\/12\/logo-neuchatel.png","width":240,"height":117,"caption":"Paroisse de Neuch\u00e2tel"},"image":{"@id":"https:\/\/www.eren.ch\/neuchatel\/#\/schema\/logo\/image\/"},"sameAs":["https:\/\/www.facebook.com\/eglise.EREN","https:\/\/x.com\/egliseeren","https:\/\/fr.wikipedia.org\/wiki\/glise_rforme_vanglique_du_canton_de_Neuchtel"]}]}},"_links":{"self":[{"href":"https:\/\/www.eren.ch\/neuchatel\/wp-json\/wp\/v2\/pages\/6964","targetHints":{"allow":["GET"]}}],"collection":[{"href":"https:\/\/www.eren.ch\/neuchatel\/wp-json\/wp\/v2\/pages"}],"about":[{"href":"https:\/\/www.eren.ch\/neuchatel\/wp-json\/wp\/v2\/types\/page"}],"author":[{"embeddable":true,"href":"https:\/\/www.eren.ch\/neuchatel\/wp-json\/wp\/v2\/users\/1"}],"replies":[{"embeddable":true,"href":"https:\/\/www.eren.ch\/neuchatel\/wp-json\/wp\/v2\/comments?post=6964"}],"version-history":[{"count":12,"href":"https:\/\/www.eren.ch\/neuchatel\/wp-json\/wp\/v2\/pages\/6964\/revisions"}],"predecessor-version":[{"id":8143,"href":"https:\/\/www.eren.ch\/neuchatel\/wp-json\/wp\/v2\/pages\/6964\/revisions\/8143"}],"up":[{"embeddable":true,"href":"https:\/\/www.eren.ch\/neuchatel\/wp-json\/wp\/v2\/pages\/22"}],"wp:attachment":[{"href":"https:\/\/www.eren.ch\/neuchatel\/wp-json\/wp\/v2\/media?parent=6964"}],"curies":[{"name":"wp","href":"https:\/\/api.w.org\/{rel}","templated":true}]}}