{"id":7032,"date":"2024-11-20T08:14:16","date_gmt":"2024-11-20T07:14:16","guid":{"rendered":"https:\/\/www.eren.ch\/neuchatel\/?page_id=7032"},"modified":"2026-04-19T08:38:31","modified_gmt":"2026-04-19T06:38:31","slug":"chemin-de-creche","status":"publish","type":"page","link":"https:\/\/www.eren.ch\/neuchatel\/cultes\/chemin-de-creche\/","title":{"rendered":"Chemin de Cr\u00e8che"},"content":{"rendered":"\n<p>Le chemin de cr\u00e8che est un parcours paroissial p\u00e9destre anim\u00e9. Il vous conduira \u00e0 la Roche de l\u2019Ermitage pour une veill\u00e9e en musique et en chants de louange au c\u0153ur de la for\u00eat.<\/p>\n\n\n\n<p><strong>Plus d&rsquo;informations vous seront communiqu\u00e9es en d\u00e9cembre.<\/strong><\/p>\n","protected":false},"excerpt":{"rendered":"<p>Le chemin de cr\u00e8che est un parcours paroissial p\u00e9destre anim\u00e9. Il vous conduira \u00e0 la Roche de l\u2019Ermitage pour une veill\u00e9e en musique et en chants de louange au c\u0153ur de la for\u00eat. Plus d&rsquo;informations vous seront communiqu\u00e9es en d\u00e9cembre.<\/p>\n","protected":false},"author":1,"featured_media":7938,"parent":307,"menu_order":0,"comment_status":"closed","ping_status":"closed","template":"","meta":{"footnotes":""},"class_list":["post-7032","page","type-page","status-publish","has-post-thumbnail","hentry"],"yoast_head":"<!-- This site is optimized with the Yoast SEO Premium plugin v27.6 (Yoast SEO v27.6) - https:\/\/yoast.com\/product\/yoast-seo-premium-wordpress\/ -->\n<title>Chemin de Cr\u00e8che - Paroisse de Neuch\u00e2tel<\/title>\n<meta name=\"description\" content=\"Le chemin de cr\u00e8che est un parcours paroissial p\u00e9destre anim\u00e9. Il vous conduira \u00e0 la Roche de l\u2019Ermitage pour une veill\u00e9e en musique et en chants de\" \/>\n<meta name=\"robots\" content=\"index, follow, max-snippet:-1, max-image-preview:large, max-video-preview:-1\" \/>\n<link rel=\"canonical\" href=\"https:\/\/www.eren.ch\/neuchatel\/cultes\/chemin-de-creche\/\" \/>\n<meta property=\"og:locale\" content=\"fr_FR\" \/>\n<meta property=\"og:type\" content=\"article\" \/>\n<meta property=\"og:title\" content=\"Chemin de Cr\u00e8che\" \/>\n<meta property=\"og:description\" content=\"Le chemin de cr\u00e8che est un parcours paroissial p\u00e9destre anim\u00e9. Il vous conduira \u00e0 la Roche de l\u2019Ermitage pour une veill\u00e9e en musique et en chants de\" \/>\n<meta property=\"og:url\" content=\"https:\/\/www.eren.ch\/neuchatel\/cultes\/chemin-de-creche\/\" \/>\n<meta property=\"og:site_name\" content=\"Paroisse de Neuch\u00e2tel\" \/>\n<meta property=\"article:publisher\" content=\"https:\/\/www.facebook.com\/eglise.EREN\" \/>\n<meta property=\"article:modified_time\" content=\"2026-04-19T06:38:31+00:00\" \/>\n<meta property=\"og:image\" content=\"https:\/\/www.eren.ch\/neuchatel\/wp-content\/uploads\/sites\/3\/2026\/04\/Rois-mages.1.png\" \/>\n\t<meta property=\"og:image:width\" content=\"1920\" \/>\n\t<meta property=\"og:image:height\" content=\"960\" \/>\n\t<meta property=\"og:image:type\" content=\"image\/png\" \/>\n<meta name=\"twitter:card\" content=\"summary_large_image\" \/>\n<meta name=\"twitter:site\" content=\"@egliseeren\" \/>\n<meta name=\"twitter:label1\" content=\"Dur\u00e9e de lecture estim\u00e9e\" \/>\n\t<meta name=\"twitter:data1\" content=\"1 minute\" \/>\n<script type=\"application\/ld+json\" class=\"yoast-schema-graph\">{\"@context\":\"https:\\\/\\\/schema.org\",\"@graph\":[{\"@type\":\"WebPage\",\"@id\":\"https:\\\/\\\/www.eren.ch\\\/neuchatel\\\/cultes\\\/chemin-de-creche\\\/\",\"url\":\"https:\\\/\\\/www.eren.ch\\\/neuchatel\\\/cultes\\\/chemin-de-creche\\\/\",\"name\":\"Chemin de Cr\u00e8che - Paroisse de Neuch\u00e2tel\",\"isPartOf\":{\"@id\":\"https:\\\/\\\/www.eren.ch\\\/neuchatel\\\/#website\"},\"primaryImageOfPage\":{\"@id\":\"https:\\\/\\\/www.eren.ch\\\/neuchatel\\\/cultes\\\/chemin-de-creche\\\/#primaryimage\"},\"image\":{\"@id\":\"https:\\\/\\\/www.eren.ch\\\/neuchatel\\\/cultes\\\/chemin-de-creche\\\/#primaryimage\"},\"thumbnailUrl\":\"https:\\\/\\\/www.eren.ch\\\/neuchatel\\\/wp-content\\\/uploads\\\/sites\\\/3\\\/2026\\\/04\\\/Rois-mages.1.png\",\"datePublished\":\"2024-11-20T07:14:16+00:00\",\"dateModified\":\"2026-04-19T06:38:31+00:00\",\"description\":\"Le chemin de cr\u00e8che est un parcours paroissial p\u00e9destre anim\u00e9. Il vous conduira \u00e0 la Roche de l\u2019Ermitage pour une veill\u00e9e en musique et en chants de\",\"breadcrumb\":{\"@id\":\"https:\\\/\\\/www.eren.ch\\\/neuchatel\\\/cultes\\\/chemin-de-creche\\\/#breadcrumb\"},\"inLanguage\":\"fr-FR\",\"potentialAction\":[{\"@type\":\"ReadAction\",\"target\":[\"https:\\\/\\\/www.eren.ch\\\/neuchatel\\\/cultes\\\/chemin-de-creche\\\/\"]}]},{\"@type\":\"ImageObject\",\"inLanguage\":\"fr-FR\",\"@id\":\"https:\\\/\\\/www.eren.ch\\\/neuchatel\\\/cultes\\\/chemin-de-creche\\\/#primaryimage\",\"url\":\"https:\\\/\\\/www.eren.ch\\\/neuchatel\\\/wp-content\\\/uploads\\\/sites\\\/3\\\/2026\\\/04\\\/Rois-mages.1.png\",\"contentUrl\":\"https:\\\/\\\/www.eren.ch\\\/neuchatel\\\/wp-content\\\/uploads\\\/sites\\\/3\\\/2026\\\/04\\\/Rois-mages.1.png\",\"width\":1920,\"height\":960},{\"@type\":\"BreadcrumbList\",\"@id\":\"https:\\\/\\\/www.eren.ch\\\/neuchatel\\\/cultes\\\/chemin-de-creche\\\/#breadcrumb\",\"itemListElement\":[{\"@type\":\"ListItem\",\"position\":1,\"name\":\"Accueil\",\"item\":\"https:\\\/\\\/www.eren.ch\\\/neuchatel\\\/\"},{\"@type\":\"ListItem\",\"position\":2,\"name\":\"Cultes\",\"item\":\"https:\\\/\\\/www.eren.ch\\\/neuchatel\\\/cultes\\\/\"},{\"@type\":\"ListItem\",\"position\":3,\"name\":\"Chemin de Cr\u00e8che\"}]},{\"@type\":\"WebSite\",\"@id\":\"https:\\\/\\\/www.eren.ch\\\/neuchatel\\\/#website\",\"url\":\"https:\\\/\\\/www.eren.ch\\\/neuchatel\\\/\",\"name\":\"Paroisse de Neuch\u00e2tel\",\"description\":\"La pr\u00e9sence protestante reconnue en ville de Neuch\u00e2tel\",\"publisher\":{\"@id\":\"https:\\\/\\\/www.eren.ch\\\/neuchatel\\\/#organization\"},\"potentialAction\":[{\"@type\":\"SearchAction\",\"target\":{\"@type\":\"EntryPoint\",\"urlTemplate\":\"https:\\\/\\\/www.eren.ch\\\/neuchatel\\\/?s={search_term_string}\"},\"query-input\":{\"@type\":\"PropertyValueSpecification\",\"valueRequired\":true,\"valueName\":\"search_term_string\"}}],\"inLanguage\":\"fr-FR\"},{\"@type\":\"Organization\",\"@id\":\"https:\\\/\\\/www.eren.ch\\\/neuchatel\\\/#organization\",\"name\":\"Paroisse de Neuch\u00e2tel\",\"url\":\"https:\\\/\\\/www.eren.ch\\\/neuchatel\\\/\",\"logo\":{\"@type\":\"ImageObject\",\"inLanguage\":\"fr-FR\",\"@id\":\"https:\\\/\\\/www.eren.ch\\\/neuchatel\\\/#\\\/schema\\\/logo\\\/image\\\/\",\"url\":\"https:\\\/\\\/www.eren.ch\\\/neuchatel\\\/wp-content\\\/uploads\\\/sites\\\/3\\\/2020\\\/12\\\/logo-neuchatel.png\",\"contentUrl\":\"https:\\\/\\\/www.eren.ch\\\/neuchatel\\\/wp-content\\\/uploads\\\/sites\\\/3\\\/2020\\\/12\\\/logo-neuchatel.png\",\"width\":240,\"height\":117,\"caption\":\"Paroisse de Neuch\u00e2tel\"},\"image\":{\"@id\":\"https:\\\/\\\/www.eren.ch\\\/neuchatel\\\/#\\\/schema\\\/logo\\\/image\\\/\"},\"sameAs\":[\"https:\\\/\\\/www.facebook.com\\\/eglise.EREN\",\"https:\\\/\\\/x.com\\\/egliseeren\",\"https:\\\/\\\/fr.wikipedia.org\\\/wiki\\\/glise_rforme_vanglique_du_canton_de_Neuchtel\"]}]}<\/script>\n<!-- \/ Yoast SEO Premium plugin. -->","yoast_head_json":{"title":"Chemin de Cr\u00e8che - Paroisse de Neuch\u00e2tel","description":"Le chemin de cr\u00e8che est un parcours paroissial p\u00e9destre anim\u00e9. Il vous conduira \u00e0 la Roche de l\u2019Ermitage pour une veill\u00e9e en musique et en chants de","robots":{"index":"index","follow":"follow","max-snippet":"max-snippet:-1","max-image-preview":"max-image-preview:large","max-video-preview":"max-video-preview:-1"},"canonical":"https:\/\/www.eren.ch\/neuchatel\/cultes\/chemin-de-creche\/","og_locale":"fr_FR","og_type":"article","og_title":"Chemin de Cr\u00e8che","og_description":"Le chemin de cr\u00e8che est un parcours paroissial p\u00e9destre anim\u00e9. Il vous conduira \u00e0 la Roche de l\u2019Ermitage pour une veill\u00e9e en musique et en chants de","og_url":"https:\/\/www.eren.ch\/neuchatel\/cultes\/chemin-de-creche\/","og_site_name":"Paroisse de Neuch\u00e2tel","article_publisher":"https:\/\/www.facebook.com\/eglise.EREN","article_modified_time":"2026-04-19T06:38:31+00:00","og_image":[{"width":1920,"height":960,"url":"https:\/\/www.eren.ch\/neuchatel\/wp-content\/uploads\/sites\/3\/2026\/04\/Rois-mages.1.png","type":"image\/png"}],"twitter_card":"summary_large_image","twitter_site":"@egliseeren","twitter_misc":{"Dur\u00e9e de lecture estim\u00e9e":"1 minute"},"schema":{"@context":"https:\/\/schema.org","@graph":[{"@type":"WebPage","@id":"https:\/\/www.eren.ch\/neuchatel\/cultes\/chemin-de-creche\/","url":"https:\/\/www.eren.ch\/neuchatel\/cultes\/chemin-de-creche\/","name":"Chemin de Cr\u00e8che - Paroisse de Neuch\u00e2tel","isPartOf":{"@id":"https:\/\/www.eren.ch\/neuchatel\/#website"},"primaryImageOfPage":{"@id":"https:\/\/www.eren.ch\/neuchatel\/cultes\/chemin-de-creche\/#primaryimage"},"image":{"@id":"https:\/\/www.eren.ch\/neuchatel\/cultes\/chemin-de-creche\/#primaryimage"},"thumbnailUrl":"https:\/\/www.eren.ch\/neuchatel\/wp-content\/uploads\/sites\/3\/2026\/04\/Rois-mages.1.png","datePublished":"2024-11-20T07:14:16+00:00","dateModified":"2026-04-19T06:38:31+00:00","description":"Le chemin de cr\u00e8che est un parcours paroissial p\u00e9destre anim\u00e9. Il vous conduira \u00e0 la Roche de l\u2019Ermitage pour une veill\u00e9e en musique et en chants de","breadcrumb":{"@id":"https:\/\/www.eren.ch\/neuchatel\/cultes\/chemin-de-creche\/#breadcrumb"},"inLanguage":"fr-FR","potentialAction":[{"@type":"ReadAction","target":["https:\/\/www.eren.ch\/neuchatel\/cultes\/chemin-de-creche\/"]}]},{"@type":"ImageObject","inLanguage":"fr-FR","@id":"https:\/\/www.eren.ch\/neuchatel\/cultes\/chemin-de-creche\/#primaryimage","url":"https:\/\/www.eren.ch\/neuchatel\/wp-content\/uploads\/sites\/3\/2026\/04\/Rois-mages.1.png","contentUrl":"https:\/\/www.eren.ch\/neuchatel\/wp-content\/uploads\/sites\/3\/2026\/04\/Rois-mages.1.png","width":1920,"height":960},{"@type":"BreadcrumbList","@id":"https:\/\/www.eren.ch\/neuchatel\/cultes\/chemin-de-creche\/#breadcrumb","itemListElement":[{"@type":"ListItem","position":1,"name":"Accueil","item":"https:\/\/www.eren.ch\/neuchatel\/"},{"@type":"ListItem","position":2,"name":"Cultes","item":"https:\/\/www.eren.ch\/neuchatel\/cultes\/"},{"@type":"ListItem","position":3,"name":"Chemin de Cr\u00e8che"}]},{"@type":"WebSite","@id":"https:\/\/www.eren.ch\/neuchatel\/#website","url":"https:\/\/www.eren.ch\/neuchatel\/","name":"Paroisse de Neuch\u00e2tel","description":"La pr\u00e9sence protestante reconnue en ville de Neuch\u00e2tel","publisher":{"@id":"https:\/\/www.eren.ch\/neuchatel\/#organization"},"potentialAction":[{"@type":"SearchAction","target":{"@type":"EntryPoint","urlTemplate":"https:\/\/www.eren.ch\/neuchatel\/?s={search_term_string}"},"query-input":{"@type":"PropertyValueSpecification","valueRequired":true,"valueName":"search_term_string"}}],"inLanguage":"fr-FR"},{"@type":"Organization","@id":"https:\/\/www.eren.ch\/neuchatel\/#organization","name":"Paroisse de Neuch\u00e2tel","url":"https:\/\/www.eren.ch\/neuchatel\/","logo":{"@type":"ImageObject","inLanguage":"fr-FR","@id":"https:\/\/www.eren.ch\/neuchatel\/#\/schema\/logo\/image\/","url":"https:\/\/www.eren.ch\/neuchatel\/wp-content\/uploads\/sites\/3\/2020\/12\/logo-neuchatel.png","contentUrl":"https:\/\/www.eren.ch\/neuchatel\/wp-content\/uploads\/sites\/3\/2020\/12\/logo-neuchatel.png","width":240,"height":117,"caption":"Paroisse de Neuch\u00e2tel"},"image":{"@id":"https:\/\/www.eren.ch\/neuchatel\/#\/schema\/logo\/image\/"},"sameAs":["https:\/\/www.facebook.com\/eglise.EREN","https:\/\/x.com\/egliseeren","https:\/\/fr.wikipedia.org\/wiki\/glise_rforme_vanglique_du_canton_de_Neuchtel"]}]}},"_links":{"self":[{"href":"https:\/\/www.eren.ch\/neuchatel\/wp-json\/wp\/v2\/pages\/7032","targetHints":{"allow":["GET"]}}],"collection":[{"href":"https:\/\/www.eren.ch\/neuchatel\/wp-json\/wp\/v2\/pages"}],"about":[{"href":"https:\/\/www.eren.ch\/neuchatel\/wp-json\/wp\/v2\/types\/page"}],"author":[{"embeddable":true,"href":"https:\/\/www.eren.ch\/neuchatel\/wp-json\/wp\/v2\/users\/1"}],"replies":[{"embeddable":true,"href":"https:\/\/www.eren.ch\/neuchatel\/wp-json\/wp\/v2\/comments?post=7032"}],"version-history":[{"count":6,"href":"https:\/\/www.eren.ch\/neuchatel\/wp-json\/wp\/v2\/pages\/7032\/revisions"}],"predecessor-version":[{"id":7937,"href":"https:\/\/www.eren.ch\/neuchatel\/wp-json\/wp\/v2\/pages\/7032\/revisions\/7937"}],"up":[{"embeddable":true,"href":"https:\/\/www.eren.ch\/neuchatel\/wp-json\/wp\/v2\/pages\/307"}],"wp:featuredmedia":[{"embeddable":true,"href":"https:\/\/www.eren.ch\/neuchatel\/wp-json\/wp\/v2\/media\/7938"}],"wp:attachment":[{"href":"https:\/\/www.eren.ch\/neuchatel\/wp-json\/wp\/v2\/media?parent=7032"}],"curies":[{"name":"wp","href":"https:\/\/api.w.org\/{rel}","templated":true}]}}