{"id":7180,"date":"2025-03-19T10:58:56","date_gmt":"2025-03-19T09:58:56","guid":{"rendered":"https:\/\/www.eren.ch\/neuchatel\/?page_id=7180"},"modified":"2025-03-19T11:06:21","modified_gmt":"2025-03-19T10:06:21","slug":"vente-soupe-careme","status":"publish","type":"page","link":"https:\/\/www.eren.ch\/neuchatel\/solidarite\/vente-soupe-careme\/","title":{"rendered":"Vente de soupe de Car\u00eame"},"content":{"rendered":"\n<p>Comme l\u2019an pass\u00e9, en lieu et place des traditionnelles soupes de car\u00eame, le groupe \u0153cum\u00e9nique de Serri\u00e8res vous propose d\u2019acheter des sachets de soupes accompagn\u00e9s de recettes, \u00e0 la sortie des cultes.&nbsp;<\/p>\n\n\n\n<p>L\u2019argent r\u00e9colt\u00e9 sera vers\u00e9 pour les projets soutenus par la campagne de car\u00eame.<br><br>Choix de soupes: tomates, orge, petites lettres, champignons<br><br>Prix: \u00e0 votre bon coeur<\/p>\n\n\n\n<p>Contact: Ysabelle de SALIS, 079 551 93 31,&nbsp;<a href=\"mailto:ysabelle.desalis@eren.ch\">ysabelle.desalis@eren.ch<\/a><\/p>\n","protected":false},"excerpt":{"rendered":"<p>Comme l\u2019an pass\u00e9, en lieu et place des traditionnelles soupes de car\u00eame, le groupe \u0153cum\u00e9nique de Serri\u00e8res vous propose d\u2019acheter des sachets de soupes accompagn\u00e9s de recettes, \u00e0 la sortie des cultes.&nbsp; L\u2019argent r\u00e9colt\u00e9 sera vers\u00e9 pour les projets soutenus par la campagne de car\u00eame. Choix de soupes: tomates, orge, petites lettres, champignons Prix: \u00e0 &hellip; <a href=\"https:\/\/www.eren.ch\/neuchatel\/solidarite\/vente-soupe-careme\/\" class=\"more-link\">Continuer la lecture<span class=\"screen-reader-text\"> de &laquo;&nbsp;Vente de soupe de Car\u00eame&nbsp;&raquo;<\/span><\/a><\/p>\n","protected":false},"author":31,"featured_media":7184,"parent":867,"menu_order":0,"comment_status":"closed","ping_status":"closed","template":"","meta":{"footnotes":""},"class_list":["post-7180","page","type-page","status-publish","has-post-thumbnail","hentry"],"yoast_head":"<!-- This site is optimized with the Yoast SEO Premium plugin v27.4 (Yoast SEO v27.4) - https:\/\/yoast.com\/product\/yoast-seo-premium-wordpress\/ -->\n<title>Vente de soupe de Car\u00eame - Paroisse de Neuch\u00e2tel<\/title>\n<meta name=\"description\" content=\"Comme l\u2019an pass\u00e9, en lieu et place des traditionnelles soupes de car\u00eame, le groupe \u0153cum\u00e9nique de Serri\u00e8res vous propose d\u2019acheter des sachets de soupes\" \/>\n<meta name=\"robots\" content=\"index, follow, max-snippet:-1, max-image-preview:large, max-video-preview:-1\" \/>\n<link rel=\"canonical\" href=\"https:\/\/www.eren.ch\/neuchatel\/solidarite\/vente-soupe-careme\/\" \/>\n<meta property=\"og:locale\" content=\"fr_FR\" \/>\n<meta property=\"og:type\" content=\"article\" \/>\n<meta property=\"og:title\" content=\"Vente de soupe de Car\u00eame\" \/>\n<meta property=\"og:description\" content=\"Comme l\u2019an pass\u00e9, en lieu et place des traditionnelles soupes de car\u00eame, le groupe \u0153cum\u00e9nique de Serri\u00e8res vous propose d\u2019acheter des sachets de soupes\" \/>\n<meta property=\"og:url\" content=\"https:\/\/www.eren.ch\/neuchatel\/solidarite\/vente-soupe-careme\/\" \/>\n<meta property=\"og:site_name\" content=\"Paroisse de Neuch\u00e2tel\" \/>\n<meta property=\"article:publisher\" content=\"https:\/\/www.facebook.com\/eglise.EREN\" \/>\n<meta property=\"article:modified_time\" content=\"2025-03-19T10:06:21+00:00\" \/>\n<meta property=\"og:image\" content=\"https:\/\/www.eren.ch\/neuchatel\/wp-content\/uploads\/sites\/3\/2025\/03\/vegetable-6322023_1920.jpg\" \/>\n\t<meta property=\"og:image:width\" content=\"1920\" \/>\n\t<meta property=\"og:image:height\" content=\"1280\" \/>\n\t<meta property=\"og:image:type\" content=\"image\/jpeg\" \/>\n<meta name=\"twitter:card\" content=\"summary_large_image\" \/>\n<meta name=\"twitter:site\" content=\"@egliseeren\" \/>\n<meta name=\"twitter:label1\" content=\"Dur\u00e9e de lecture estim\u00e9e\" \/>\n\t<meta name=\"twitter:data1\" content=\"1 minute\" \/>\n<script type=\"application\/ld+json\" class=\"yoast-schema-graph\">{\"@context\":\"https:\\\/\\\/schema.org\",\"@graph\":[{\"@type\":\"WebPage\",\"@id\":\"https:\\\/\\\/www.eren.ch\\\/neuchatel\\\/solidarite\\\/vente-soupe-careme\\\/\",\"url\":\"https:\\\/\\\/www.eren.ch\\\/neuchatel\\\/solidarite\\\/vente-soupe-careme\\\/\",\"name\":\"Vente de soupe de Car\u00eame - Paroisse de Neuch\u00e2tel\",\"isPartOf\":{\"@id\":\"https:\\\/\\\/www.eren.ch\\\/neuchatel\\\/#website\"},\"primaryImageOfPage\":{\"@id\":\"https:\\\/\\\/www.eren.ch\\\/neuchatel\\\/solidarite\\\/vente-soupe-careme\\\/#primaryimage\"},\"image\":{\"@id\":\"https:\\\/\\\/www.eren.ch\\\/neuchatel\\\/solidarite\\\/vente-soupe-careme\\\/#primaryimage\"},\"thumbnailUrl\":\"https:\\\/\\\/www.eren.ch\\\/neuchatel\\\/wp-content\\\/uploads\\\/sites\\\/3\\\/2025\\\/03\\\/vegetable-6322023_1920.jpg\",\"datePublished\":\"2025-03-19T09:58:56+00:00\",\"dateModified\":\"2025-03-19T10:06:21+00:00\",\"description\":\"Comme l\u2019an pass\u00e9, en lieu et place des traditionnelles soupes de car\u00eame, le groupe \u0153cum\u00e9nique de Serri\u00e8res vous propose d\u2019acheter des sachets de soupes\",\"breadcrumb\":{\"@id\":\"https:\\\/\\\/www.eren.ch\\\/neuchatel\\\/solidarite\\\/vente-soupe-careme\\\/#breadcrumb\"},\"inLanguage\":\"fr-FR\",\"potentialAction\":[{\"@type\":\"ReadAction\",\"target\":[\"https:\\\/\\\/www.eren.ch\\\/neuchatel\\\/solidarite\\\/vente-soupe-careme\\\/\"]}]},{\"@type\":\"ImageObject\",\"inLanguage\":\"fr-FR\",\"@id\":\"https:\\\/\\\/www.eren.ch\\\/neuchatel\\\/solidarite\\\/vente-soupe-careme\\\/#primaryimage\",\"url\":\"https:\\\/\\\/www.eren.ch\\\/neuchatel\\\/wp-content\\\/uploads\\\/sites\\\/3\\\/2025\\\/03\\\/vegetable-6322023_1920.jpg\",\"contentUrl\":\"https:\\\/\\\/www.eren.ch\\\/neuchatel\\\/wp-content\\\/uploads\\\/sites\\\/3\\\/2025\\\/03\\\/vegetable-6322023_1920.jpg\",\"width\":1920,\"height\":1280},{\"@type\":\"BreadcrumbList\",\"@id\":\"https:\\\/\\\/www.eren.ch\\\/neuchatel\\\/solidarite\\\/vente-soupe-careme\\\/#breadcrumb\",\"itemListElement\":[{\"@type\":\"ListItem\",\"position\":1,\"name\":\"Accueil\",\"item\":\"https:\\\/\\\/www.eren.ch\\\/neuchatel\\\/\"},{\"@type\":\"ListItem\",\"position\":2,\"name\":\"Solidarit\u00e9\",\"item\":\"https:\\\/\\\/www.eren.ch\\\/neuchatel\\\/solidarite\\\/\"},{\"@type\":\"ListItem\",\"position\":3,\"name\":\"Vente de soupe de Car\u00eame\"}]},{\"@type\":\"WebSite\",\"@id\":\"https:\\\/\\\/www.eren.ch\\\/neuchatel\\\/#website\",\"url\":\"https:\\\/\\\/www.eren.ch\\\/neuchatel\\\/\",\"name\":\"Paroisse de Neuch\u00e2tel\",\"description\":\"La pr\u00e9sence protestante reconnue en ville de Neuch\u00e2tel\",\"publisher\":{\"@id\":\"https:\\\/\\\/www.eren.ch\\\/neuchatel\\\/#organization\"},\"potentialAction\":[{\"@type\":\"SearchAction\",\"target\":{\"@type\":\"EntryPoint\",\"urlTemplate\":\"https:\\\/\\\/www.eren.ch\\\/neuchatel\\\/?s={search_term_string}\"},\"query-input\":{\"@type\":\"PropertyValueSpecification\",\"valueRequired\":true,\"valueName\":\"search_term_string\"}}],\"inLanguage\":\"fr-FR\"},{\"@type\":\"Organization\",\"@id\":\"https:\\\/\\\/www.eren.ch\\\/neuchatel\\\/#organization\",\"name\":\"Paroisse de Neuch\u00e2tel\",\"url\":\"https:\\\/\\\/www.eren.ch\\\/neuchatel\\\/\",\"logo\":{\"@type\":\"ImageObject\",\"inLanguage\":\"fr-FR\",\"@id\":\"https:\\\/\\\/www.eren.ch\\\/neuchatel\\\/#\\\/schema\\\/logo\\\/image\\\/\",\"url\":\"https:\\\/\\\/www.eren.ch\\\/neuchatel\\\/wp-content\\\/uploads\\\/sites\\\/3\\\/2020\\\/12\\\/logo-neuchatel.png\",\"contentUrl\":\"https:\\\/\\\/www.eren.ch\\\/neuchatel\\\/wp-content\\\/uploads\\\/sites\\\/3\\\/2020\\\/12\\\/logo-neuchatel.png\",\"width\":240,\"height\":117,\"caption\":\"Paroisse de Neuch\u00e2tel\"},\"image\":{\"@id\":\"https:\\\/\\\/www.eren.ch\\\/neuchatel\\\/#\\\/schema\\\/logo\\\/image\\\/\"},\"sameAs\":[\"https:\\\/\\\/www.facebook.com\\\/eglise.EREN\",\"https:\\\/\\\/x.com\\\/egliseeren\",\"https:\\\/\\\/fr.wikipedia.org\\\/wiki\\\/glise_rforme_vanglique_du_canton_de_Neuchtel\"]}]}<\/script>\n<!-- \/ Yoast SEO Premium plugin. -->","yoast_head_json":{"title":"Vente de soupe de Car\u00eame - Paroisse de Neuch\u00e2tel","description":"Comme l\u2019an pass\u00e9, en lieu et place des traditionnelles soupes de car\u00eame, le groupe \u0153cum\u00e9nique de Serri\u00e8res vous propose d\u2019acheter des sachets de soupes","robots":{"index":"index","follow":"follow","max-snippet":"max-snippet:-1","max-image-preview":"max-image-preview:large","max-video-preview":"max-video-preview:-1"},"canonical":"https:\/\/www.eren.ch\/neuchatel\/solidarite\/vente-soupe-careme\/","og_locale":"fr_FR","og_type":"article","og_title":"Vente de soupe de Car\u00eame","og_description":"Comme l\u2019an pass\u00e9, en lieu et place des traditionnelles soupes de car\u00eame, le groupe \u0153cum\u00e9nique de Serri\u00e8res vous propose d\u2019acheter des sachets de soupes","og_url":"https:\/\/www.eren.ch\/neuchatel\/solidarite\/vente-soupe-careme\/","og_site_name":"Paroisse de Neuch\u00e2tel","article_publisher":"https:\/\/www.facebook.com\/eglise.EREN","article_modified_time":"2025-03-19T10:06:21+00:00","og_image":[{"width":1920,"height":1280,"url":"https:\/\/www.eren.ch\/neuchatel\/wp-content\/uploads\/sites\/3\/2025\/03\/vegetable-6322023_1920.jpg","type":"image\/jpeg"}],"twitter_card":"summary_large_image","twitter_site":"@egliseeren","twitter_misc":{"Dur\u00e9e de lecture estim\u00e9e":"1 minute"},"schema":{"@context":"https:\/\/schema.org","@graph":[{"@type":"WebPage","@id":"https:\/\/www.eren.ch\/neuchatel\/solidarite\/vente-soupe-careme\/","url":"https:\/\/www.eren.ch\/neuchatel\/solidarite\/vente-soupe-careme\/","name":"Vente de soupe de Car\u00eame - Paroisse de Neuch\u00e2tel","isPartOf":{"@id":"https:\/\/www.eren.ch\/neuchatel\/#website"},"primaryImageOfPage":{"@id":"https:\/\/www.eren.ch\/neuchatel\/solidarite\/vente-soupe-careme\/#primaryimage"},"image":{"@id":"https:\/\/www.eren.ch\/neuchatel\/solidarite\/vente-soupe-careme\/#primaryimage"},"thumbnailUrl":"https:\/\/www.eren.ch\/neuchatel\/wp-content\/uploads\/sites\/3\/2025\/03\/vegetable-6322023_1920.jpg","datePublished":"2025-03-19T09:58:56+00:00","dateModified":"2025-03-19T10:06:21+00:00","description":"Comme l\u2019an pass\u00e9, en lieu et place des traditionnelles soupes de car\u00eame, le groupe \u0153cum\u00e9nique de Serri\u00e8res vous propose d\u2019acheter des sachets de soupes","breadcrumb":{"@id":"https:\/\/www.eren.ch\/neuchatel\/solidarite\/vente-soupe-careme\/#breadcrumb"},"inLanguage":"fr-FR","potentialAction":[{"@type":"ReadAction","target":["https:\/\/www.eren.ch\/neuchatel\/solidarite\/vente-soupe-careme\/"]}]},{"@type":"ImageObject","inLanguage":"fr-FR","@id":"https:\/\/www.eren.ch\/neuchatel\/solidarite\/vente-soupe-careme\/#primaryimage","url":"https:\/\/www.eren.ch\/neuchatel\/wp-content\/uploads\/sites\/3\/2025\/03\/vegetable-6322023_1920.jpg","contentUrl":"https:\/\/www.eren.ch\/neuchatel\/wp-content\/uploads\/sites\/3\/2025\/03\/vegetable-6322023_1920.jpg","width":1920,"height":1280},{"@type":"BreadcrumbList","@id":"https:\/\/www.eren.ch\/neuchatel\/solidarite\/vente-soupe-careme\/#breadcrumb","itemListElement":[{"@type":"ListItem","position":1,"name":"Accueil","item":"https:\/\/www.eren.ch\/neuchatel\/"},{"@type":"ListItem","position":2,"name":"Solidarit\u00e9","item":"https:\/\/www.eren.ch\/neuchatel\/solidarite\/"},{"@type":"ListItem","position":3,"name":"Vente de soupe de Car\u00eame"}]},{"@type":"WebSite","@id":"https:\/\/www.eren.ch\/neuchatel\/#website","url":"https:\/\/www.eren.ch\/neuchatel\/","name":"Paroisse de Neuch\u00e2tel","description":"La pr\u00e9sence protestante reconnue en ville de Neuch\u00e2tel","publisher":{"@id":"https:\/\/www.eren.ch\/neuchatel\/#organization"},"potentialAction":[{"@type":"SearchAction","target":{"@type":"EntryPoint","urlTemplate":"https:\/\/www.eren.ch\/neuchatel\/?s={search_term_string}"},"query-input":{"@type":"PropertyValueSpecification","valueRequired":true,"valueName":"search_term_string"}}],"inLanguage":"fr-FR"},{"@type":"Organization","@id":"https:\/\/www.eren.ch\/neuchatel\/#organization","name":"Paroisse de Neuch\u00e2tel","url":"https:\/\/www.eren.ch\/neuchatel\/","logo":{"@type":"ImageObject","inLanguage":"fr-FR","@id":"https:\/\/www.eren.ch\/neuchatel\/#\/schema\/logo\/image\/","url":"https:\/\/www.eren.ch\/neuchatel\/wp-content\/uploads\/sites\/3\/2020\/12\/logo-neuchatel.png","contentUrl":"https:\/\/www.eren.ch\/neuchatel\/wp-content\/uploads\/sites\/3\/2020\/12\/logo-neuchatel.png","width":240,"height":117,"caption":"Paroisse de Neuch\u00e2tel"},"image":{"@id":"https:\/\/www.eren.ch\/neuchatel\/#\/schema\/logo\/image\/"},"sameAs":["https:\/\/www.facebook.com\/eglise.EREN","https:\/\/x.com\/egliseeren","https:\/\/fr.wikipedia.org\/wiki\/glise_rforme_vanglique_du_canton_de_Neuchtel"]}]}},"_links":{"self":[{"href":"https:\/\/www.eren.ch\/neuchatel\/wp-json\/wp\/v2\/pages\/7180","targetHints":{"allow":["GET"]}}],"collection":[{"href":"https:\/\/www.eren.ch\/neuchatel\/wp-json\/wp\/v2\/pages"}],"about":[{"href":"https:\/\/www.eren.ch\/neuchatel\/wp-json\/wp\/v2\/types\/page"}],"author":[{"embeddable":true,"href":"https:\/\/www.eren.ch\/neuchatel\/wp-json\/wp\/v2\/users\/31"}],"replies":[{"embeddable":true,"href":"https:\/\/www.eren.ch\/neuchatel\/wp-json\/wp\/v2\/comments?post=7180"}],"version-history":[{"count":2,"href":"https:\/\/www.eren.ch\/neuchatel\/wp-json\/wp\/v2\/pages\/7180\/revisions"}],"predecessor-version":[{"id":7185,"href":"https:\/\/www.eren.ch\/neuchatel\/wp-json\/wp\/v2\/pages\/7180\/revisions\/7185"}],"up":[{"embeddable":true,"href":"https:\/\/www.eren.ch\/neuchatel\/wp-json\/wp\/v2\/pages\/867"}],"wp:featuredmedia":[{"embeddable":true,"href":"https:\/\/www.eren.ch\/neuchatel\/wp-json\/wp\/v2\/media\/7184"}],"wp:attachment":[{"href":"https:\/\/www.eren.ch\/neuchatel\/wp-json\/wp\/v2\/media?parent=7180"}],"curies":[{"name":"wp","href":"https:\/\/api.w.org\/{rel}","templated":true}]}}