{"id":8,"date":"2015-12-28T10:56:34","date_gmt":"2015-12-28T09:56:34","guid":{"rendered":"https:\/\/www.eren.ch\/neuchatel\/?page_id=8"},"modified":"2023-08-17T16:45:23","modified_gmt":"2023-08-17T14:45:23","slug":"nord","status":"publish","type":"page","link":"https:\/\/www.eren.ch\/neuchatel\/paroisse\/lieux-de-vie\/nord\/","title":{"rendered":"Lieu de vie Nord"},"content":{"rendered":"<p><img decoding=\"async\" class=\"size-full wp-image-517 alignleft\" src=\"https:\/\/www.eren.ch\/neuchatel\/wp-content\/uploads\/sites\/3\/2015\/12\/valangines.png\" alt=\"valangines\" width=\"194\" height=\"259\" \/><strong>Le lieu de vie Nord<\/strong> s\u2019\u00e9tend des rues des Parcs et de la C\u00f4te \u00e0 Pierre-\u00e0-Bot, de la rue des Petits-Ch\u00eanes \u00e0 Vauseyon. <a href=\"https:\/\/www.eren.ch\/neuchatel\/culture\/patrimoine-architectural\/centre-paroissial-valangines\/\">Le Centre paroissial aux Valangines<\/a>,\u00a0situ\u00e9 <a href=\"https:\/\/www.eren.ch\/neuchatel\/wp-content\/uploads\/sites\/3\/2016\/04\/CPVLocalisation.pdf\" target=\"_blank\" rel=\"noopener noreferrer\">avenue des Alpes<\/a>,\u00a0dispose de locaux modernes pour les activit\u00e9s nombreuses et vari\u00e9es\u00a0qu&rsquo;il peut accueillir que vous pouvez d\u00e9couvrir <a href=\"https:\/\/www.eren.ch\/neuchatel\/wp-content\/uploads\/sites\/3\/2022\/03\/CPValPrixLocation20220216.pdf\">ici<\/a>.<\/p>\n<p class=\"alignnone\"><img decoding=\"async\" class=\"wp-image-751 size-medium alignright\" src=\"https:\/\/www.eren.ch\/neuchatel\/wp-content\/uploads\/sites\/3\/2015\/12\/ermitage_grand-300x200.png\" alt=\"ermitage_grand\" width=\"300\" height=\"200\" srcset=\"https:\/\/www.eren.ch\/neuchatel\/wp-content\/uploads\/sites\/3\/2015\/12\/ermitage_grand-300x200.png 300w, https:\/\/www.eren.ch\/neuchatel\/wp-content\/uploads\/sites\/3\/2015\/12\/ermitage_grand-768x511.png 768w, https:\/\/www.eren.ch\/neuchatel\/wp-content\/uploads\/sites\/3\/2015\/12\/ermitage_grand-1024x681.png 1024w, https:\/\/www.eren.ch\/neuchatel\/wp-content\/uploads\/sites\/3\/2015\/12\/ermitage_grand-1200x798.png 1200w, https:\/\/www.eren.ch\/neuchatel\/wp-content\/uploads\/sites\/3\/2015\/12\/ermitage_grand.png 1500w\" sizes=\"(max-width: 300px) 85vw, 300px\" \/>Sur l\u2019itin\u00e9raire des belles promenades entre ville et nature, <a href=\"https:\/\/www.eren.ch\/neuchatel\/culture\/patrimoine-architectural\/chapelle-ermitage\/\">la chapelle de l\u2019Ermitage<\/a>, ouverte en journ\u00e9e de 9h \u00e0 19h, offre une halte tranquille aux promeneurs curieux de d\u00e9couvrir notre patrimoine.<\/p>\n<h2>Vie liturgique<\/h2>\n<p><img decoding=\"async\" class=\"size-full wp-image-1989 alignright\" src=\"https:\/\/www.eren.ch\/neuchatel\/wp-content\/uploads\/sites\/3\/2015\/12\/chapelleermitage2.jpg\" alt=\"chapelleermitage2\" width=\"251\" height=\"189\" \/>Outre les\u00a0\u00a0<a href=\"https:\/\/www.eren.ch\/neuchatel\/cultes\/cultes-reguliers\/\">cultes<\/a>\u00a0 traditionnels,l\u2019Ermitage propose chaque ann\u00e9e la c\u00e9l\u00e9bration de <a href=\"https:\/\/www.eren.ch\/neuchatel\/cultes\/temps-liturgiques-particuliers\/\">l\u2019Agneau pascal<\/a> et le Chemin de cr\u00e8che juste avant No\u00ebl. Les Valangines accueille le <strong>culte de la PAC<\/strong> (Pr\u00e9sence Afrique Chr\u00e9tienne), le <strong>premier dimanche du mois \u00e0 11h45<\/strong>, moment enrichissant pour tous. Le lieu de vie s\u2019ouvre volontiers \u00e0 des collaborations avec d\u2019autres communaut\u00e9s chr\u00e9tiennes.<\/p>\n<h2>Vie communautaire<\/h2>\n<p><img decoding=\"async\" class=\"wp-image-484 size-medium alignleft\" src=\"https:\/\/www.eren.ch\/neuchatel\/wp-content\/uploads\/sites\/3\/2015\/12\/valangines_c.Klauser_1-300x134.jpg\" alt=\"valangines_c.Klauser_1\" width=\"300\" height=\"134\" srcset=\"https:\/\/www.eren.ch\/neuchatel\/wp-content\/uploads\/sites\/3\/2015\/12\/valangines_c.Klauser_1-300x134.jpg 300w, https:\/\/www.eren.ch\/neuchatel\/wp-content\/uploads\/sites\/3\/2015\/12\/valangines_c.Klauser_1-768x344.jpg 768w, https:\/\/www.eren.ch\/neuchatel\/wp-content\/uploads\/sites\/3\/2015\/12\/valangines_c.Klauser_1-1024x458.jpg 1024w, https:\/\/www.eren.ch\/neuchatel\/wp-content\/uploads\/sites\/3\/2015\/12\/valangines_c.Klauser_1-1200x537.jpg 1200w, https:\/\/www.eren.ch\/neuchatel\/wp-content\/uploads\/sites\/3\/2015\/12\/valangines_c.Klauser_1.jpg 1500w\" sizes=\"(max-width: 300px) 85vw, 300px\" \/>L\u2019Ermitage et les Valangines sont deux centres <strong>de rencontre et de partage<\/strong>. Ils disposent d\u2019espaces favorisant l\u2019organisation de moments de r\u00e9flexion et de travail <strong>pour grands et petits<\/strong> accueillant notamment les <a href=\"https:\/\/www.eren.ch\/neuchatel\/enfance-et-jeunesse\/enfance\/\">s\u00e9ances d\u2019\u00e9veil \u00e0 la foi<\/a>, le <a href=\"https:\/\/www.eren.ch\/neuchatel\/enfance-et-jeunesse\/catechisme\/\">cat\u00e9chisme<\/a>, des groupes de r\u00e9flexion biblique. Ces lieux sont aussi propices aux moments conviviaux et y prennent place diverses activit\u00e9s pour enfants et adolescents, et, pour les plus grands les <a href=\"https:\/\/www.eren.ch\/neuchatel\/convivialite\/rendez-vous-amitie\/\">Rendez-vous de l\u2019amiti\u00e9<\/a>, \u00a0les <a href=\"https:\/\/www.eren.ch\/neuchatel\/culture\/ecouter\/\">soir\u00e9es jazz-raclettes<\/a>. La\u00a0 F\u00eate aux Valangines a lieu chaque ann\u00e9e en juin, avec un repas \u00e0 midi, un bazar, une expo-vente d\u2019\u0153uvres d&rsquo;artistes neuch\u00e2telois, un match aux cartes, un concert et un souper raclette!<\/p>\n<h2>Pasteur r\u00e9f\u00e9rent<\/h2>\n<p>Constantin Bacha, 079 707 47 77, <a href=\"mailto:constantin.bacha@eren.ch\">constantin.bacha@eren.ch<\/a><\/p>\n<h2>Pr\u00e9sident du Conseil de Communaut\u00e9 Locale<\/h2>\n<p>Daniel Schulthess, 032 724 00 39<\/p>\n","protected":false},"excerpt":{"rendered":"<p>Le lieu de vie Nord s\u2019\u00e9tend des rues des Parcs et de la C\u00f4te \u00e0 Pierre-\u00e0-Bot, de la rue des Petits-Ch\u00eanes \u00e0 Vauseyon. Le Centre paroissial aux Valangines,\u00a0situ\u00e9 avenue des Alpes,\u00a0dispose de locaux modernes pour les activit\u00e9s nombreuses et vari\u00e9es\u00a0qu&rsquo;il peut accueillir que vous pouvez d\u00e9couvrir ici. Sur l\u2019itin\u00e9raire des belles promenades entre ville et &hellip; <a href=\"https:\/\/www.eren.ch\/neuchatel\/paroisse\/lieux-de-vie\/nord\/\" class=\"more-link\">Continuer la lecture<span class=\"screen-reader-text\"> de &laquo;&nbsp;Lieu de vie Nord&nbsp;&raquo;<\/span><\/a><\/p>\n","protected":false},"author":31,"featured_media":0,"parent":6,"menu_order":10,"comment_status":"closed","ping_status":"closed","template":"","meta":{"footnotes":""},"class_list":["post-8","page","type-page","status-publish","hentry"],"yoast_head":"<!-- This site is optimized with the Yoast SEO Premium plugin v27.3 (Yoast SEO v27.3) - https:\/\/yoast.com\/product\/yoast-seo-premium-wordpress\/ -->\n<title>Lieu de vie Nord - Paroisse de Neuch\u00e2tel<\/title>\n<meta name=\"description\" content=\"Le lieu de vie Nord s\u2019\u00e9tend des rues des Parcs et de la C\u00f4te \u00e0 Pierre-\u00e0-Bot, de la rue des Petits-Ch\u00eanes \u00e0 Vauseyon. Le Centre paroissial aux\" \/>\n<meta name=\"robots\" content=\"index, follow, max-snippet:-1, max-image-preview:large, max-video-preview:-1\" \/>\n<link rel=\"canonical\" href=\"https:\/\/www.eren.ch\/neuchatel\/paroisse\/lieux-de-vie\/nord\/\" \/>\n<meta property=\"og:locale\" content=\"fr_FR\" \/>\n<meta property=\"og:type\" content=\"article\" \/>\n<meta property=\"og:title\" content=\"Lieu de vie Nord\" \/>\n<meta property=\"og:description\" content=\"Le lieu de vie Nord s\u2019\u00e9tend des rues des Parcs et de la C\u00f4te \u00e0 Pierre-\u00e0-Bot, de la rue des Petits-Ch\u00eanes \u00e0 Vauseyon. Le Centre paroissial aux\" \/>\n<meta property=\"og:url\" content=\"https:\/\/www.eren.ch\/neuchatel\/paroisse\/lieux-de-vie\/nord\/\" \/>\n<meta property=\"og:site_name\" content=\"Paroisse de Neuch\u00e2tel\" \/>\n<meta property=\"article:publisher\" content=\"https:\/\/www.facebook.com\/eglise.EREN\" \/>\n<meta property=\"article:modified_time\" content=\"2023-08-17T14:45:23+00:00\" \/>\n<meta property=\"og:image\" content=\"https:\/\/www.eren.ch\/neuchatel\/wp-content\/uploads\/sites\/3\/2015\/12\/valangines.png\" \/>\n<meta name=\"twitter:card\" content=\"summary_large_image\" \/>\n<meta name=\"twitter:site\" content=\"@egliseeren\" \/>\n<meta name=\"twitter:label1\" content=\"Dur\u00e9e de lecture estim\u00e9e\" \/>\n\t<meta name=\"twitter:data1\" content=\"3 minutes\" \/>\n<script type=\"application\/ld+json\" class=\"yoast-schema-graph\">{\"@context\":\"https:\\\/\\\/schema.org\",\"@graph\":[{\"@type\":\"WebPage\",\"@id\":\"https:\\\/\\\/www.eren.ch\\\/neuchatel\\\/paroisse\\\/lieux-de-vie\\\/nord\\\/\",\"url\":\"https:\\\/\\\/www.eren.ch\\\/neuchatel\\\/paroisse\\\/lieux-de-vie\\\/nord\\\/\",\"name\":\"Lieu de vie Nord - Paroisse de Neuch\u00e2tel\",\"isPartOf\":{\"@id\":\"https:\\\/\\\/www.eren.ch\\\/neuchatel\\\/#website\"},\"primaryImageOfPage\":{\"@id\":\"https:\\\/\\\/www.eren.ch\\\/neuchatel\\\/paroisse\\\/lieux-de-vie\\\/nord\\\/#primaryimage\"},\"image\":{\"@id\":\"https:\\\/\\\/www.eren.ch\\\/neuchatel\\\/paroisse\\\/lieux-de-vie\\\/nord\\\/#primaryimage\"},\"thumbnailUrl\":\"https:\\\/\\\/www.eren.ch\\\/neuchatel\\\/wp-content\\\/uploads\\\/sites\\\/3\\\/2015\\\/12\\\/valangines.png\",\"datePublished\":\"2015-12-28T09:56:34+00:00\",\"dateModified\":\"2023-08-17T14:45:23+00:00\",\"description\":\"Le lieu de vie Nord s\u2019\u00e9tend des rues des Parcs et de la C\u00f4te \u00e0 Pierre-\u00e0-Bot, de la rue des Petits-Ch\u00eanes \u00e0 Vauseyon. Le Centre paroissial aux\",\"breadcrumb\":{\"@id\":\"https:\\\/\\\/www.eren.ch\\\/neuchatel\\\/paroisse\\\/lieux-de-vie\\\/nord\\\/#breadcrumb\"},\"inLanguage\":\"fr-FR\",\"potentialAction\":[{\"@type\":\"ReadAction\",\"target\":[\"https:\\\/\\\/www.eren.ch\\\/neuchatel\\\/paroisse\\\/lieux-de-vie\\\/nord\\\/\"]}]},{\"@type\":\"ImageObject\",\"inLanguage\":\"fr-FR\",\"@id\":\"https:\\\/\\\/www.eren.ch\\\/neuchatel\\\/paroisse\\\/lieux-de-vie\\\/nord\\\/#primaryimage\",\"url\":\"https:\\\/\\\/www.eren.ch\\\/neuchatel\\\/wp-content\\\/uploads\\\/sites\\\/3\\\/2015\\\/12\\\/valangines.png\",\"contentUrl\":\"https:\\\/\\\/www.eren.ch\\\/neuchatel\\\/wp-content\\\/uploads\\\/sites\\\/3\\\/2015\\\/12\\\/valangines.png\",\"width\":194,\"height\":259},{\"@type\":\"BreadcrumbList\",\"@id\":\"https:\\\/\\\/www.eren.ch\\\/neuchatel\\\/paroisse\\\/lieux-de-vie\\\/nord\\\/#breadcrumb\",\"itemListElement\":[{\"@type\":\"ListItem\",\"position\":1,\"name\":\"Accueil\",\"item\":\"https:\\\/\\\/www.eren.ch\\\/neuchatel\\\/\"},{\"@type\":\"ListItem\",\"position\":2,\"name\":\"La paroisse\",\"item\":\"https:\\\/\\\/www.eren.ch\\\/neuchatel\\\/\"},{\"@type\":\"ListItem\",\"position\":3,\"name\":\"Lieux de vie\",\"item\":\"https:\\\/\\\/www.eren.ch\\\/neuchatel\\\/paroisse\\\/lieux-de-vie\\\/\"},{\"@type\":\"ListItem\",\"position\":4,\"name\":\"Lieu de vie Nord\"}]},{\"@type\":\"WebSite\",\"@id\":\"https:\\\/\\\/www.eren.ch\\\/neuchatel\\\/#website\",\"url\":\"https:\\\/\\\/www.eren.ch\\\/neuchatel\\\/\",\"name\":\"Paroisse de Neuch\u00e2tel\",\"description\":\"La pr\u00e9sence protestante reconnue en ville de Neuch\u00e2tel\",\"publisher\":{\"@id\":\"https:\\\/\\\/www.eren.ch\\\/neuchatel\\\/#organization\"},\"potentialAction\":[{\"@type\":\"SearchAction\",\"target\":{\"@type\":\"EntryPoint\",\"urlTemplate\":\"https:\\\/\\\/www.eren.ch\\\/neuchatel\\\/?s={search_term_string}\"},\"query-input\":{\"@type\":\"PropertyValueSpecification\",\"valueRequired\":true,\"valueName\":\"search_term_string\"}}],\"inLanguage\":\"fr-FR\"},{\"@type\":\"Organization\",\"@id\":\"https:\\\/\\\/www.eren.ch\\\/neuchatel\\\/#organization\",\"name\":\"Paroisse de Neuch\u00e2tel\",\"url\":\"https:\\\/\\\/www.eren.ch\\\/neuchatel\\\/\",\"logo\":{\"@type\":\"ImageObject\",\"inLanguage\":\"fr-FR\",\"@id\":\"https:\\\/\\\/www.eren.ch\\\/neuchatel\\\/#\\\/schema\\\/logo\\\/image\\\/\",\"url\":\"https:\\\/\\\/www.eren.ch\\\/neuchatel\\\/wp-content\\\/uploads\\\/sites\\\/3\\\/2020\\\/12\\\/logo-neuchatel.png\",\"contentUrl\":\"https:\\\/\\\/www.eren.ch\\\/neuchatel\\\/wp-content\\\/uploads\\\/sites\\\/3\\\/2020\\\/12\\\/logo-neuchatel.png\",\"width\":240,\"height\":117,\"caption\":\"Paroisse de Neuch\u00e2tel\"},\"image\":{\"@id\":\"https:\\\/\\\/www.eren.ch\\\/neuchatel\\\/#\\\/schema\\\/logo\\\/image\\\/\"},\"sameAs\":[\"https:\\\/\\\/www.facebook.com\\\/eglise.EREN\",\"https:\\\/\\\/x.com\\\/egliseeren\",\"https:\\\/\\\/fr.wikipedia.org\\\/wiki\\\/glise_rforme_vanglique_du_canton_de_Neuchtel\"]}]}<\/script>\n<!-- \/ Yoast SEO Premium plugin. -->","yoast_head_json":{"title":"Lieu de vie Nord - Paroisse de Neuch\u00e2tel","description":"Le lieu de vie Nord s\u2019\u00e9tend des rues des Parcs et de la C\u00f4te \u00e0 Pierre-\u00e0-Bot, de la rue des Petits-Ch\u00eanes \u00e0 Vauseyon. Le Centre paroissial aux","robots":{"index":"index","follow":"follow","max-snippet":"max-snippet:-1","max-image-preview":"max-image-preview:large","max-video-preview":"max-video-preview:-1"},"canonical":"https:\/\/www.eren.ch\/neuchatel\/paroisse\/lieux-de-vie\/nord\/","og_locale":"fr_FR","og_type":"article","og_title":"Lieu de vie Nord","og_description":"Le lieu de vie Nord s\u2019\u00e9tend des rues des Parcs et de la C\u00f4te \u00e0 Pierre-\u00e0-Bot, de la rue des Petits-Ch\u00eanes \u00e0 Vauseyon. Le Centre paroissial aux","og_url":"https:\/\/www.eren.ch\/neuchatel\/paroisse\/lieux-de-vie\/nord\/","og_site_name":"Paroisse de Neuch\u00e2tel","article_publisher":"https:\/\/www.facebook.com\/eglise.EREN","article_modified_time":"2023-08-17T14:45:23+00:00","og_image":[{"url":"https:\/\/www.eren.ch\/neuchatel\/wp-content\/uploads\/sites\/3\/2015\/12\/valangines.png","type":"","width":"","height":""}],"twitter_card":"summary_large_image","twitter_site":"@egliseeren","twitter_misc":{"Dur\u00e9e de lecture estim\u00e9e":"3 minutes"},"schema":{"@context":"https:\/\/schema.org","@graph":[{"@type":"WebPage","@id":"https:\/\/www.eren.ch\/neuchatel\/paroisse\/lieux-de-vie\/nord\/","url":"https:\/\/www.eren.ch\/neuchatel\/paroisse\/lieux-de-vie\/nord\/","name":"Lieu de vie Nord - Paroisse de Neuch\u00e2tel","isPartOf":{"@id":"https:\/\/www.eren.ch\/neuchatel\/#website"},"primaryImageOfPage":{"@id":"https:\/\/www.eren.ch\/neuchatel\/paroisse\/lieux-de-vie\/nord\/#primaryimage"},"image":{"@id":"https:\/\/www.eren.ch\/neuchatel\/paroisse\/lieux-de-vie\/nord\/#primaryimage"},"thumbnailUrl":"https:\/\/www.eren.ch\/neuchatel\/wp-content\/uploads\/sites\/3\/2015\/12\/valangines.png","datePublished":"2015-12-28T09:56:34+00:00","dateModified":"2023-08-17T14:45:23+00:00","description":"Le lieu de vie Nord s\u2019\u00e9tend des rues des Parcs et de la C\u00f4te \u00e0 Pierre-\u00e0-Bot, de la rue des Petits-Ch\u00eanes \u00e0 Vauseyon. Le Centre paroissial aux","breadcrumb":{"@id":"https:\/\/www.eren.ch\/neuchatel\/paroisse\/lieux-de-vie\/nord\/#breadcrumb"},"inLanguage":"fr-FR","potentialAction":[{"@type":"ReadAction","target":["https:\/\/www.eren.ch\/neuchatel\/paroisse\/lieux-de-vie\/nord\/"]}]},{"@type":"ImageObject","inLanguage":"fr-FR","@id":"https:\/\/www.eren.ch\/neuchatel\/paroisse\/lieux-de-vie\/nord\/#primaryimage","url":"https:\/\/www.eren.ch\/neuchatel\/wp-content\/uploads\/sites\/3\/2015\/12\/valangines.png","contentUrl":"https:\/\/www.eren.ch\/neuchatel\/wp-content\/uploads\/sites\/3\/2015\/12\/valangines.png","width":194,"height":259},{"@type":"BreadcrumbList","@id":"https:\/\/www.eren.ch\/neuchatel\/paroisse\/lieux-de-vie\/nord\/#breadcrumb","itemListElement":[{"@type":"ListItem","position":1,"name":"Accueil","item":"https:\/\/www.eren.ch\/neuchatel\/"},{"@type":"ListItem","position":2,"name":"La paroisse","item":"https:\/\/www.eren.ch\/neuchatel\/"},{"@type":"ListItem","position":3,"name":"Lieux de vie","item":"https:\/\/www.eren.ch\/neuchatel\/paroisse\/lieux-de-vie\/"},{"@type":"ListItem","position":4,"name":"Lieu de vie Nord"}]},{"@type":"WebSite","@id":"https:\/\/www.eren.ch\/neuchatel\/#website","url":"https:\/\/www.eren.ch\/neuchatel\/","name":"Paroisse de Neuch\u00e2tel","description":"La pr\u00e9sence protestante reconnue en ville de Neuch\u00e2tel","publisher":{"@id":"https:\/\/www.eren.ch\/neuchatel\/#organization"},"potentialAction":[{"@type":"SearchAction","target":{"@type":"EntryPoint","urlTemplate":"https:\/\/www.eren.ch\/neuchatel\/?s={search_term_string}"},"query-input":{"@type":"PropertyValueSpecification","valueRequired":true,"valueName":"search_term_string"}}],"inLanguage":"fr-FR"},{"@type":"Organization","@id":"https:\/\/www.eren.ch\/neuchatel\/#organization","name":"Paroisse de Neuch\u00e2tel","url":"https:\/\/www.eren.ch\/neuchatel\/","logo":{"@type":"ImageObject","inLanguage":"fr-FR","@id":"https:\/\/www.eren.ch\/neuchatel\/#\/schema\/logo\/image\/","url":"https:\/\/www.eren.ch\/neuchatel\/wp-content\/uploads\/sites\/3\/2020\/12\/logo-neuchatel.png","contentUrl":"https:\/\/www.eren.ch\/neuchatel\/wp-content\/uploads\/sites\/3\/2020\/12\/logo-neuchatel.png","width":240,"height":117,"caption":"Paroisse de Neuch\u00e2tel"},"image":{"@id":"https:\/\/www.eren.ch\/neuchatel\/#\/schema\/logo\/image\/"},"sameAs":["https:\/\/www.facebook.com\/eglise.EREN","https:\/\/x.com\/egliseeren","https:\/\/fr.wikipedia.org\/wiki\/glise_rforme_vanglique_du_canton_de_Neuchtel"]}]}},"_links":{"self":[{"href":"https:\/\/www.eren.ch\/neuchatel\/wp-json\/wp\/v2\/pages\/8","targetHints":{"allow":["GET"]}}],"collection":[{"href":"https:\/\/www.eren.ch\/neuchatel\/wp-json\/wp\/v2\/pages"}],"about":[{"href":"https:\/\/www.eren.ch\/neuchatel\/wp-json\/wp\/v2\/types\/page"}],"author":[{"embeddable":true,"href":"https:\/\/www.eren.ch\/neuchatel\/wp-json\/wp\/v2\/users\/31"}],"replies":[{"embeddable":true,"href":"https:\/\/www.eren.ch\/neuchatel\/wp-json\/wp\/v2\/comments?post=8"}],"version-history":[{"count":5,"href":"https:\/\/www.eren.ch\/neuchatel\/wp-json\/wp\/v2\/pages\/8\/revisions"}],"predecessor-version":[{"id":6200,"href":"https:\/\/www.eren.ch\/neuchatel\/wp-json\/wp\/v2\/pages\/8\/revisions\/6200"}],"up":[{"embeddable":true,"href":"https:\/\/www.eren.ch\/neuchatel\/wp-json\/wp\/v2\/pages\/6"}],"wp:attachment":[{"href":"https:\/\/www.eren.ch\/neuchatel\/wp-json\/wp\/v2\/media?parent=8"}],"curies":[{"name":"wp","href":"https:\/\/api.w.org\/{rel}","templated":true}]}}