{"id":16,"date":"2016-06-02T14:47:04","date_gmt":"2016-06-02T12:47:04","guid":{"rendered":"https:\/\/www.eren.ch\/ref-500\/?page_id=16"},"modified":"2016-11-02T15:33:32","modified_gmt":"2016-11-02T14:33:32","slug":"liens","status":"publish","type":"page","link":"https:\/\/www.eren.ch\/ref-500\/liens\/","title":{"rendered":"Liens et partenaires"},"content":{"rendered":"<h2>Partenaires<\/h2>\n<p><a href=\"http:\/\/www.neuchatelville.ch\/\"><img decoding=\"async\" class=\"alignnone wp-image-352 size-full\" src=\"https:\/\/www.eren.ch\/ref-500\/wp-content\/uploads\/sites\/6\/2016\/06\/logo-ville-neuchatel-180px.png\" alt=\"Ville de Neuch\u00e2tel\" width=\"180\" height=\"90\" \/><\/a><\/p>\n<p><a href=\"http:\/\/www.mahn.ch\/\"><img decoding=\"async\" class=\"alignnone wp-image-315\" src=\"https:\/\/www.eren.ch\/ref-500\/wp-content\/uploads\/sites\/6\/2016\/10\/mahn-300x64.jpg\" alt=\"MahN\" width=\"180\" height=\"38\" srcset=\"https:\/\/www.eren.ch\/ref-500\/wp-content\/uploads\/sites\/6\/2016\/10\/mahn-300x64.jpg 300w, https:\/\/www.eren.ch\/ref-500\/wp-content\/uploads\/sites\/6\/2016\/10\/mahn-768x163.jpg 768w, https:\/\/www.eren.ch\/ref-500\/wp-content\/uploads\/sites\/6\/2016\/10\/mahn-1024x217.jpg 1024w, https:\/\/www.eren.ch\/ref-500\/wp-content\/uploads\/sites\/6\/2016\/10\/mahn-1200x255.jpg 1200w, https:\/\/www.eren.ch\/ref-500\/wp-content\/uploads\/sites\/6\/2016\/10\/mahn.jpg 1606w\" sizes=\"(max-width: 180px) 85vw, 180px\" \/><\/a><\/p>\n<p><a href=\"http:\/\/bpun.unine.ch\/\"><img decoding=\"async\" class=\"alignnone wp-image-353 size-full\" src=\"https:\/\/www.eren.ch\/ref-500\/wp-content\/uploads\/sites\/6\/2016\/06\/logoBPUN-1.png\" width=\"180\" height=\"87\" \/><\/a><\/p>\n<p><a href=\"http:\/\/unine.ch\/\"><img decoding=\"async\" class=\"alignnone wp-image-350\" src=\"https:\/\/www.eren.ch\/ref-500\/wp-content\/uploads\/sites\/6\/2016\/06\/2000px-Logo_Universit\u00e9_de_Neuch\u00e2tel.svg_-300x82.png\" alt=\"UniNE\" width=\"180\" height=\"49\" srcset=\"https:\/\/www.eren.ch\/ref-500\/wp-content\/uploads\/sites\/6\/2016\/06\/2000px-Logo_Universit\u00e9_de_Neuch\u00e2tel.svg_-300x82.png 300w, https:\/\/www.eren.ch\/ref-500\/wp-content\/uploads\/sites\/6\/2016\/06\/2000px-Logo_Universit\u00e9_de_Neuch\u00e2tel.svg_-768x209.png 768w, https:\/\/www.eren.ch\/ref-500\/wp-content\/uploads\/sites\/6\/2016\/06\/2000px-Logo_Universit\u00e9_de_Neuch\u00e2tel.svg_-1024x279.png 1024w, https:\/\/www.eren.ch\/ref-500\/wp-content\/uploads\/sites\/6\/2016\/06\/2000px-Logo_Universit\u00e9_de_Neuch\u00e2tel.svg_-1200x326.png 1200w, https:\/\/www.eren.ch\/ref-500\/wp-content\/uploads\/sites\/6\/2016\/06\/2000px-Logo_Universit\u00e9_de_Neuch\u00e2tel.svg_.png 2000w\" sizes=\"(max-width: 180px) 85vw, 180px\" \/><\/a><\/p>\n<p><a href=\"http:\/\/www.neuchateltourisme.ch\/\"><img decoding=\"async\" class=\"alignnone wp-image-349\" src=\"https:\/\/www.eren.ch\/ref-500\/wp-content\/uploads\/sites\/6\/2016\/06\/jura-3-lacs-300x65.png\" alt=\"Jura 3 Lacs\" width=\"180\" height=\"39\" srcset=\"https:\/\/www.eren.ch\/ref-500\/wp-content\/uploads\/sites\/6\/2016\/06\/jura-3-lacs-300x65.png 300w, https:\/\/www.eren.ch\/ref-500\/wp-content\/uploads\/sites\/6\/2016\/06\/jura-3-lacs.png 619w\" sizes=\"(max-width: 180px) 85vw, 180px\" \/><\/a><\/p>\n<h2>Jubil\u00e9 dans les \u00c9glises romandes<\/h2>\n<ul>\n<li><a href=\"http:\/\/www.refbejuso.ch\/fr\/activites\/reformationsjubilaeum.html\">Berne-Jura-Soleure<\/a><\/li>\n<li><a href=\"http:\/\/www.ref-fr.ch\/jubi500-fr\">Fribourg<\/a><\/li>\n<li><a href=\"http:\/\/ref-500.epg.ch\/\">Gen\u00e8ve<\/a><\/li>\n<li><a href=\"http:\/\/valais-500r\u00e9forme.ch\/\">Valais<\/a><\/li>\n<li><a href=\"http:\/\/ref-500.eerv.ch\/\">Vaud<\/a><\/li>\n<\/ul>\n<h2>Pour aller plus loin<\/h2>\n<p>La <a href=\"http:\/\/reformation-cities.org\/cities\/neuchatel\/?lang=fr&amp;lang=fr\">page de Neuch\u00e2tel<\/a> sur le site des <a href=\"http:\/\/reformation-cities.org\/cities\/neuchatel\/?lang=fr&amp;lang=fr\">Cit\u00e9s europ\u00e9ennes de la R\u00e9forme<\/a>.<\/p>\n<p>Une <a href=\"http:\/\/www.hls-dhs-dss.ch\/textes\/f\/F13328.php\">pr\u00e9sentation de la R\u00e9forme<\/a>\u00a0en Suisse dans le <a href=\"http:\/\/www.hls-dhs-dss.ch\/\">Dictionnaire historique de la Suisse<\/a>\u00a0(DHS).<\/p>\n<p>Le site du <a href=\"http:\/\/www.musee-reforme.ch\/\">Mus\u00e9e international de la R\u00e9forme<\/a> (MIR) \u00e0 Gen\u00e8ve.<\/p>\n<p>Des <strong>parcours th\u00e9matiques<\/strong> du <a href=\"http:\/\/www.museeprotestant.org\/\">Mus\u00e9e virtuel du Protestantisme<\/a>:<\/p>\n<ul>\n<li><a href=\"http:\/\/www.museeprotestant.org\/parcours\/la-crise-religieuse-au-xvie-siecle-naissance-du-protestantisme\/\">Crise religieuse au XVIe si\u00e8cle: naissance du protestantisme<\/a><\/li>\n<li><a href=\"http:\/\/www.museeprotestant.org\/parcours\/parcours-dinitiation-a-la-reforme-au-xvie-siecle\/\">Parcours d\u2019initiation \u00e0 la R\u00e9forme au XVIe si\u00e8cle<\/a>\u00a0(parcours pr\u00e9vu pour\u00a0l&rsquo;histoire au coll\u00e8ge)<\/li>\n<li><a href=\"http:\/\/www.museeprotestant.org\/parcours\/la-reforme-et-la-bible\/\">La R\u00e9forme et la Bible<\/a><\/li>\n<\/ul>\n<p>Quelques<strong> portraits<\/strong> du <a href=\"http:\/\/www.museeprotestant.org\/\">Mus\u00e9e virtuel du Protestantisme<\/a>:<strong><br \/>\n<\/strong><\/p>\n<ul>\n<li><a href=\"http:\/\/www.museeprotestant.org\/notice\/jan-hus-1369-1415-et-les-guerres-hussites-1419-1436\/\">Jan Hus<\/a> (1369-1415), le grand-p\u00e8re de la R\u00e9forme<\/li>\n<li><a href=\"http:\/\/www.museeprotestant.org\/notice\/martin-luther-1483-1546\/\">Martin Luther<\/a> (1483-1546), le p\u00e8re de la R\u00e9forme<\/li>\n<li><a href=\"http:\/\/www.museeprotestant.org\/notice\/guillaume-farel-1489-1565\/\">Guillaume Farel<\/a> (1489-1565), le r\u00e9formateur de Neuch\u00e2tel<\/li>\n<li><a href=\"http:\/\/www.museeprotestant.org\/notice\/jean-calvin-1509-1564\/\">Jean Calvin<\/a> (1509-1564), l&rsquo;organisateur de la R\u00e9forme<\/li>\n<li><a href=\"http:\/\/www.museeprotestant.org\/notice\/pierre-viret-1511-1571\/\">Pierre Viret<\/a> (1511-1571), \u00a0le seul r\u00e9formateur francophone n\u00e9 en Suisse romande<\/li>\n<li><a href=\"http:\/\/www.museeprotestant.org\/notice\/ulrich-zwingli\/\">Ulrich Zwingli<\/a> (1484-1531), le r\u00e9formateur zurichois<\/li>\n<\/ul>\n<p>Une description de <a href=\"http:\/\/www.rts.ch\/decouverte\/monde-et-societe\/histoire\/le-musee-de-la-reforme\/5899835-la-vie-quotidienne-au-16e-siecle.html\">la vie quotidienne au XVIe si\u00e8cle<\/a>.<\/p>\n<p>Le <a href=\"http:\/\/www.ref-500.ch\/fr\">site\u00a0de r\u00e9f\u00e9rence<\/a> de la F\u00e9d\u00e9ration des \u00c9glises protestantes de Suisse (FEPS).<\/p>\n","protected":false},"excerpt":{"rendered":"<p>Partenaires Jubil\u00e9 dans les \u00c9glises romandes Berne-Jura-Soleure Fribourg Gen\u00e8ve Valais Vaud Pour aller plus loin La page de Neuch\u00e2tel sur le site des Cit\u00e9s europ\u00e9ennes de la R\u00e9forme. Une pr\u00e9sentation de la R\u00e9forme\u00a0en Suisse dans le Dictionnaire historique de la Suisse\u00a0(DHS). Le site du Mus\u00e9e international de la R\u00e9forme (MIR) \u00e0 Gen\u00e8ve. Des parcours th\u00e9matiques &hellip; <a href=\"https:\/\/www.eren.ch\/ref-500\/liens\/\" class=\"more-link\">Continuer la lecture<span class=\"screen-reader-text\"> de &laquo;&nbsp;Liens et partenaires&nbsp;&raquo;<\/span><\/a><\/p>\n","protected":false},"author":1,"featured_media":0,"parent":0,"menu_order":20,"comment_status":"closed","ping_status":"closed","template":"","meta":{"footnotes":""},"class_list":["post-16","page","type-page","status-publish","hentry"],"yoast_head":"<!-- This site is optimized with the Yoast SEO Premium plugin v27.3 (Yoast SEO v27.4) - https:\/\/yoast.com\/product\/yoast-seo-premium-wordpress\/ -->\n<title>Liens du Jubil\u00e9 de la R\u00e9forme<\/title>\n<meta name=\"description\" content=\"D\u00e9couvrir la R\u00e9forme en Suisse, des portraits de r\u00e9formateurs, des sites de r\u00e9f\u00e9rence\" \/>\n<meta name=\"robots\" content=\"index, follow, max-snippet:-1, max-image-preview:large, max-video-preview:-1\" \/>\n<link rel=\"canonical\" href=\"https:\/\/www.eren.ch\/ref-500\/liens\/\" \/>\n<meta property=\"og:locale\" content=\"fr_FR\" \/>\n<meta property=\"og:type\" content=\"article\" \/>\n<meta property=\"og:title\" content=\"Liens et partenaires\" \/>\n<meta property=\"og:description\" content=\"D\u00e9couvrir la R\u00e9forme en Suisse, des portraits de r\u00e9formateurs, des sites de r\u00e9f\u00e9rence\" \/>\n<meta property=\"og:url\" content=\"https:\/\/www.eren.ch\/ref-500\/liens\/\" \/>\n<meta property=\"og:site_name\" content=\"Jubil\u00e9 de la R\u00e9forme dans le canton de Neuch\u00e2tel\" \/>\n<meta property=\"article:publisher\" content=\"https:\/\/www.facebook.com\/eglise.EREN\/\" \/>\n<meta property=\"article:modified_time\" content=\"2016-11-02T14:33:32+00:00\" \/>\n<meta property=\"og:image\" content=\"https:\/\/www.eren.ch\/ref-500\/wp-content\/uploads\/sites\/6\/2016\/06\/logo-ville-neuchatel-180px.png\" \/>\n<meta name=\"twitter:card\" content=\"summary_large_image\" \/>\n<meta name=\"twitter:site\" content=\"@egliseEREN\" \/>\n<meta name=\"twitter:label1\" content=\"Dur\u00e9e de lecture estim\u00e9e\" \/>\n\t<meta name=\"twitter:data1\" content=\"1 minute\" \/>\n<script type=\"application\/ld+json\" class=\"yoast-schema-graph\">{\"@context\":\"https:\\\/\\\/schema.org\",\"@graph\":[{\"@type\":\"WebPage\",\"@id\":\"https:\\\/\\\/www.eren.ch\\\/ref-500\\\/liens\\\/\",\"url\":\"https:\\\/\\\/www.eren.ch\\\/ref-500\\\/liens\\\/\",\"name\":\"Liens du Jubil\u00e9 de la R\u00e9forme\",\"isPartOf\":{\"@id\":\"https:\\\/\\\/www.eren.ch\\\/ref-500\\\/#website\"},\"primaryImageOfPage\":{\"@id\":\"https:\\\/\\\/www.eren.ch\\\/ref-500\\\/liens\\\/#primaryimage\"},\"image\":{\"@id\":\"https:\\\/\\\/www.eren.ch\\\/ref-500\\\/liens\\\/#primaryimage\"},\"thumbnailUrl\":\"https:\\\/\\\/www.eren.ch\\\/ref-500\\\/wp-content\\\/uploads\\\/sites\\\/6\\\/2016\\\/06\\\/logo-ville-neuchatel-180px.png\",\"datePublished\":\"2016-06-02T12:47:04+00:00\",\"dateModified\":\"2016-11-02T14:33:32+00:00\",\"description\":\"D\u00e9couvrir la R\u00e9forme en Suisse, des portraits de r\u00e9formateurs, des sites de r\u00e9f\u00e9rence\",\"breadcrumb\":{\"@id\":\"https:\\\/\\\/www.eren.ch\\\/ref-500\\\/liens\\\/#breadcrumb\"},\"inLanguage\":\"fr-FR\",\"potentialAction\":[{\"@type\":\"ReadAction\",\"target\":[\"https:\\\/\\\/www.eren.ch\\\/ref-500\\\/liens\\\/\"]}]},{\"@type\":\"ImageObject\",\"inLanguage\":\"fr-FR\",\"@id\":\"https:\\\/\\\/www.eren.ch\\\/ref-500\\\/liens\\\/#primaryimage\",\"url\":\"https:\\\/\\\/www.eren.ch\\\/ref-500\\\/wp-content\\\/uploads\\\/sites\\\/6\\\/2016\\\/06\\\/logo-ville-neuchatel-180px.png\",\"contentUrl\":\"https:\\\/\\\/www.eren.ch\\\/ref-500\\\/wp-content\\\/uploads\\\/sites\\\/6\\\/2016\\\/06\\\/logo-ville-neuchatel-180px.png\",\"width\":180,\"height\":90},{\"@type\":\"BreadcrumbList\",\"@id\":\"https:\\\/\\\/www.eren.ch\\\/ref-500\\\/liens\\\/#breadcrumb\",\"itemListElement\":[{\"@type\":\"ListItem\",\"position\":1,\"name\":\"Accueil\",\"item\":\"https:\\\/\\\/www.eren.ch\\\/ref-500\\\/\"},{\"@type\":\"ListItem\",\"position\":2,\"name\":\"Liens et partenaires\"}]},{\"@type\":\"WebSite\",\"@id\":\"https:\\\/\\\/www.eren.ch\\\/ref-500\\\/#website\",\"url\":\"https:\\\/\\\/www.eren.ch\\\/ref-500\\\/\",\"name\":\"Jubil\u00e9 de la R\u00e9forme dans le canton de Neuch\u00e2tel\",\"description\":\"500 ans de la R\u00e9forme en 2017\",\"potentialAction\":[{\"@type\":\"SearchAction\",\"target\":{\"@type\":\"EntryPoint\",\"urlTemplate\":\"https:\\\/\\\/www.eren.ch\\\/ref-500\\\/?s={search_term_string}\"},\"query-input\":{\"@type\":\"PropertyValueSpecification\",\"valueRequired\":true,\"valueName\":\"search_term_string\"}}],\"inLanguage\":\"fr-FR\"}]}<\/script>\n<!-- \/ Yoast SEO Premium plugin. -->","yoast_head_json":{"title":"Liens du Jubil\u00e9 de la R\u00e9forme","description":"D\u00e9couvrir la R\u00e9forme en Suisse, des portraits de r\u00e9formateurs, des sites de r\u00e9f\u00e9rence","robots":{"index":"index","follow":"follow","max-snippet":"max-snippet:-1","max-image-preview":"max-image-preview:large","max-video-preview":"max-video-preview:-1"},"canonical":"https:\/\/www.eren.ch\/ref-500\/liens\/","og_locale":"fr_FR","og_type":"article","og_title":"Liens et partenaires","og_description":"D\u00e9couvrir la R\u00e9forme en Suisse, des portraits de r\u00e9formateurs, des sites de r\u00e9f\u00e9rence","og_url":"https:\/\/www.eren.ch\/ref-500\/liens\/","og_site_name":"Jubil\u00e9 de la R\u00e9forme dans le canton de Neuch\u00e2tel","article_publisher":"https:\/\/www.facebook.com\/eglise.EREN\/","article_modified_time":"2016-11-02T14:33:32+00:00","og_image":[{"url":"https:\/\/www.eren.ch\/ref-500\/wp-content\/uploads\/sites\/6\/2016\/06\/logo-ville-neuchatel-180px.png","type":"","width":"","height":""}],"twitter_card":"summary_large_image","twitter_site":"@egliseEREN","twitter_misc":{"Dur\u00e9e de lecture estim\u00e9e":"1 minute"},"schema":{"@context":"https:\/\/schema.org","@graph":[{"@type":"WebPage","@id":"https:\/\/www.eren.ch\/ref-500\/liens\/","url":"https:\/\/www.eren.ch\/ref-500\/liens\/","name":"Liens du Jubil\u00e9 de la R\u00e9forme","isPartOf":{"@id":"https:\/\/www.eren.ch\/ref-500\/#website"},"primaryImageOfPage":{"@id":"https:\/\/www.eren.ch\/ref-500\/liens\/#primaryimage"},"image":{"@id":"https:\/\/www.eren.ch\/ref-500\/liens\/#primaryimage"},"thumbnailUrl":"https:\/\/www.eren.ch\/ref-500\/wp-content\/uploads\/sites\/6\/2016\/06\/logo-ville-neuchatel-180px.png","datePublished":"2016-06-02T12:47:04+00:00","dateModified":"2016-11-02T14:33:32+00:00","description":"D\u00e9couvrir la R\u00e9forme en Suisse, des portraits de r\u00e9formateurs, des sites de r\u00e9f\u00e9rence","breadcrumb":{"@id":"https:\/\/www.eren.ch\/ref-500\/liens\/#breadcrumb"},"inLanguage":"fr-FR","potentialAction":[{"@type":"ReadAction","target":["https:\/\/www.eren.ch\/ref-500\/liens\/"]}]},{"@type":"ImageObject","inLanguage":"fr-FR","@id":"https:\/\/www.eren.ch\/ref-500\/liens\/#primaryimage","url":"https:\/\/www.eren.ch\/ref-500\/wp-content\/uploads\/sites\/6\/2016\/06\/logo-ville-neuchatel-180px.png","contentUrl":"https:\/\/www.eren.ch\/ref-500\/wp-content\/uploads\/sites\/6\/2016\/06\/logo-ville-neuchatel-180px.png","width":180,"height":90},{"@type":"BreadcrumbList","@id":"https:\/\/www.eren.ch\/ref-500\/liens\/#breadcrumb","itemListElement":[{"@type":"ListItem","position":1,"name":"Accueil","item":"https:\/\/www.eren.ch\/ref-500\/"},{"@type":"ListItem","position":2,"name":"Liens et partenaires"}]},{"@type":"WebSite","@id":"https:\/\/www.eren.ch\/ref-500\/#website","url":"https:\/\/www.eren.ch\/ref-500\/","name":"Jubil\u00e9 de la R\u00e9forme dans le canton de Neuch\u00e2tel","description":"500 ans de la R\u00e9forme en 2017","potentialAction":[{"@type":"SearchAction","target":{"@type":"EntryPoint","urlTemplate":"https:\/\/www.eren.ch\/ref-500\/?s={search_term_string}"},"query-input":{"@type":"PropertyValueSpecification","valueRequired":true,"valueName":"search_term_string"}}],"inLanguage":"fr-FR"}]}},"_links":{"self":[{"href":"https:\/\/www.eren.ch\/ref-500\/wp-json\/wp\/v2\/pages\/16","targetHints":{"allow":["GET"]}}],"collection":[{"href":"https:\/\/www.eren.ch\/ref-500\/wp-json\/wp\/v2\/pages"}],"about":[{"href":"https:\/\/www.eren.ch\/ref-500\/wp-json\/wp\/v2\/types\/page"}],"author":[{"embeddable":true,"href":"https:\/\/www.eren.ch\/ref-500\/wp-json\/wp\/v2\/users\/1"}],"replies":[{"embeddable":true,"href":"https:\/\/www.eren.ch\/ref-500\/wp-json\/wp\/v2\/comments?post=16"}],"version-history":[{"count":5,"href":"https:\/\/www.eren.ch\/ref-500\/wp-json\/wp\/v2\/pages\/16\/revisions"}],"predecessor-version":[{"id":365,"href":"https:\/\/www.eren.ch\/ref-500\/wp-json\/wp\/v2\/pages\/16\/revisions\/365"}],"wp:attachment":[{"href":"https:\/\/www.eren.ch\/ref-500\/wp-json\/wp\/v2\/media?parent=16"}],"curies":[{"name":"wp","href":"https:\/\/api.w.org\/{rel}","templated":true}]}}