{"id":73,"date":"2025-09-02T15:52:54","date_gmt":"2025-09-02T13:52:54","guid":{"rendered":"https:\/\/www.eren.ch\/siaj\/?page_id=73"},"modified":"2026-03-27T16:34:42","modified_gmt":"2026-03-27T15:34:42","slug":"barc-joran-vdt","status":"publish","type":"page","link":"https:\/\/www.eren.ch\/siaj\/passeport-kt\/barc-joran-vdt\/","title":{"rendered":"Le Passeport KT de La BARC, du Joran et de Val-de-Travers"},"content":{"rendered":"\n<p>Le<strong>&nbsp;Passeport KT&nbsp;<\/strong>est organis\u00e9 conjointement par les paroisses de&nbsp;<a href=\"https:\/\/www.eren.ch\/barc\/\">La BARC<\/a>, du <a href=\"https:\/\/www.eren.ch\/joran\/\">Joran&nbsp;<\/a>et celle du&nbsp;<a href=\"https:\/\/www.eren.ch\/vdt\/\">Val-de-Travers<\/a>. <\/p>\n\n\n\n<h3 class=\"wp-block-heading\" id=\"h-camp-d-ete-bienvenue-a-thiercelieux\">Camp d&rsquo;\u00e9t\u00e9 \u00ab\u00a0Bienvenue \u00e0 Thiercelieux\u00a0\u00bb<\/h3>\n\n\n\n<figure class=\"wp-block-gallery has-nested-images columns-default is-cropped wp-block-gallery-1 is-layout-flex wp-block-gallery-is-layout-flex\">\n<figure class=\"wp-block-image size-large\"><a href=\"https:\/\/www.eren.ch\/siaj\/wp-content\/uploads\/sites\/26\/2026\/03\/Camp-Passeport-KT-2026_recto-2.jpg\"><img loading=\"lazy\" decoding=\"async\" width=\"600\" height=\"849\" data-id=\"234\" src=\"https:\/\/www.eren.ch\/siaj\/wp-content\/uploads\/sites\/26\/2026\/03\/Camp-Passeport-KT-2026_recto-2.jpg\" alt=\"\" class=\"wp-image-234\" srcset=\"https:\/\/www.eren.ch\/siaj\/wp-content\/uploads\/sites\/26\/2026\/03\/Camp-Passeport-KT-2026_recto-2.jpg 600w, https:\/\/www.eren.ch\/siaj\/wp-content\/uploads\/sites\/26\/2026\/03\/Camp-Passeport-KT-2026_recto-2-212x300.jpg 212w\" sizes=\"auto, (max-width: 600px) 85vw, 600px\" \/><\/a><figcaption class=\"wp-element-caption\">Camp d&rsquo;\u00e9t\u00e9 du Passeport KT-recto<\/figcaption><\/figure>\n\n\n\n<figure class=\"wp-block-image size-large\"><a href=\"https:\/\/www.eren.ch\/siaj\/wp-content\/uploads\/sites\/26\/2026\/03\/Camp-Passeport-KT-2026_verso-1.jpg\"><img loading=\"lazy\" decoding=\"async\" width=\"600\" height=\"849\" data-id=\"235\" src=\"https:\/\/www.eren.ch\/siaj\/wp-content\/uploads\/sites\/26\/2026\/03\/Camp-Passeport-KT-2026_verso-1.jpg\" alt=\"\" class=\"wp-image-235\" srcset=\"https:\/\/www.eren.ch\/siaj\/wp-content\/uploads\/sites\/26\/2026\/03\/Camp-Passeport-KT-2026_verso-1.jpg 600w, https:\/\/www.eren.ch\/siaj\/wp-content\/uploads\/sites\/26\/2026\/03\/Camp-Passeport-KT-2026_verso-1-212x300.jpg 212w\" sizes=\"auto, (max-width: 600px) 85vw, 600px\" \/><\/a><figcaption class=\"wp-element-caption\">Camp d&rsquo;\u00e9t\u00e9 du Passeport KT-verso<\/figcaption><\/figure>\n<\/figure>\n\n\n\n<p><\/p>\n\n\n\n<p>Du 10 au 14 ao\u00fbt sur les hauteurs de Mont-de-Tramelan (BE). Le nombre de places est limit\u00e9 \u00e0 30 participant.es.<\/p>\n\n\n\n<p>Ce camp est ouvert aux jeunes entre 10 et 14 ans, m\u00eame s&rsquo;ils n&rsquo;ont pas suivi le programme du Passeport KT. Ce peut \u00eatre un bon moyen de d\u00e9couvrir ce qui y est v\u00e9cu et de se faire de nouveaux amis, de nouvelles amies.<\/p>\n\n\n\n<p>Une participation financi\u00e8re de CHF 200.&#8211; par enfant et pour la semaine est demand\u00e9e. Ce montant ne doit pas \u00eatre un frein. N&rsquo;h\u00e9sitez pas \u00e0 vous approcher de Micha Weiss ou Jean-Marc Leresche, voir contacts ci-dessous, pour en discuter en toute discr\u00e9tion.<\/p>\n\n\n\n<p>Lien direct vers le <a href=\"https:\/\/framaforms.org\/inscriptions-au-camp-du-passeport-kt-2026-1774341078\">formulaire d&rsquo;inscription<\/a>.<\/p>\n\n\n\n<p>Le culte de retour de camp aura lieu au temple de Colombier le dimanche 16 ao\u00fbt \u00e0 10h00. <\/p>\n\n\n\n<h3 class=\"wp-block-heading\" id=\"h-programme-general-de-l-annee\">Programme g\u00e9n\u00e9ral de l&rsquo;ann\u00e9e<\/h3>\n\n\n\n<figure class=\"wp-block-image\"><a href=\"https:\/\/www.eren.ch\/joran\/wp-content\/uploads\/sites\/17\/2025\/09\/Passeport-KT%E2%80%A225-26.jpg\"><img decoding=\"async\" src=\"https:\/\/www.eren.ch\/joran\/wp-content\/uploads\/sites\/17\/2025\/09\/Passeport-KT%E2%80%A225-26-724x1024.jpg\" alt=\"\" class=\"wp-image-8251\" \/><\/a><\/figure>\n\n\n\n<p>M\u00eame s\u2019il est recommand\u00e9 de participer au plus grand nombre de rencontres possible, ce n\u2019est pas grave d\u2019en manquer une si la date ou l\u2019horaire ne convenait pas.<\/p>\n\n\n\n<h3 class=\"wp-block-heading\" id=\"h-comment-s-inscrire\">Comment s\u2019inscrire ?<\/h3>\n\n\n\n<p>Il suffit d\u2019envoyer un mail \u00e0 :<\/p>\n\n\n\n<ul class=\"wp-block-list\">\n<li>Jean-Marc Leresche diacre et animateur,&nbsp;<a href=\"mailto:jean-marc.leresche@eren.ch\">jean-marc.leresche@eren.ch<\/a>&nbsp;ou \u00e0 <\/li>\n\n\n\n<li>Micha Weiss, pasteur et animateur, <a href=\"mailto:micha.weiss@eren.ch\">micha.weiss@eren.ch<\/a> <\/li>\n<\/ul>\n\n\n\n<p>avec les infos suivantes :<\/p>\n\n\n\n<ul class=\"wp-block-list\">\n<li>Pr\u00e9nom<\/li>\n\n\n\n<li>Nom<\/li>\n\n\n\n<li>Ann\u00e9e scolaire (7H-8H-9H-10H)<\/li>\n\n\n\n<li>Num\u00e9ro de t\u00e9l\u00e9phone d\u2019un parent<\/li>\n\n\n\n<li>Allergies ou autres infos sant\u00e9<\/li>\n<\/ul>\n\n\n\n<p>L\u2019inscription pour l\u2019ann\u00e9e co\u00fbte CHF 25.- ce qui couvre les frais des go\u00fbters et du mat\u00e9riel d\u2019animation.&nbsp;<\/p>\n\n\n\n<p>Les animateur\u00b7trices s\u2019engagent b\u00e9n\u00e9volement et les pasteur\u00b7es et diacres sont r\u00e9mun\u00e9r\u00e9\u00b7es gr\u00e2ce \u00e0 la contribution eccl\u00e9siastique volontaire (imp\u00f4t d\u2019\u00c9glise).<\/p>\n\n\n\n<p>Dates du prochain camp du Passeport KT : du lundi 10 au vendredi 14 ao\u00fbt 2026. Les informations seront envoy\u00e9es dans le courant du premier semestre 2026.<\/p>\n\n\n\n<h3 class=\"wp-block-heading\" id=\"h-contact-amp-questions\">Contact &amp; questions<\/h3>\n\n\n\n<div class=\"wp-block-media-text is-stacked-on-mobile\" style=\"grid-template-columns:33% auto\"><figure class=\"wp-block-media-text__media\"><img loading=\"lazy\" decoding=\"async\" width=\"1000\" height=\"1000\" src=\"https:\/\/www.eren.ch\/siaj\/wp-content\/uploads\/sites\/26\/2025\/09\/leresche-jean-marc-c.jpg\" alt=\"Jean-Marc Leresche\" class=\"wp-image-113 size-full\" srcset=\"https:\/\/www.eren.ch\/siaj\/wp-content\/uploads\/sites\/26\/2025\/09\/leresche-jean-marc-c.jpg 1000w, https:\/\/www.eren.ch\/siaj\/wp-content\/uploads\/sites\/26\/2025\/09\/leresche-jean-marc-c-300x300.jpg 300w, https:\/\/www.eren.ch\/siaj\/wp-content\/uploads\/sites\/26\/2025\/09\/leresche-jean-marc-c-150x150.jpg 150w, https:\/\/www.eren.ch\/siaj\/wp-content\/uploads\/sites\/26\/2025\/09\/leresche-jean-marc-c-768x768.jpg 768w\" sizes=\"auto, (max-width: 709px) 85vw, (max-width: 909px) 67vw, (max-width: 1362px) 62vw, 840px\" \/><\/figure><div class=\"wp-block-media-text__content\">\n<p><strong>Jean-Marc Leresche<\/strong><br>diacre<br>+41 79 655 73 09<br><a href=\"mailto:jean-marc.leresche@eren.ch\">jean-marc.leresche@eren.ch<\/a><\/p>\n<\/div><\/div>\n\n\n\n<div class=\"wp-block-media-text is-stacked-on-mobile\" style=\"grid-template-columns:33% auto\"><figure class=\"wp-block-media-text__media\"><img loading=\"lazy\" decoding=\"async\" width=\"1000\" height=\"1000\" src=\"https:\/\/www.eren.ch\/siaj\/wp-content\/uploads\/sites\/26\/2025\/09\/weiss-micha-c.jpg\" alt=\"Micha Weiss\" class=\"wp-image-117 size-full\" srcset=\"https:\/\/www.eren.ch\/siaj\/wp-content\/uploads\/sites\/26\/2025\/09\/weiss-micha-c.jpg 1000w, https:\/\/www.eren.ch\/siaj\/wp-content\/uploads\/sites\/26\/2025\/09\/weiss-micha-c-300x300.jpg 300w, https:\/\/www.eren.ch\/siaj\/wp-content\/uploads\/sites\/26\/2025\/09\/weiss-micha-c-150x150.jpg 150w, https:\/\/www.eren.ch\/siaj\/wp-content\/uploads\/sites\/26\/2025\/09\/weiss-micha-c-768x768.jpg 768w\" sizes=\"auto, (max-width: 709px) 85vw, (max-width: 909px) 67vw, (max-width: 1362px) 62vw, 840px\" \/><\/figure><div class=\"wp-block-media-text__content\">\n<p><strong>Micha Weiss<\/strong><br>pasteur<strong><br><\/strong>+41 78 639 04 97<br><a href=\"mailto:micha.weiss@eren.ch\">micha.weiss@eren.ch<\/a><\/p>\n<\/div><\/div>\n","protected":false},"excerpt":{"rendered":"<p>Le&nbsp;Passeport KT&nbsp;est organis\u00e9 conjointement par les paroisses de&nbsp;La BARC, du Joran&nbsp;et celle du&nbsp;Val-de-Travers. Camp d&rsquo;\u00e9t\u00e9 \u00ab\u00a0Bienvenue \u00e0 Thiercelieux\u00a0\u00bb Du 10 au 14 ao\u00fbt sur les hauteurs de Mont-de-Tramelan (BE). Le nombre de places est limit\u00e9 \u00e0 30 participant.es. Ce camp est ouvert aux jeunes entre 10 et 14 ans, m\u00eame s&rsquo;ils n&rsquo;ont pas suivi le &hellip; <a href=\"https:\/\/www.eren.ch\/siaj\/passeport-kt\/barc-joran-vdt\/\" class=\"more-link\">Continuer la lecture<span class=\"screen-reader-text\"> de &laquo;&nbsp;Le Passeport KT de La BARC, du Joran et de Val-de-Travers&nbsp;&raquo;<\/span><\/a><\/p>\n","protected":false},"author":23,"featured_media":0,"parent":44,"menu_order":0,"comment_status":"closed","ping_status":"closed","template":"","meta":{"footnotes":""},"class_list":["post-73","page","type-page","status-publish","hentry"],"yoast_head":"<!-- This site is optimized with the Yoast SEO Premium plugin v27.3 (Yoast SEO v27.3) - https:\/\/yoast.com\/product\/yoast-seo-premium-wordpress\/ -->\n<title>Le Passeport KT de La BARC, du Joran et de Val-de-Travers - SIAJ<\/title>\n<meta name=\"robots\" content=\"index, follow, max-snippet:-1, max-image-preview:large, max-video-preview:-1\" \/>\n<link rel=\"canonical\" href=\"https:\/\/www.eren.ch\/siaj\/passeport-kt\/barc-joran-vdt\/\" \/>\n<meta property=\"og:locale\" content=\"fr_FR\" \/>\n<meta property=\"og:type\" content=\"article\" \/>\n<meta property=\"og:title\" content=\"Le Passeport KT de La BARC, du Joran et de Val-de-Travers\" \/>\n<meta property=\"og:description\" content=\"Le&nbsp;Passeport KT&nbsp;est organis\u00e9 conjointement par les paroisses de&nbsp;La BARC, du Joran&nbsp;et celle du&nbsp;Val-de-Travers. Camp d&rsquo;\u00e9t\u00e9 \u00ab\u00a0Bienvenue \u00e0 Thiercelieux\u00a0\u00bb Du 10 au 14 ao\u00fbt sur les hauteurs de Mont-de-Tramelan (BE). Le nombre de places est limit\u00e9 \u00e0 30 participant.es. Ce camp est ouvert aux jeunes entre 10 et 14 ans, m\u00eame s&rsquo;ils n&rsquo;ont pas suivi le &hellip; Continuer la lecture de &laquo;&nbsp;Le Passeport KT de La BARC, du Joran et de Val-de-Travers&nbsp;&raquo;\" \/>\n<meta property=\"og:url\" content=\"https:\/\/www.eren.ch\/siaj\/passeport-kt\/barc-joran-vdt\/\" \/>\n<meta property=\"og:site_name\" content=\"SIAJ\" \/>\n<meta property=\"article:modified_time\" content=\"2026-03-27T15:34:42+00:00\" \/>\n<meta property=\"og:image\" content=\"https:\/\/www.eren.ch\/siaj\/wp-content\/uploads\/sites\/26\/2026\/03\/Camp-Passeport-KT-2026_recto-2.jpg\" \/>\n\t<meta property=\"og:image:width\" content=\"600\" \/>\n\t<meta property=\"og:image:height\" content=\"849\" \/>\n\t<meta property=\"og:image:type\" content=\"image\/jpeg\" \/>\n<meta name=\"twitter:card\" content=\"summary_large_image\" \/>\n<meta name=\"twitter:label1\" content=\"Dur\u00e9e de lecture estim\u00e9e\" \/>\n\t<meta name=\"twitter:data1\" content=\"3 minutes\" \/>\n<script type=\"application\/ld+json\" class=\"yoast-schema-graph\">{\"@context\":\"https:\\\/\\\/schema.org\",\"@graph\":[{\"@type\":\"WebPage\",\"@id\":\"https:\\\/\\\/www.eren.ch\\\/siaj\\\/passeport-kt\\\/barc-joran-vdt\\\/\",\"url\":\"https:\\\/\\\/www.eren.ch\\\/siaj\\\/passeport-kt\\\/barc-joran-vdt\\\/\",\"name\":\"Le Passeport KT de La BARC, du Joran et de Val-de-Travers - SIAJ\",\"isPartOf\":{\"@id\":\"https:\\\/\\\/www.eren.ch\\\/siaj\\\/#website\"},\"primaryImageOfPage\":{\"@id\":\"https:\\\/\\\/www.eren.ch\\\/siaj\\\/passeport-kt\\\/barc-joran-vdt\\\/#primaryimage\"},\"image\":{\"@id\":\"https:\\\/\\\/www.eren.ch\\\/siaj\\\/passeport-kt\\\/barc-joran-vdt\\\/#primaryimage\"},\"thumbnailUrl\":\"https:\\\/\\\/www.eren.ch\\\/siaj\\\/wp-content\\\/uploads\\\/sites\\\/26\\\/2026\\\/03\\\/Camp-Passeport-KT-2026_recto-2.jpg\",\"datePublished\":\"2025-09-02T13:52:54+00:00\",\"dateModified\":\"2026-03-27T15:34:42+00:00\",\"breadcrumb\":{\"@id\":\"https:\\\/\\\/www.eren.ch\\\/siaj\\\/passeport-kt\\\/barc-joran-vdt\\\/#breadcrumb\"},\"inLanguage\":\"fr-FR\",\"potentialAction\":[{\"@type\":\"ReadAction\",\"target\":[\"https:\\\/\\\/www.eren.ch\\\/siaj\\\/passeport-kt\\\/barc-joran-vdt\\\/\"]}]},{\"@type\":\"ImageObject\",\"inLanguage\":\"fr-FR\",\"@id\":\"https:\\\/\\\/www.eren.ch\\\/siaj\\\/passeport-kt\\\/barc-joran-vdt\\\/#primaryimage\",\"url\":\"https:\\\/\\\/www.eren.ch\\\/siaj\\\/wp-content\\\/uploads\\\/sites\\\/26\\\/2026\\\/03\\\/Camp-Passeport-KT-2026_recto-2.jpg\",\"contentUrl\":\"https:\\\/\\\/www.eren.ch\\\/siaj\\\/wp-content\\\/uploads\\\/sites\\\/26\\\/2026\\\/03\\\/Camp-Passeport-KT-2026_recto-2.jpg\"},{\"@type\":\"BreadcrumbList\",\"@id\":\"https:\\\/\\\/www.eren.ch\\\/siaj\\\/passeport-kt\\\/barc-joran-vdt\\\/#breadcrumb\",\"itemListElement\":[{\"@type\":\"ListItem\",\"position\":1,\"name\":\"Accueil\",\"item\":\"https:\\\/\\\/www.eren.ch\\\/siaj\\\/\"},{\"@type\":\"ListItem\",\"position\":2,\"name\":\"Passeport KT\",\"item\":\"https:\\\/\\\/www.eren.ch\\\/siaj\\\/passeport-kt\\\/\"},{\"@type\":\"ListItem\",\"position\":3,\"name\":\"Le Passeport KT de La BARC, du Joran et de Val-de-Travers\"}]},{\"@type\":\"WebSite\",\"@id\":\"https:\\\/\\\/www.eren.ch\\\/siaj\\\/#website\",\"url\":\"https:\\\/\\\/www.eren.ch\\\/siaj\\\/\",\"name\":\"SIAJ\",\"description\":\"Service interparoissial de l\u2019accompagnement de la jeunesse\",\"publisher\":{\"@id\":\"https:\\\/\\\/www.eren.ch\\\/siaj\\\/#organization\"},\"potentialAction\":[{\"@type\":\"SearchAction\",\"target\":{\"@type\":\"EntryPoint\",\"urlTemplate\":\"https:\\\/\\\/www.eren.ch\\\/siaj\\\/?s={search_term_string}\"},\"query-input\":{\"@type\":\"PropertyValueSpecification\",\"valueRequired\":true,\"valueName\":\"search_term_string\"}}],\"inLanguage\":\"fr-FR\"},{\"@type\":\"Organization\",\"@id\":\"https:\\\/\\\/www.eren.ch\\\/siaj\\\/#organization\",\"name\":\"SIAJ\",\"url\":\"https:\\\/\\\/www.eren.ch\\\/siaj\\\/\",\"logo\":{\"@type\":\"ImageObject\",\"inLanguage\":\"fr-FR\",\"@id\":\"https:\\\/\\\/www.eren.ch\\\/siaj\\\/#\\\/schema\\\/logo\\\/image\\\/\",\"url\":\"https:\\\/\\\/www.eren.ch\\\/siaj\\\/wp-content\\\/uploads\\\/sites\\\/26\\\/2025\\\/06\\\/siaj-logo-1.jpg\",\"contentUrl\":\"https:\\\/\\\/www.eren.ch\\\/siaj\\\/wp-content\\\/uploads\\\/sites\\\/26\\\/2025\\\/06\\\/siaj-logo-1.jpg\",\"width\":200,\"height\":129,\"caption\":\"SIAJ\"},\"image\":{\"@id\":\"https:\\\/\\\/www.eren.ch\\\/siaj\\\/#\\\/schema\\\/logo\\\/image\\\/\"}}]}<\/script>\n<!-- \/ Yoast SEO Premium plugin. -->","yoast_head_json":{"title":"Le Passeport KT de La BARC, du Joran et de Val-de-Travers - SIAJ","robots":{"index":"index","follow":"follow","max-snippet":"max-snippet:-1","max-image-preview":"max-image-preview:large","max-video-preview":"max-video-preview:-1"},"canonical":"https:\/\/www.eren.ch\/siaj\/passeport-kt\/barc-joran-vdt\/","og_locale":"fr_FR","og_type":"article","og_title":"Le Passeport KT de La BARC, du Joran et de Val-de-Travers","og_description":"Le&nbsp;Passeport KT&nbsp;est organis\u00e9 conjointement par les paroisses de&nbsp;La BARC, du Joran&nbsp;et celle du&nbsp;Val-de-Travers. Camp d&rsquo;\u00e9t\u00e9 \u00ab\u00a0Bienvenue \u00e0 Thiercelieux\u00a0\u00bb Du 10 au 14 ao\u00fbt sur les hauteurs de Mont-de-Tramelan (BE). Le nombre de places est limit\u00e9 \u00e0 30 participant.es. Ce camp est ouvert aux jeunes entre 10 et 14 ans, m\u00eame s&rsquo;ils n&rsquo;ont pas suivi le &hellip; Continuer la lecture de &laquo;&nbsp;Le Passeport KT de La BARC, du Joran et de Val-de-Travers&nbsp;&raquo;","og_url":"https:\/\/www.eren.ch\/siaj\/passeport-kt\/barc-joran-vdt\/","og_site_name":"SIAJ","article_modified_time":"2026-03-27T15:34:42+00:00","og_image":[{"width":600,"height":849,"url":"https:\/\/www.eren.ch\/siaj\/wp-content\/uploads\/sites\/26\/2026\/03\/Camp-Passeport-KT-2026_recto-2.jpg","type":"image\/jpeg"}],"twitter_card":"summary_large_image","twitter_misc":{"Dur\u00e9e de lecture estim\u00e9e":"3 minutes"},"schema":{"@context":"https:\/\/schema.org","@graph":[{"@type":"WebPage","@id":"https:\/\/www.eren.ch\/siaj\/passeport-kt\/barc-joran-vdt\/","url":"https:\/\/www.eren.ch\/siaj\/passeport-kt\/barc-joran-vdt\/","name":"Le Passeport KT de La BARC, du Joran et de Val-de-Travers - SIAJ","isPartOf":{"@id":"https:\/\/www.eren.ch\/siaj\/#website"},"primaryImageOfPage":{"@id":"https:\/\/www.eren.ch\/siaj\/passeport-kt\/barc-joran-vdt\/#primaryimage"},"image":{"@id":"https:\/\/www.eren.ch\/siaj\/passeport-kt\/barc-joran-vdt\/#primaryimage"},"thumbnailUrl":"https:\/\/www.eren.ch\/siaj\/wp-content\/uploads\/sites\/26\/2026\/03\/Camp-Passeport-KT-2026_recto-2.jpg","datePublished":"2025-09-02T13:52:54+00:00","dateModified":"2026-03-27T15:34:42+00:00","breadcrumb":{"@id":"https:\/\/www.eren.ch\/siaj\/passeport-kt\/barc-joran-vdt\/#breadcrumb"},"inLanguage":"fr-FR","potentialAction":[{"@type":"ReadAction","target":["https:\/\/www.eren.ch\/siaj\/passeport-kt\/barc-joran-vdt\/"]}]},{"@type":"ImageObject","inLanguage":"fr-FR","@id":"https:\/\/www.eren.ch\/siaj\/passeport-kt\/barc-joran-vdt\/#primaryimage","url":"https:\/\/www.eren.ch\/siaj\/wp-content\/uploads\/sites\/26\/2026\/03\/Camp-Passeport-KT-2026_recto-2.jpg","contentUrl":"https:\/\/www.eren.ch\/siaj\/wp-content\/uploads\/sites\/26\/2026\/03\/Camp-Passeport-KT-2026_recto-2.jpg"},{"@type":"BreadcrumbList","@id":"https:\/\/www.eren.ch\/siaj\/passeport-kt\/barc-joran-vdt\/#breadcrumb","itemListElement":[{"@type":"ListItem","position":1,"name":"Accueil","item":"https:\/\/www.eren.ch\/siaj\/"},{"@type":"ListItem","position":2,"name":"Passeport KT","item":"https:\/\/www.eren.ch\/siaj\/passeport-kt\/"},{"@type":"ListItem","position":3,"name":"Le Passeport KT de La BARC, du Joran et de Val-de-Travers"}]},{"@type":"WebSite","@id":"https:\/\/www.eren.ch\/siaj\/#website","url":"https:\/\/www.eren.ch\/siaj\/","name":"SIAJ","description":"Service interparoissial de l\u2019accompagnement de la jeunesse","publisher":{"@id":"https:\/\/www.eren.ch\/siaj\/#organization"},"potentialAction":[{"@type":"SearchAction","target":{"@type":"EntryPoint","urlTemplate":"https:\/\/www.eren.ch\/siaj\/?s={search_term_string}"},"query-input":{"@type":"PropertyValueSpecification","valueRequired":true,"valueName":"search_term_string"}}],"inLanguage":"fr-FR"},{"@type":"Organization","@id":"https:\/\/www.eren.ch\/siaj\/#organization","name":"SIAJ","url":"https:\/\/www.eren.ch\/siaj\/","logo":{"@type":"ImageObject","inLanguage":"fr-FR","@id":"https:\/\/www.eren.ch\/siaj\/#\/schema\/logo\/image\/","url":"https:\/\/www.eren.ch\/siaj\/wp-content\/uploads\/sites\/26\/2025\/06\/siaj-logo-1.jpg","contentUrl":"https:\/\/www.eren.ch\/siaj\/wp-content\/uploads\/sites\/26\/2025\/06\/siaj-logo-1.jpg","width":200,"height":129,"caption":"SIAJ"},"image":{"@id":"https:\/\/www.eren.ch\/siaj\/#\/schema\/logo\/image\/"}}]}},"_links":{"self":[{"href":"https:\/\/www.eren.ch\/siaj\/wp-json\/wp\/v2\/pages\/73","targetHints":{"allow":["GET"]}}],"collection":[{"href":"https:\/\/www.eren.ch\/siaj\/wp-json\/wp\/v2\/pages"}],"about":[{"href":"https:\/\/www.eren.ch\/siaj\/wp-json\/wp\/v2\/types\/page"}],"author":[{"embeddable":true,"href":"https:\/\/www.eren.ch\/siaj\/wp-json\/wp\/v2\/users\/23"}],"replies":[{"embeddable":true,"href":"https:\/\/www.eren.ch\/siaj\/wp-json\/wp\/v2\/comments?post=73"}],"version-history":[{"count":6,"href":"https:\/\/www.eren.ch\/siaj\/wp-json\/wp\/v2\/pages\/73\/revisions"}],"predecessor-version":[{"id":238,"href":"https:\/\/www.eren.ch\/siaj\/wp-json\/wp\/v2\/pages\/73\/revisions\/238"}],"up":[{"embeddable":true,"href":"https:\/\/www.eren.ch\/siaj\/wp-json\/wp\/v2\/pages\/44"}],"wp:attachment":[{"href":"https:\/\/www.eren.ch\/siaj\/wp-json\/wp\/v2\/media?parent=73"}],"curies":[{"name":"wp","href":"https:\/\/api.w.org\/{rel}","templated":true}]}}