{"id":20,"date":"2016-12-11T16:53:31","date_gmt":"2016-12-11T15:53:31","guid":{"rendered":"https:\/\/www.eren.ch\/vdr\/?page_id=20"},"modified":"2025-09-16T15:25:13","modified_gmt":"2025-09-16T13:25:13","slug":"culte-jeunesse","status":"publish","type":"page","link":"https:\/\/www.eren.ch\/vdr\/jeunesse\/culte-jeunesse\/","title":{"rendered":"Le groupe de jeunes (8-11H)"},"content":{"rendered":"<h3><\/h3>\n<p><span style=\"color: #339966\">Les information relatives aux activit\u00e9s sont ici: <a href=\"https:\/\/www.eren.ch\/vdr\/wp-content\/uploads\/sites\/7\/2025\/09\/sorties-decouvertes-10-14-ans-2025-2026-projet-lettre-info.doc\">sorties-d\u00e9couvertes 10-14 ans 2025-2026<\/a><\/span><\/p>\n<p>Pour les ados de 10 \u00e0 14 ans, la paroisse Val-de-Ruz mettra en place d\u00e8s cet automne des journ\u00e9es \u00ab\u00a0sortie d\u00e9couvertes\u00a0\u00bb 4 \u00e0 5 journ\u00e9es au cours de l&rsquo;ann\u00e9e, entre septembre 2025 et mai 2026.<\/p>\n<p>Ces journ\u00e9es remplaceront les actuelle activit\u00e9s \u00ab\u00a0pr\u00e9cat\u00e9chisme\u00a0\u00bb et \u00ab\u00a0groupe de jeunes de Coffrane\u00a0\u00bb.<\/p>\n<p>Des informations d\u00e9taill\u00e9es suivront d\u00e8s l&rsquo;automne.<\/p>\n<h3>Contact<\/h3>\n<ul>\n<li>Christophe Allemann, pasteur +41 79 237 87 89 &#8211; <a href=\"mailto:christophe.allemann@eren.ch\">christophe.allemann@eren.ch<\/a><\/li>\n<li>Isabelle Herv\u00e9, pasteure + 41 079 320 24 42 &#8211; isabelle.herve@eren.ch<\/li>\n<\/ul>\n","protected":false},"excerpt":{"rendered":"<p>Les information relatives aux activit\u00e9s sont ici: sorties-d\u00e9couvertes 10-14 ans 2025-2026 Pour les ados de 10 \u00e0 14 ans, la paroisse Val-de-Ruz mettra en place d\u00e8s cet automne des journ\u00e9es \u00ab\u00a0sortie d\u00e9couvertes\u00a0\u00bb 4 \u00e0 5 journ\u00e9es au cours de l&rsquo;ann\u00e9e, entre septembre 2025 et mai 2026. Ces journ\u00e9es remplaceront les actuelle activit\u00e9s \u00ab\u00a0pr\u00e9cat\u00e9chisme\u00a0\u00bb et \u00ab\u00a0groupe &hellip; <a href=\"https:\/\/www.eren.ch\/vdr\/jeunesse\/culte-jeunesse\/\" class=\"more-link\">Continuer la lecture<span class=\"screen-reader-text\"> de &laquo;&nbsp;Le groupe de jeunes (8-11H)&nbsp;&raquo;<\/span><\/a><\/p>\n","protected":false},"author":1,"featured_media":0,"parent":10,"menu_order":50,"comment_status":"closed","ping_status":"closed","template":"","meta":{"footnotes":""},"class_list":["post-20","page","type-page","status-publish","hentry"],"yoast_head":"<!-- This site is optimized with the Yoast SEO Premium plugin v27.4 (Yoast SEO v27.4) - https:\/\/yoast.com\/product\/yoast-seo-premium-wordpress\/ -->\n<title>Le groupe de jeunes (8-11H) - Paroisse Val-de-Ruz<\/title>\n<meta name=\"description\" content=\"Les information relatives aux activit\u00e9s sont ici: sorties-d\u00e9couvertes 10-14 ans 2025-2026 Pour les ados de 10 \u00e0 14 ans, la paroisse Val-de-Ruz mettra en\" \/>\n<meta name=\"robots\" content=\"index, follow, max-snippet:-1, max-image-preview:large, max-video-preview:-1\" \/>\n<link rel=\"canonical\" href=\"https:\/\/www.eren.ch\/vdr\/jeunesse\/culte-jeunesse\/\" \/>\n<meta property=\"og:locale\" content=\"fr_FR\" \/>\n<meta property=\"og:type\" content=\"article\" \/>\n<meta property=\"og:title\" content=\"Le groupe de jeunes (8-11H)\" \/>\n<meta property=\"og:description\" content=\"Les information relatives aux activit\u00e9s sont ici: sorties-d\u00e9couvertes 10-14 ans 2025-2026 Pour les ados de 10 \u00e0 14 ans, la paroisse Val-de-Ruz mettra en\" \/>\n<meta property=\"og:url\" content=\"https:\/\/www.eren.ch\/vdr\/jeunesse\/culte-jeunesse\/\" \/>\n<meta property=\"og:site_name\" content=\"Paroisse Val-de-Ruz\" \/>\n<meta property=\"article:publisher\" content=\"https:\/\/www.facebook.com\/eglise.EREN\/\" \/>\n<meta property=\"article:modified_time\" content=\"2025-09-16T13:25:13+00:00\" \/>\n<meta property=\"og:image\" content=\"https:\/\/www.eren.ch\/vdr\/wp-content\/uploads\/sites\/7\/2017\/02\/boudevilliers_3.jpg\" \/>\n\t<meta property=\"og:image:width\" content=\"886\" \/>\n\t<meta property=\"og:image:height\" content=\"589\" \/>\n\t<meta property=\"og:image:type\" content=\"image\/jpeg\" \/>\n<meta name=\"twitter:card\" content=\"summary_large_image\" \/>\n<meta name=\"twitter:site\" content=\"@EgliseEREN\" \/>\n<meta name=\"twitter:label1\" content=\"Dur\u00e9e de lecture estim\u00e9e\" \/>\n\t<meta name=\"twitter:data1\" content=\"1 minute\" \/>\n<script type=\"application\/ld+json\" class=\"yoast-schema-graph\">{\"@context\":\"https:\\\/\\\/schema.org\",\"@graph\":[{\"@type\":\"WebPage\",\"@id\":\"https:\\\/\\\/www.eren.ch\\\/vdr\\\/jeunesse\\\/culte-jeunesse\\\/\",\"url\":\"https:\\\/\\\/www.eren.ch\\\/vdr\\\/jeunesse\\\/culte-jeunesse\\\/\",\"name\":\"Le groupe de jeunes (8-11H) - Paroisse Val-de-Ruz\",\"isPartOf\":{\"@id\":\"https:\\\/\\\/www.eren.ch\\\/vdr\\\/#website\"},\"datePublished\":\"2016-12-11T15:53:31+00:00\",\"dateModified\":\"2025-09-16T13:25:13+00:00\",\"description\":\"Les information relatives aux activit\u00e9s sont ici: sorties-d\u00e9couvertes 10-14 ans 2025-2026 Pour les ados de 10 \u00e0 14 ans, la paroisse Val-de-Ruz mettra en\",\"breadcrumb\":{\"@id\":\"https:\\\/\\\/www.eren.ch\\\/vdr\\\/jeunesse\\\/culte-jeunesse\\\/#breadcrumb\"},\"inLanguage\":\"fr-FR\",\"potentialAction\":[{\"@type\":\"ReadAction\",\"target\":[\"https:\\\/\\\/www.eren.ch\\\/vdr\\\/jeunesse\\\/culte-jeunesse\\\/\"]}]},{\"@type\":\"BreadcrumbList\",\"@id\":\"https:\\\/\\\/www.eren.ch\\\/vdr\\\/jeunesse\\\/culte-jeunesse\\\/#breadcrumb\",\"itemListElement\":[{\"@type\":\"ListItem\",\"position\":1,\"name\":\"Accueil\",\"item\":\"https:\\\/\\\/www.eren.ch\\\/vdr\\\/\"},{\"@type\":\"ListItem\",\"position\":2,\"name\":\"Enfance et jeunesse\",\"item\":\"https:\\\/\\\/www.eren.ch\\\/vdr\\\/jeunesse\\\/\"},{\"@type\":\"ListItem\",\"position\":3,\"name\":\"Le groupe de jeunes (8-11H)\"}]},{\"@type\":\"WebSite\",\"@id\":\"https:\\\/\\\/www.eren.ch\\\/vdr\\\/#website\",\"url\":\"https:\\\/\\\/www.eren.ch\\\/vdr\\\/\",\"name\":\"Paroisse Val-de-Ruz\",\"description\":\"La pr\u00e9sence protestante reconnue\",\"publisher\":{\"@id\":\"https:\\\/\\\/www.eren.ch\\\/vdr\\\/#organization\"},\"potentialAction\":[{\"@type\":\"SearchAction\",\"target\":{\"@type\":\"EntryPoint\",\"urlTemplate\":\"https:\\\/\\\/www.eren.ch\\\/vdr\\\/?s={search_term_string}\"},\"query-input\":{\"@type\":\"PropertyValueSpecification\",\"valueRequired\":true,\"valueName\":\"search_term_string\"}}],\"inLanguage\":\"fr-FR\"},{\"@type\":\"Organization\",\"@id\":\"https:\\\/\\\/www.eren.ch\\\/vdr\\\/#organization\",\"name\":\"Paroisse Val-de-Ruz\",\"url\":\"https:\\\/\\\/www.eren.ch\\\/vdr\\\/\",\"logo\":{\"@type\":\"ImageObject\",\"inLanguage\":\"fr-FR\",\"@id\":\"https:\\\/\\\/www.eren.ch\\\/vdr\\\/#\\\/schema\\\/logo\\\/image\\\/\",\"url\":\"https:\\\/\\\/www.eren.ch\\\/vdr\\\/wp-content\\\/uploads\\\/sites\\\/7\\\/2020\\\/12\\\/logo-vdr.png\",\"contentUrl\":\"https:\\\/\\\/www.eren.ch\\\/vdr\\\/wp-content\\\/uploads\\\/sites\\\/7\\\/2020\\\/12\\\/logo-vdr.png\",\"width\":240,\"height\":117,\"caption\":\"Paroisse Val-de-Ruz\"},\"image\":{\"@id\":\"https:\\\/\\\/www.eren.ch\\\/vdr\\\/#\\\/schema\\\/logo\\\/image\\\/\"},\"sameAs\":[\"https:\\\/\\\/www.facebook.com\\\/eglise.EREN\\\/\",\"https:\\\/\\\/x.com\\\/EgliseEREN\",\"https:\\\/\\\/fr.wikipedia.org\\\/wiki\\\/glise_rforme_vanglique_du_canton_de_Neuchtel\"]}]}<\/script>\n<!-- \/ Yoast SEO Premium plugin. -->","yoast_head_json":{"title":"Le groupe de jeunes (8-11H) - Paroisse Val-de-Ruz","description":"Les information relatives aux activit\u00e9s sont ici: sorties-d\u00e9couvertes 10-14 ans 2025-2026 Pour les ados de 10 \u00e0 14 ans, la paroisse Val-de-Ruz mettra en","robots":{"index":"index","follow":"follow","max-snippet":"max-snippet:-1","max-image-preview":"max-image-preview:large","max-video-preview":"max-video-preview:-1"},"canonical":"https:\/\/www.eren.ch\/vdr\/jeunesse\/culte-jeunesse\/","og_locale":"fr_FR","og_type":"article","og_title":"Le groupe de jeunes (8-11H)","og_description":"Les information relatives aux activit\u00e9s sont ici: sorties-d\u00e9couvertes 10-14 ans 2025-2026 Pour les ados de 10 \u00e0 14 ans, la paroisse Val-de-Ruz mettra en","og_url":"https:\/\/www.eren.ch\/vdr\/jeunesse\/culte-jeunesse\/","og_site_name":"Paroisse Val-de-Ruz","article_publisher":"https:\/\/www.facebook.com\/eglise.EREN\/","article_modified_time":"2025-09-16T13:25:13+00:00","og_image":[{"width":886,"height":589,"url":"https:\/\/www.eren.ch\/vdr\/wp-content\/uploads\/sites\/7\/2017\/02\/boudevilliers_3.jpg","type":"image\/jpeg"}],"twitter_card":"summary_large_image","twitter_site":"@EgliseEREN","twitter_misc":{"Dur\u00e9e de lecture estim\u00e9e":"1 minute"},"schema":{"@context":"https:\/\/schema.org","@graph":[{"@type":"WebPage","@id":"https:\/\/www.eren.ch\/vdr\/jeunesse\/culte-jeunesse\/","url":"https:\/\/www.eren.ch\/vdr\/jeunesse\/culte-jeunesse\/","name":"Le groupe de jeunes (8-11H) - Paroisse Val-de-Ruz","isPartOf":{"@id":"https:\/\/www.eren.ch\/vdr\/#website"},"datePublished":"2016-12-11T15:53:31+00:00","dateModified":"2025-09-16T13:25:13+00:00","description":"Les information relatives aux activit\u00e9s sont ici: sorties-d\u00e9couvertes 10-14 ans 2025-2026 Pour les ados de 10 \u00e0 14 ans, la paroisse Val-de-Ruz mettra en","breadcrumb":{"@id":"https:\/\/www.eren.ch\/vdr\/jeunesse\/culte-jeunesse\/#breadcrumb"},"inLanguage":"fr-FR","potentialAction":[{"@type":"ReadAction","target":["https:\/\/www.eren.ch\/vdr\/jeunesse\/culte-jeunesse\/"]}]},{"@type":"BreadcrumbList","@id":"https:\/\/www.eren.ch\/vdr\/jeunesse\/culte-jeunesse\/#breadcrumb","itemListElement":[{"@type":"ListItem","position":1,"name":"Accueil","item":"https:\/\/www.eren.ch\/vdr\/"},{"@type":"ListItem","position":2,"name":"Enfance et jeunesse","item":"https:\/\/www.eren.ch\/vdr\/jeunesse\/"},{"@type":"ListItem","position":3,"name":"Le groupe de jeunes (8-11H)"}]},{"@type":"WebSite","@id":"https:\/\/www.eren.ch\/vdr\/#website","url":"https:\/\/www.eren.ch\/vdr\/","name":"Paroisse Val-de-Ruz","description":"La pr\u00e9sence protestante reconnue","publisher":{"@id":"https:\/\/www.eren.ch\/vdr\/#organization"},"potentialAction":[{"@type":"SearchAction","target":{"@type":"EntryPoint","urlTemplate":"https:\/\/www.eren.ch\/vdr\/?s={search_term_string}"},"query-input":{"@type":"PropertyValueSpecification","valueRequired":true,"valueName":"search_term_string"}}],"inLanguage":"fr-FR"},{"@type":"Organization","@id":"https:\/\/www.eren.ch\/vdr\/#organization","name":"Paroisse Val-de-Ruz","url":"https:\/\/www.eren.ch\/vdr\/","logo":{"@type":"ImageObject","inLanguage":"fr-FR","@id":"https:\/\/www.eren.ch\/vdr\/#\/schema\/logo\/image\/","url":"https:\/\/www.eren.ch\/vdr\/wp-content\/uploads\/sites\/7\/2020\/12\/logo-vdr.png","contentUrl":"https:\/\/www.eren.ch\/vdr\/wp-content\/uploads\/sites\/7\/2020\/12\/logo-vdr.png","width":240,"height":117,"caption":"Paroisse Val-de-Ruz"},"image":{"@id":"https:\/\/www.eren.ch\/vdr\/#\/schema\/logo\/image\/"},"sameAs":["https:\/\/www.facebook.com\/eglise.EREN\/","https:\/\/x.com\/EgliseEREN","https:\/\/fr.wikipedia.org\/wiki\/glise_rforme_vanglique_du_canton_de_Neuchtel"]}]}},"_links":{"self":[{"href":"https:\/\/www.eren.ch\/vdr\/wp-json\/wp\/v2\/pages\/20","targetHints":{"allow":["GET"]}}],"collection":[{"href":"https:\/\/www.eren.ch\/vdr\/wp-json\/wp\/v2\/pages"}],"about":[{"href":"https:\/\/www.eren.ch\/vdr\/wp-json\/wp\/v2\/types\/page"}],"author":[{"embeddable":true,"href":"https:\/\/www.eren.ch\/vdr\/wp-json\/wp\/v2\/users\/1"}],"replies":[{"embeddable":true,"href":"https:\/\/www.eren.ch\/vdr\/wp-json\/wp\/v2\/comments?post=20"}],"version-history":[{"count":13,"href":"https:\/\/www.eren.ch\/vdr\/wp-json\/wp\/v2\/pages\/20\/revisions"}],"predecessor-version":[{"id":2828,"href":"https:\/\/www.eren.ch\/vdr\/wp-json\/wp\/v2\/pages\/20\/revisions\/2828"}],"up":[{"embeddable":true,"href":"https:\/\/www.eren.ch\/vdr\/wp-json\/wp\/v2\/pages\/10"}],"wp:attachment":[{"href":"https:\/\/www.eren.ch\/vdr\/wp-json\/wp\/v2\/media?parent=20"}],"curies":[{"name":"wp","href":"https:\/\/api.w.org\/{rel}","templated":true}]}}