{"id":209,"date":"2017-02-21T10:03:53","date_gmt":"2017-02-21T09:03:53","guid":{"rendered":"https:\/\/www.eren.ch\/vdr\/?page_id=209"},"modified":"2021-07-23T13:57:19","modified_gmt":"2021-07-23T11:57:19","slug":"savagnier","status":"publish","type":"page","link":"https:\/\/www.eren.ch\/vdr\/temples\/savagnier\/","title":{"rendered":"Temple de Savagnier"},"content":{"rendered":"<p>La chapelle de Savagnier existe depuis 1440 environ. En 1650, la commune d\u00e9cida de reb\u00e2tir <a href=\"https:\/\/goo.gl\/maps\/2r3PgDY3xc2EH4i78\">l\u2019\u00e9glise<\/a> et de construire une tour; le travail fut confi\u00e9 aux ma\u00eetres ma\u00e7ons David et Pierre Savoie. Le ma\u00eetre charpentier Joab Matthey et son fils Jonas s\u2019occup\u00e8rent de la charpente, du plancher, des portes et du beffroi de la tour. Le ma\u00eetre charpentier Abraham Bourquin se chargea des toits de la nef et du ch\u0153ur, du lambrissage, du plancher, des bancs, des galeries, de la porte d\u2019entr\u00e9e et de la mise en place de la chaire. Les travaux furent achev\u00e9s en 1653 et Savagnier re\u00e7ut \u00e0 cette occasion un vitrail aux armes du prince Henri II d\u2019Orl\u00e9ans-Longueville \u00e0 placer dans la fen\u00eatre centrale du ch\u0153ur. En effet, malgr\u00e9 son inutilit\u00e9 liturgique dans un temple r\u00e9form\u00e9, un ch\u0153ur fut \u00e9difi\u00e9.<\/p>\n<p>Une nouvelle chaire r\u00e9alis\u00e9e par Jean Juillard rempla\u00e7a l\u2019ancienne, jug\u00e9e trop \u00e9troite en 1704. Suite \u00e0 un coup de foudre en 1717, la commune, contrainte \u00e0 des r\u00e9parations, en profita pour r\u00e9hausser la tour. Lors de la restauration de 1948, men\u00e9e par l\u2019architecte Fran\u00e7ois Wavre, cinq pierres tombales de la famille Girard, dat\u00e9es de 1670 \u00e0 1718, furent redress\u00e9es, quatre dans le ch\u0153ur et une dans la nef.<\/p>\n<div id='gallery-1' class='gallery galleryid-209 gallery-columns-3 gallery-size-thumbnail'><figure class='gallery-item'>\n\t\t\t<div class='gallery-icon landscape'>\n\t\t\t\t<a href='https:\/\/www.eren.ch\/vdr\/wp-content\/uploads\/sites\/7\/2017\/02\/savagnier_2.jpg'><img loading=\"lazy\" decoding=\"async\" width=\"150\" height=\"150\" src=\"https:\/\/www.eren.ch\/vdr\/wp-content\/uploads\/sites\/7\/2017\/02\/savagnier_2-150x150.jpg\" class=\"attachment-thumbnail size-thumbnail\" alt=\"\" \/><\/a>\n\t\t\t<\/div><\/figure><figure class='gallery-item'>\n\t\t\t<div class='gallery-icon landscape'>\n\t\t\t\t<a href='https:\/\/www.eren.ch\/vdr\/wp-content\/uploads\/sites\/7\/2017\/02\/savagnier_5.jpg'><img loading=\"lazy\" decoding=\"async\" width=\"150\" height=\"150\" src=\"https:\/\/www.eren.ch\/vdr\/wp-content\/uploads\/sites\/7\/2017\/02\/savagnier_5-150x150.jpg\" class=\"attachment-thumbnail size-thumbnail\" alt=\"\" \/><\/a>\n\t\t\t<\/div><\/figure><figure class='gallery-item'>\n\t\t\t<div class='gallery-icon landscape'>\n\t\t\t\t<a href='https:\/\/www.eren.ch\/vdr\/wp-content\/uploads\/sites\/7\/2017\/02\/savagnier_11.jpg'><img loading=\"lazy\" decoding=\"async\" width=\"150\" height=\"150\" src=\"https:\/\/www.eren.ch\/vdr\/wp-content\/uploads\/sites\/7\/2017\/02\/savagnier_11-150x150.jpg\" class=\"attachment-thumbnail size-thumbnail\" alt=\"\" \/><\/a>\n\t\t\t<\/div><\/figure>\n\t\t<\/div>\n\n","protected":false},"excerpt":{"rendered":"<p>La chapelle de Savagnier existe depuis 1440 environ. En 1650, la commune d\u00e9cida de reb\u00e2tir l\u2019\u00e9glise et de construire une tour; le travail fut confi\u00e9 aux ma\u00eetres ma\u00e7ons David et Pierre Savoie. Le ma\u00eetre charpentier Joab Matthey et son fils Jonas s\u2019occup\u00e8rent de la charpente, du plancher, des portes et du beffroi de la tour. &hellip; <a href=\"https:\/\/www.eren.ch\/vdr\/temples\/savagnier\/\" class=\"more-link\">Continuer la lecture<span class=\"screen-reader-text\"> de &laquo;&nbsp;Temple de Savagnier&nbsp;&raquo;<\/span><\/a><\/p>\n","protected":false},"author":1,"featured_media":0,"parent":92,"menu_order":100,"comment_status":"closed","ping_status":"closed","template":"","meta":{"footnotes":""},"class_list":["post-209","page","type-page","status-publish","hentry"],"yoast_head":"<!-- This site is optimized with the Yoast SEO Premium plugin v27.4 (Yoast SEO v27.4) - https:\/\/yoast.com\/product\/yoast-seo-premium-wordpress\/ -->\n<title>Temple de Savagnier - Paroisse Val-de-Ruz<\/title>\n<meta name=\"description\" content=\"La chapelle de Savagnier existe depuis 1440 environ. En 1650, la commune d\u00e9cida de reb\u00e2tir l\u2019\u00e9glise et de construire une tour; le travail fut confi\u00e9 aux\" \/>\n<meta name=\"robots\" content=\"index, follow, max-snippet:-1, max-image-preview:large, max-video-preview:-1\" \/>\n<link rel=\"canonical\" href=\"https:\/\/www.eren.ch\/vdr\/temples\/savagnier\/\" \/>\n<meta property=\"og:locale\" content=\"fr_FR\" \/>\n<meta property=\"og:type\" content=\"article\" \/>\n<meta property=\"og:title\" content=\"Temple de Savagnier\" \/>\n<meta property=\"og:description\" content=\"La chapelle de Savagnier existe depuis 1440 environ. En 1650, la commune d\u00e9cida de reb\u00e2tir l\u2019\u00e9glise et de construire une tour; le travail fut confi\u00e9 aux\" \/>\n<meta property=\"og:url\" content=\"https:\/\/www.eren.ch\/vdr\/temples\/savagnier\/\" \/>\n<meta property=\"og:site_name\" content=\"Paroisse Val-de-Ruz\" \/>\n<meta property=\"article:publisher\" content=\"https:\/\/www.facebook.com\/eglise.EREN\/\" \/>\n<meta property=\"article:modified_time\" content=\"2021-07-23T11:57:19+00:00\" \/>\n<meta property=\"og:image\" content=\"https:\/\/www.eren.ch\/vdr\/wp-content\/uploads\/sites\/7\/2017\/02\/savagnier_2-150x150.jpg\" \/>\n<meta name=\"twitter:card\" content=\"summary_large_image\" \/>\n<meta name=\"twitter:site\" content=\"@EgliseEREN\" \/>\n<meta name=\"twitter:label1\" content=\"Dur\u00e9e de lecture estim\u00e9e\" \/>\n\t<meta name=\"twitter:data1\" content=\"1 minute\" \/>\n<script type=\"application\/ld+json\" class=\"yoast-schema-graph\">{\"@context\":\"https:\\\/\\\/schema.org\",\"@graph\":[{\"@type\":\"WebPage\",\"@id\":\"https:\\\/\\\/www.eren.ch\\\/vdr\\\/temples\\\/savagnier\\\/\",\"url\":\"https:\\\/\\\/www.eren.ch\\\/vdr\\\/temples\\\/savagnier\\\/\",\"name\":\"Temple de Savagnier - Paroisse Val-de-Ruz\",\"isPartOf\":{\"@id\":\"https:\\\/\\\/www.eren.ch\\\/vdr\\\/#website\"},\"datePublished\":\"2017-02-21T09:03:53+00:00\",\"dateModified\":\"2021-07-23T11:57:19+00:00\",\"description\":\"La chapelle de Savagnier existe depuis 1440 environ. En 1650, la commune d\u00e9cida de reb\u00e2tir l\u2019\u00e9glise et de construire une tour; le travail fut confi\u00e9 aux\",\"breadcrumb\":{\"@id\":\"https:\\\/\\\/www.eren.ch\\\/vdr\\\/temples\\\/savagnier\\\/#breadcrumb\"},\"inLanguage\":\"fr-FR\",\"potentialAction\":[{\"@type\":\"ReadAction\",\"target\":[\"https:\\\/\\\/www.eren.ch\\\/vdr\\\/temples\\\/savagnier\\\/\"]}]},{\"@type\":\"BreadcrumbList\",\"@id\":\"https:\\\/\\\/www.eren.ch\\\/vdr\\\/temples\\\/savagnier\\\/#breadcrumb\",\"itemListElement\":[{\"@type\":\"ListItem\",\"position\":1,\"name\":\"Accueil\",\"item\":\"https:\\\/\\\/www.eren.ch\\\/vdr\\\/\"},{\"@type\":\"ListItem\",\"position\":2,\"name\":\"Temples et chapelles\",\"item\":\"https:\\\/\\\/www.eren.ch\\\/vdr\\\/temples\\\/\"},{\"@type\":\"ListItem\",\"position\":3,\"name\":\"Temple de Savagnier\"}]},{\"@type\":\"WebSite\",\"@id\":\"https:\\\/\\\/www.eren.ch\\\/vdr\\\/#website\",\"url\":\"https:\\\/\\\/www.eren.ch\\\/vdr\\\/\",\"name\":\"Paroisse Val-de-Ruz\",\"description\":\"La pr\u00e9sence protestante reconnue\",\"publisher\":{\"@id\":\"https:\\\/\\\/www.eren.ch\\\/vdr\\\/#organization\"},\"potentialAction\":[{\"@type\":\"SearchAction\",\"target\":{\"@type\":\"EntryPoint\",\"urlTemplate\":\"https:\\\/\\\/www.eren.ch\\\/vdr\\\/?s={search_term_string}\"},\"query-input\":{\"@type\":\"PropertyValueSpecification\",\"valueRequired\":true,\"valueName\":\"search_term_string\"}}],\"inLanguage\":\"fr-FR\"},{\"@type\":\"Organization\",\"@id\":\"https:\\\/\\\/www.eren.ch\\\/vdr\\\/#organization\",\"name\":\"Paroisse Val-de-Ruz\",\"url\":\"https:\\\/\\\/www.eren.ch\\\/vdr\\\/\",\"logo\":{\"@type\":\"ImageObject\",\"inLanguage\":\"fr-FR\",\"@id\":\"https:\\\/\\\/www.eren.ch\\\/vdr\\\/#\\\/schema\\\/logo\\\/image\\\/\",\"url\":\"https:\\\/\\\/www.eren.ch\\\/vdr\\\/wp-content\\\/uploads\\\/sites\\\/7\\\/2020\\\/12\\\/logo-vdr.png\",\"contentUrl\":\"https:\\\/\\\/www.eren.ch\\\/vdr\\\/wp-content\\\/uploads\\\/sites\\\/7\\\/2020\\\/12\\\/logo-vdr.png\",\"width\":240,\"height\":117,\"caption\":\"Paroisse Val-de-Ruz\"},\"image\":{\"@id\":\"https:\\\/\\\/www.eren.ch\\\/vdr\\\/#\\\/schema\\\/logo\\\/image\\\/\"},\"sameAs\":[\"https:\\\/\\\/www.facebook.com\\\/eglise.EREN\\\/\",\"https:\\\/\\\/x.com\\\/EgliseEREN\",\"https:\\\/\\\/fr.wikipedia.org\\\/wiki\\\/glise_rforme_vanglique_du_canton_de_Neuchtel\"]}]}<\/script>\n<!-- \/ Yoast SEO Premium plugin. -->","yoast_head_json":{"title":"Temple de Savagnier - Paroisse Val-de-Ruz","description":"La chapelle de Savagnier existe depuis 1440 environ. En 1650, la commune d\u00e9cida de reb\u00e2tir l\u2019\u00e9glise et de construire une tour; le travail fut confi\u00e9 aux","robots":{"index":"index","follow":"follow","max-snippet":"max-snippet:-1","max-image-preview":"max-image-preview:large","max-video-preview":"max-video-preview:-1"},"canonical":"https:\/\/www.eren.ch\/vdr\/temples\/savagnier\/","og_locale":"fr_FR","og_type":"article","og_title":"Temple de Savagnier","og_description":"La chapelle de Savagnier existe depuis 1440 environ. En 1650, la commune d\u00e9cida de reb\u00e2tir l\u2019\u00e9glise et de construire une tour; le travail fut confi\u00e9 aux","og_url":"https:\/\/www.eren.ch\/vdr\/temples\/savagnier\/","og_site_name":"Paroisse Val-de-Ruz","article_publisher":"https:\/\/www.facebook.com\/eglise.EREN\/","article_modified_time":"2021-07-23T11:57:19+00:00","og_image":[{"url":"https:\/\/www.eren.ch\/vdr\/wp-content\/uploads\/sites\/7\/2017\/02\/savagnier_2-150x150.jpg","type":"","width":"","height":""}],"twitter_card":"summary_large_image","twitter_site":"@EgliseEREN","twitter_misc":{"Dur\u00e9e de lecture estim\u00e9e":"1 minute"},"schema":{"@context":"https:\/\/schema.org","@graph":[{"@type":"WebPage","@id":"https:\/\/www.eren.ch\/vdr\/temples\/savagnier\/","url":"https:\/\/www.eren.ch\/vdr\/temples\/savagnier\/","name":"Temple de Savagnier - Paroisse Val-de-Ruz","isPartOf":{"@id":"https:\/\/www.eren.ch\/vdr\/#website"},"datePublished":"2017-02-21T09:03:53+00:00","dateModified":"2021-07-23T11:57:19+00:00","description":"La chapelle de Savagnier existe depuis 1440 environ. En 1650, la commune d\u00e9cida de reb\u00e2tir l\u2019\u00e9glise et de construire une tour; le travail fut confi\u00e9 aux","breadcrumb":{"@id":"https:\/\/www.eren.ch\/vdr\/temples\/savagnier\/#breadcrumb"},"inLanguage":"fr-FR","potentialAction":[{"@type":"ReadAction","target":["https:\/\/www.eren.ch\/vdr\/temples\/savagnier\/"]}]},{"@type":"BreadcrumbList","@id":"https:\/\/www.eren.ch\/vdr\/temples\/savagnier\/#breadcrumb","itemListElement":[{"@type":"ListItem","position":1,"name":"Accueil","item":"https:\/\/www.eren.ch\/vdr\/"},{"@type":"ListItem","position":2,"name":"Temples et chapelles","item":"https:\/\/www.eren.ch\/vdr\/temples\/"},{"@type":"ListItem","position":3,"name":"Temple de Savagnier"}]},{"@type":"WebSite","@id":"https:\/\/www.eren.ch\/vdr\/#website","url":"https:\/\/www.eren.ch\/vdr\/","name":"Paroisse Val-de-Ruz","description":"La pr\u00e9sence protestante reconnue","publisher":{"@id":"https:\/\/www.eren.ch\/vdr\/#organization"},"potentialAction":[{"@type":"SearchAction","target":{"@type":"EntryPoint","urlTemplate":"https:\/\/www.eren.ch\/vdr\/?s={search_term_string}"},"query-input":{"@type":"PropertyValueSpecification","valueRequired":true,"valueName":"search_term_string"}}],"inLanguage":"fr-FR"},{"@type":"Organization","@id":"https:\/\/www.eren.ch\/vdr\/#organization","name":"Paroisse Val-de-Ruz","url":"https:\/\/www.eren.ch\/vdr\/","logo":{"@type":"ImageObject","inLanguage":"fr-FR","@id":"https:\/\/www.eren.ch\/vdr\/#\/schema\/logo\/image\/","url":"https:\/\/www.eren.ch\/vdr\/wp-content\/uploads\/sites\/7\/2020\/12\/logo-vdr.png","contentUrl":"https:\/\/www.eren.ch\/vdr\/wp-content\/uploads\/sites\/7\/2020\/12\/logo-vdr.png","width":240,"height":117,"caption":"Paroisse Val-de-Ruz"},"image":{"@id":"https:\/\/www.eren.ch\/vdr\/#\/schema\/logo\/image\/"},"sameAs":["https:\/\/www.facebook.com\/eglise.EREN\/","https:\/\/x.com\/EgliseEREN","https:\/\/fr.wikipedia.org\/wiki\/glise_rforme_vanglique_du_canton_de_Neuchtel"]}]}},"_links":{"self":[{"href":"https:\/\/www.eren.ch\/vdr\/wp-json\/wp\/v2\/pages\/209","targetHints":{"allow":["GET"]}}],"collection":[{"href":"https:\/\/www.eren.ch\/vdr\/wp-json\/wp\/v2\/pages"}],"about":[{"href":"https:\/\/www.eren.ch\/vdr\/wp-json\/wp\/v2\/types\/page"}],"author":[{"embeddable":true,"href":"https:\/\/www.eren.ch\/vdr\/wp-json\/wp\/v2\/users\/1"}],"replies":[{"embeddable":true,"href":"https:\/\/www.eren.ch\/vdr\/wp-json\/wp\/v2\/comments?post=209"}],"version-history":[{"count":2,"href":"https:\/\/www.eren.ch\/vdr\/wp-json\/wp\/v2\/pages\/209\/revisions"}],"predecessor-version":[{"id":1526,"href":"https:\/\/www.eren.ch\/vdr\/wp-json\/wp\/v2\/pages\/209\/revisions\/1526"}],"up":[{"embeddable":true,"href":"https:\/\/www.eren.ch\/vdr\/wp-json\/wp\/v2\/pages\/92"}],"wp:attachment":[{"href":"https:\/\/www.eren.ch\/vdr\/wp-json\/wp\/v2\/media?parent=209"}],"curies":[{"name":"wp","href":"https:\/\/api.w.org\/{rel}","templated":true}]}}