{"id":214,"date":"2017-02-21T10:04:53","date_gmt":"2017-02-21T09:04:53","guid":{"rendered":"https:\/\/www.eren.ch\/vdr\/?page_id=214"},"modified":"2022-06-06T14:45:10","modified_gmt":"2022-06-06T12:45:10","slug":"valangin","status":"publish","type":"page","link":"https:\/\/www.eren.ch\/vdr\/temples\/valangin\/","title":{"rendered":"Temple de Valangin"},"content":{"rendered":"<p>Jusqu\u2019au XVIe si\u00e8cle, la ville de <a href=\"https:\/\/goo.gl\/maps\/7METBVbEXhnyPcyw6\">Valangin<\/a> \u00e9tait rattach\u00e9e \u00e0 la paroisse d\u2019Engollon. Ses seigneurs, Claude d\u2019Arberg et Guillemette de Vergy, d\u00e9cid\u00e8rent de rem\u00e9dier \u00e0 cette situation en \u00e9difiant une \u00e9glise coll\u00e9giale au nord du bourg, \u00e0 cheval sur le ruisseau de la Sorge. Les travaux commenc\u00e8rent \u00e0 l\u2019extr\u00eame fin du XVe si\u00e8cle et la d\u00e9dicace eut lieu le 1er juin 1505 par l\u2019\u00e9v\u00eaque de Lausanne. Apr\u00e8s la R\u00e9forme, la nef fut convertie en grenier seigneurial. En 1838, Sigismond de Meuron, directeur des b\u00e2timents du prince, choqu\u00e9 du mauvais \u00e9tat du temple en partie r\u00e9serv\u00e9 \u00e0 des usages profanes, proposa de r\u00e9tablir l\u2019\u00e9difice dans son \u00e9tat primitif. L\u2019architecte James Colin fut charg\u00e9 de la supervision des travaux. La restauration, qui ne fut achev\u00e9e qu\u2019en 1841, a diminu\u00e9 de 6m75 la longueur de la nef, fait dispara\u00eetre le porche de bois et trois fen\u00eatres et b\u00e2tir une fa\u00e7ade neuve.<\/p>\n<p>Lors d\u2019une nouvelle restauration men\u00e9e durant les ann\u00e9es 1908-1909 par l\u2019architecte L\u00e9o Ch\u00e2telain, une sacristie fut ajout\u00e9e dans l\u2019angle sud-est. Des vitraux de Clement Heaton aux armes de donateurs vinrent garnir les fen\u00eatres dans les ann\u00e9es suivantes. Dans le ch\u0153ur, une niche abrite le monument fun\u00e9raire des fondateurs de l\u2019\u00e9glise sous une plaque de bronze dat\u00e9e de 1523. Le sculpteur Fr\u00e9d\u00e9ric Marthe restaura et compl\u00e9ta leurs gisants en 1840-41. Les fonts baptismaux octogonaux portent une inscription qui signale que l\u2019\u00e9glise a \u00e9t\u00e9 b\u00e2tie en 1500. La chaire de noyer de style Louis XV, de 1779, est l\u2019\u0153uvre de Wilhelm Buell. L\u2019int\u00e9rieur de l\u2019\u00e9difice a \u00e9t\u00e9 enti\u00e8rement restaur\u00e9 en 2004-05.<\/p>\n<div id='gallery-1' class='gallery galleryid-214 gallery-columns-3 gallery-size-thumbnail'><figure class='gallery-item'>\n\t\t\t<div class='gallery-icon landscape'>\n\t\t\t\t<a href='https:\/\/www.eren.ch\/vdr\/wp-content\/uploads\/sites\/7\/2017\/02\/valangin_3.jpg'><img loading=\"lazy\" decoding=\"async\" width=\"150\" height=\"150\" src=\"https:\/\/www.eren.ch\/vdr\/wp-content\/uploads\/sites\/7\/2017\/02\/valangin_3-150x150.jpg\" class=\"attachment-thumbnail size-thumbnail\" alt=\"\" \/><\/a>\n\t\t\t<\/div><\/figure><figure class='gallery-item'>\n\t\t\t<div class='gallery-icon landscape'>\n\t\t\t\t<a href='https:\/\/www.eren.ch\/vdr\/wp-content\/uploads\/sites\/7\/2017\/02\/valangin_19.jpg'><img loading=\"lazy\" decoding=\"async\" width=\"150\" height=\"150\" src=\"https:\/\/www.eren.ch\/vdr\/wp-content\/uploads\/sites\/7\/2017\/02\/valangin_19-150x150.jpg\" class=\"attachment-thumbnail size-thumbnail\" alt=\"\" \/><\/a>\n\t\t\t<\/div><\/figure><figure class='gallery-item'>\n\t\t\t<div class='gallery-icon landscape'>\n\t\t\t\t<a href='https:\/\/www.eren.ch\/vdr\/wp-content\/uploads\/sites\/7\/2017\/02\/valangin_33.jpg'><img loading=\"lazy\" decoding=\"async\" width=\"150\" height=\"150\" src=\"https:\/\/www.eren.ch\/vdr\/wp-content\/uploads\/sites\/7\/2017\/02\/valangin_33-150x150.jpg\" class=\"attachment-thumbnail size-thumbnail\" alt=\"\" \/><\/a>\n\t\t\t<\/div><\/figure>\n\t\t<\/div>\n\n","protected":false},"excerpt":{"rendered":"<p>Jusqu\u2019au XVIe si\u00e8cle, la ville de Valangin \u00e9tait rattach\u00e9e \u00e0 la paroisse d\u2019Engollon. Ses seigneurs, Claude d\u2019Arberg et Guillemette de Vergy, d\u00e9cid\u00e8rent de rem\u00e9dier \u00e0 cette situation en \u00e9difiant une \u00e9glise coll\u00e9giale au nord du bourg, \u00e0 cheval sur le ruisseau de la Sorge. Les travaux commenc\u00e8rent \u00e0 l\u2019extr\u00eame fin du XVe si\u00e8cle et la &hellip; <a href=\"https:\/\/www.eren.ch\/vdr\/temples\/valangin\/\" class=\"more-link\">Continuer la lecture<span class=\"screen-reader-text\"> de &laquo;&nbsp;Temple de Valangin&nbsp;&raquo;<\/span><\/a><\/p>\n","protected":false},"author":1,"featured_media":0,"parent":92,"menu_order":110,"comment_status":"closed","ping_status":"closed","template":"","meta":{"footnotes":""},"class_list":["post-214","page","type-page","status-publish","hentry"],"yoast_head":"<!-- This site is optimized with the Yoast SEO Premium plugin v27.6 (Yoast SEO v27.6) - https:\/\/yoast.com\/product\/yoast-seo-premium-wordpress\/ -->\n<title>Coll\u00e9giale de Valangin - Paroisse Val-de-Ruz<\/title>\n<meta name=\"description\" content=\"Jusqu\u2019au XVIe si\u00e8cle, la ville de Valangin \u00e9tait rattach\u00e9e \u00e0 la paroisse d\u2019Engollon. Ses seigneurs, Claude d\u2019Arberg et Guillemette de Vergy, d\u00e9cid\u00e8rent de\" \/>\n<meta name=\"robots\" content=\"index, follow, max-snippet:-1, max-image-preview:large, max-video-preview:-1\" \/>\n<link rel=\"canonical\" href=\"https:\/\/www.eren.ch\/vdr\/temples\/valangin\/\" \/>\n<meta property=\"og:locale\" content=\"fr_FR\" \/>\n<meta property=\"og:type\" content=\"article\" \/>\n<meta property=\"og:title\" content=\"Temple de Valangin\" \/>\n<meta property=\"og:description\" content=\"Jusqu\u2019au XVIe si\u00e8cle, la ville de Valangin \u00e9tait rattach\u00e9e \u00e0 la paroisse d\u2019Engollon. Ses seigneurs, Claude d\u2019Arberg et Guillemette de Vergy, d\u00e9cid\u00e8rent de\" \/>\n<meta property=\"og:url\" content=\"https:\/\/www.eren.ch\/vdr\/temples\/valangin\/\" \/>\n<meta property=\"og:site_name\" content=\"Paroisse Val-de-Ruz\" \/>\n<meta property=\"article:publisher\" content=\"https:\/\/www.facebook.com\/eglise.EREN\/\" \/>\n<meta property=\"article:modified_time\" content=\"2022-06-06T12:45:10+00:00\" \/>\n<meta property=\"og:image\" content=\"https:\/\/www.eren.ch\/vdr\/wp-content\/uploads\/sites\/7\/2017\/02\/valangin_3-150x150.jpg\" \/>\n<meta name=\"twitter:card\" content=\"summary_large_image\" \/>\n<meta name=\"twitter:site\" content=\"@EgliseEREN\" \/>\n<meta name=\"twitter:label1\" content=\"Dur\u00e9e de lecture estim\u00e9e\" \/>\n\t<meta name=\"twitter:data1\" content=\"2 minutes\" \/>\n<script type=\"application\/ld+json\" class=\"yoast-schema-graph\">{\"@context\":\"https:\\\/\\\/schema.org\",\"@graph\":[{\"@type\":\"WebPage\",\"@id\":\"https:\\\/\\\/www.eren.ch\\\/vdr\\\/temples\\\/valangin\\\/\",\"url\":\"https:\\\/\\\/www.eren.ch\\\/vdr\\\/temples\\\/valangin\\\/\",\"name\":\"Coll\u00e9giale de Valangin - Paroisse Val-de-Ruz\",\"isPartOf\":{\"@id\":\"https:\\\/\\\/www.eren.ch\\\/vdr\\\/#website\"},\"datePublished\":\"2017-02-21T09:04:53+00:00\",\"dateModified\":\"2022-06-06T12:45:10+00:00\",\"description\":\"Jusqu\u2019au XVIe si\u00e8cle, la ville de Valangin \u00e9tait rattach\u00e9e \u00e0 la paroisse d\u2019Engollon. Ses seigneurs, Claude d\u2019Arberg et Guillemette de Vergy, d\u00e9cid\u00e8rent de\",\"breadcrumb\":{\"@id\":\"https:\\\/\\\/www.eren.ch\\\/vdr\\\/temples\\\/valangin\\\/#breadcrumb\"},\"inLanguage\":\"fr-FR\",\"potentialAction\":[{\"@type\":\"ReadAction\",\"target\":[\"https:\\\/\\\/www.eren.ch\\\/vdr\\\/temples\\\/valangin\\\/\"]}]},{\"@type\":\"BreadcrumbList\",\"@id\":\"https:\\\/\\\/www.eren.ch\\\/vdr\\\/temples\\\/valangin\\\/#breadcrumb\",\"itemListElement\":[{\"@type\":\"ListItem\",\"position\":1,\"name\":\"Accueil\",\"item\":\"https:\\\/\\\/www.eren.ch\\\/vdr\\\/\"},{\"@type\":\"ListItem\",\"position\":2,\"name\":\"Temples et chapelles\",\"item\":\"https:\\\/\\\/www.eren.ch\\\/vdr\\\/temples\\\/\"},{\"@type\":\"ListItem\",\"position\":3,\"name\":\"Temple de Valangin\"}]},{\"@type\":\"WebSite\",\"@id\":\"https:\\\/\\\/www.eren.ch\\\/vdr\\\/#website\",\"url\":\"https:\\\/\\\/www.eren.ch\\\/vdr\\\/\",\"name\":\"Paroisse Val-de-Ruz\",\"description\":\"La pr\u00e9sence protestante reconnue\",\"publisher\":{\"@id\":\"https:\\\/\\\/www.eren.ch\\\/vdr\\\/#organization\"},\"potentialAction\":[{\"@type\":\"SearchAction\",\"target\":{\"@type\":\"EntryPoint\",\"urlTemplate\":\"https:\\\/\\\/www.eren.ch\\\/vdr\\\/?s={search_term_string}\"},\"query-input\":{\"@type\":\"PropertyValueSpecification\",\"valueRequired\":true,\"valueName\":\"search_term_string\"}}],\"inLanguage\":\"fr-FR\"},{\"@type\":\"Organization\",\"@id\":\"https:\\\/\\\/www.eren.ch\\\/vdr\\\/#organization\",\"name\":\"Paroisse Val-de-Ruz\",\"url\":\"https:\\\/\\\/www.eren.ch\\\/vdr\\\/\",\"logo\":{\"@type\":\"ImageObject\",\"inLanguage\":\"fr-FR\",\"@id\":\"https:\\\/\\\/www.eren.ch\\\/vdr\\\/#\\\/schema\\\/logo\\\/image\\\/\",\"url\":\"https:\\\/\\\/www.eren.ch\\\/vdr\\\/wp-content\\\/uploads\\\/sites\\\/7\\\/2020\\\/12\\\/logo-vdr.png\",\"contentUrl\":\"https:\\\/\\\/www.eren.ch\\\/vdr\\\/wp-content\\\/uploads\\\/sites\\\/7\\\/2020\\\/12\\\/logo-vdr.png\",\"width\":240,\"height\":117,\"caption\":\"Paroisse Val-de-Ruz\"},\"image\":{\"@id\":\"https:\\\/\\\/www.eren.ch\\\/vdr\\\/#\\\/schema\\\/logo\\\/image\\\/\"},\"sameAs\":[\"https:\\\/\\\/www.facebook.com\\\/eglise.EREN\\\/\",\"https:\\\/\\\/x.com\\\/EgliseEREN\",\"https:\\\/\\\/fr.wikipedia.org\\\/wiki\\\/glise_rforme_vanglique_du_canton_de_Neuchtel\"]}]}<\/script>\n<!-- \/ Yoast SEO Premium plugin. -->","yoast_head_json":{"title":"Coll\u00e9giale de Valangin - Paroisse Val-de-Ruz","description":"Jusqu\u2019au XVIe si\u00e8cle, la ville de Valangin \u00e9tait rattach\u00e9e \u00e0 la paroisse d\u2019Engollon. Ses seigneurs, Claude d\u2019Arberg et Guillemette de Vergy, d\u00e9cid\u00e8rent de","robots":{"index":"index","follow":"follow","max-snippet":"max-snippet:-1","max-image-preview":"max-image-preview:large","max-video-preview":"max-video-preview:-1"},"canonical":"https:\/\/www.eren.ch\/vdr\/temples\/valangin\/","og_locale":"fr_FR","og_type":"article","og_title":"Temple de Valangin","og_description":"Jusqu\u2019au XVIe si\u00e8cle, la ville de Valangin \u00e9tait rattach\u00e9e \u00e0 la paroisse d\u2019Engollon. Ses seigneurs, Claude d\u2019Arberg et Guillemette de Vergy, d\u00e9cid\u00e8rent de","og_url":"https:\/\/www.eren.ch\/vdr\/temples\/valangin\/","og_site_name":"Paroisse Val-de-Ruz","article_publisher":"https:\/\/www.facebook.com\/eglise.EREN\/","article_modified_time":"2022-06-06T12:45:10+00:00","og_image":[{"url":"https:\/\/www.eren.ch\/vdr\/wp-content\/uploads\/sites\/7\/2017\/02\/valangin_3-150x150.jpg","type":"","width":"","height":""}],"twitter_card":"summary_large_image","twitter_site":"@EgliseEREN","twitter_misc":{"Dur\u00e9e de lecture estim\u00e9e":"2 minutes"},"schema":{"@context":"https:\/\/schema.org","@graph":[{"@type":"WebPage","@id":"https:\/\/www.eren.ch\/vdr\/temples\/valangin\/","url":"https:\/\/www.eren.ch\/vdr\/temples\/valangin\/","name":"Coll\u00e9giale de Valangin - Paroisse Val-de-Ruz","isPartOf":{"@id":"https:\/\/www.eren.ch\/vdr\/#website"},"datePublished":"2017-02-21T09:04:53+00:00","dateModified":"2022-06-06T12:45:10+00:00","description":"Jusqu\u2019au XVIe si\u00e8cle, la ville de Valangin \u00e9tait rattach\u00e9e \u00e0 la paroisse d\u2019Engollon. Ses seigneurs, Claude d\u2019Arberg et Guillemette de Vergy, d\u00e9cid\u00e8rent de","breadcrumb":{"@id":"https:\/\/www.eren.ch\/vdr\/temples\/valangin\/#breadcrumb"},"inLanguage":"fr-FR","potentialAction":[{"@type":"ReadAction","target":["https:\/\/www.eren.ch\/vdr\/temples\/valangin\/"]}]},{"@type":"BreadcrumbList","@id":"https:\/\/www.eren.ch\/vdr\/temples\/valangin\/#breadcrumb","itemListElement":[{"@type":"ListItem","position":1,"name":"Accueil","item":"https:\/\/www.eren.ch\/vdr\/"},{"@type":"ListItem","position":2,"name":"Temples et chapelles","item":"https:\/\/www.eren.ch\/vdr\/temples\/"},{"@type":"ListItem","position":3,"name":"Temple de Valangin"}]},{"@type":"WebSite","@id":"https:\/\/www.eren.ch\/vdr\/#website","url":"https:\/\/www.eren.ch\/vdr\/","name":"Paroisse Val-de-Ruz","description":"La pr\u00e9sence protestante reconnue","publisher":{"@id":"https:\/\/www.eren.ch\/vdr\/#organization"},"potentialAction":[{"@type":"SearchAction","target":{"@type":"EntryPoint","urlTemplate":"https:\/\/www.eren.ch\/vdr\/?s={search_term_string}"},"query-input":{"@type":"PropertyValueSpecification","valueRequired":true,"valueName":"search_term_string"}}],"inLanguage":"fr-FR"},{"@type":"Organization","@id":"https:\/\/www.eren.ch\/vdr\/#organization","name":"Paroisse Val-de-Ruz","url":"https:\/\/www.eren.ch\/vdr\/","logo":{"@type":"ImageObject","inLanguage":"fr-FR","@id":"https:\/\/www.eren.ch\/vdr\/#\/schema\/logo\/image\/","url":"https:\/\/www.eren.ch\/vdr\/wp-content\/uploads\/sites\/7\/2020\/12\/logo-vdr.png","contentUrl":"https:\/\/www.eren.ch\/vdr\/wp-content\/uploads\/sites\/7\/2020\/12\/logo-vdr.png","width":240,"height":117,"caption":"Paroisse Val-de-Ruz"},"image":{"@id":"https:\/\/www.eren.ch\/vdr\/#\/schema\/logo\/image\/"},"sameAs":["https:\/\/www.facebook.com\/eglise.EREN\/","https:\/\/x.com\/EgliseEREN","https:\/\/fr.wikipedia.org\/wiki\/glise_rforme_vanglique_du_canton_de_Neuchtel"]}]}},"_links":{"self":[{"href":"https:\/\/www.eren.ch\/vdr\/wp-json\/wp\/v2\/pages\/214","targetHints":{"allow":["GET"]}}],"collection":[{"href":"https:\/\/www.eren.ch\/vdr\/wp-json\/wp\/v2\/pages"}],"about":[{"href":"https:\/\/www.eren.ch\/vdr\/wp-json\/wp\/v2\/types\/page"}],"author":[{"embeddable":true,"href":"https:\/\/www.eren.ch\/vdr\/wp-json\/wp\/v2\/users\/1"}],"replies":[{"embeddable":true,"href":"https:\/\/www.eren.ch\/vdr\/wp-json\/wp\/v2\/comments?post=214"}],"version-history":[{"count":2,"href":"https:\/\/www.eren.ch\/vdr\/wp-json\/wp\/v2\/pages\/214\/revisions"}],"predecessor-version":[{"id":1527,"href":"https:\/\/www.eren.ch\/vdr\/wp-json\/wp\/v2\/pages\/214\/revisions\/1527"}],"up":[{"embeddable":true,"href":"https:\/\/www.eren.ch\/vdr\/wp-json\/wp\/v2\/pages\/92"}],"wp:attachment":[{"href":"https:\/\/www.eren.ch\/vdr\/wp-json\/wp\/v2\/media?parent=214"}],"curies":[{"name":"wp","href":"https:\/\/api.w.org\/{rel}","templated":true}]}}