{"id":238,"date":"2017-03-07T16:35:08","date_gmt":"2017-03-07T15:35:08","guid":{"rendered":"https:\/\/www.eren.ch\/vdr\/?page_id=238"},"modified":"2025-04-04T11:24:57","modified_gmt":"2025-04-04T09:24:57","slug":"cultes","status":"publish","type":"page","link":"https:\/\/www.eren.ch\/vdr\/celebrations\/cultes\/","title":{"rendered":"Cultes"},"content":{"rendered":"<h4>Le culte, en bref&#8230;<\/h4>\n<p>Le culte est le centre de la vie communautaire de la paroisse. Le culte permet une double rencontre :<\/p>\n<ul>\n<li>Celle de l&rsquo;humain avec Dieu : dans ce moment mis \u00e0 part, c&rsquo;est Dieu qui vient \u00e0 notre rencontre. Nous nous pla\u00e7ons donc devant lui pour \u00e9couter sa Parole, une parole de vie que nous recevons d&rsquo;une part par la Bible (lue, que le\/la ministre commente et actualise dans sa <a href=\"https:\/\/www.celebrer.ch\/culte\/cest-quoi\/predication\">pr\u00e9dication<\/a>) et d&rsquo;autre part, r\u00e9guli\u00e8rement, par la communion \u00e0 <a href=\"https:\/\/www.celebrer.ch\/culte\/cest-quoi\/sainte-cene\">la Sainte-C\u00e8ne<\/a>.<\/li>\n<li>Celle qui a lieu avec les autres, celles et ceux qui comme nous avancent sur le chemin de la foi, pour prier, \u00e9couter, partager et f\u00eater la vie que Dieu nous donne. En Eglise, il n&rsquo;y a pas \u00ab\u00a0ceux qui savent\u00a0\u00bb d&rsquo;un c\u00f4t\u00e9 et \u00ab\u00a0ceux qui ne savent pas\u00a0\u00bb de l&rsquo;autre : la foi est un cheminement. Alors bienvenue \u00e0 toi o\u00f9 que tu en sois sur la route de ta vie !<\/li>\n<\/ul>\n<p>Plus d&rsquo;<strong>infos<\/strong> sur le culte et ce qui s&rsquo;y passe, <a href=\"https:\/\/www.celebrer.ch\/culte\/cest-quoi\">c&rsquo;est ici !<\/a><\/p>\n<p>Depuis f\u00e9vrier 2025,il y a \u00e9galement des <a href=\"https:\/\/www.eren.ch\/vdr\/celebrations\/cultes\/celebrer-autrement\/\">c\u00e9l\u00e9brations autrement\u00a0<\/a>.<\/p>\n<h4>Le culte, c&rsquo;est quand et par qui ?<\/h4>\n<p><strong>En temps ordinaire<\/strong>, les cultes sont c\u00e9l\u00e9br\u00e9s dans la paroisse chaque dimanche matin (parfois aussi le samedi soir) selon une r\u00e9partition g\u00e9ographique parmi les onze temples de la paroisse. Les contraintes sanitaires li\u00e9es \u00e0 la pand\u00e9mie de COVID-19 nous obligent toutefois \u00e0 certaines adaptations.<\/p>\n<p>Chez les protestants, il n&rsquo;y a pas de hi\u00e9rarchie entre les \u00eatres humains devant Dieu. Chacun et chacune participe donc au culte sous le regard bienveillant de Dieu. C&rsquo;est donc pour des raisons pratiques uniquement qu&rsquo;un\/une ministre (<a href=\"https:\/\/www.protestant-formation.ch\/-devenir-pasteur\/La-formation-pastorale\/description-du-ministere-pastoral\">pasteur\/e<\/a> ou <a href=\"https:\/\/www.protestant-formation.ch\/-devenir-diacre\/La-formation-diaconale\/description-du-ministere-diaconal\">diacre<\/a>) pr\u00e9side les temps de culte.<\/p>\n<p>Un groupe de pr\u00e9dicateurs et pr\u00e9dicatrices la\u00efcs animent \u00e9galement certains cultes durant l&rsquo;ann\u00e9e. Ces personnes ont re\u00e7u une formation reconnue leur permettant de c\u00e9l\u00e9brer des cultes de mani\u00e8re autonome (pour toute information \u00e0 ce sujet : Isabelle Bochud, <a href=\"mailto:i.bochud@bluewin.ch\">i.bochud@bluewin.ch<\/a>).<\/p>\n\n<!-- iframe plugin v.6.0 wordpress.org\/plugins\/iframe\/ -->\n<iframe loading=\"lazy\" src=\"https:\/\/calendar.google.com\/calendar\/embed?showTitle=0&#038;showCalendars=0&#038;showTz=0&#038;mode=AGENDA&#038;height=600&#038;wkst=2&#038;hl=fr&#038;bgcolor=%23FFFFFF&#038;src=p3lmi5jp3c21a9joo6vh04dbao%40group.calendar.google.com&#038;color=%238C500B&#038;ctz=Europe%2FRome\" style=\"border-width:0\" width=\"800\" height=\"600\" frameborder=\"0\" scrolling=\"no\" class=\"iframe-class\"><\/iframe>\n\n","protected":false},"excerpt":{"rendered":"<p>Le culte, en bref&#8230; Le culte est le centre de la vie communautaire de la paroisse. Le culte permet une double rencontre : Celle de l&rsquo;humain avec Dieu : dans ce moment mis \u00e0 part, c&rsquo;est Dieu qui vient \u00e0 notre rencontre. Nous nous pla\u00e7ons donc devant lui pour \u00e9couter sa Parole, une parole de &hellip; <a href=\"https:\/\/www.eren.ch\/vdr\/celebrations\/cultes\/\" class=\"more-link\">Continuer la lecture<span class=\"screen-reader-text\"> de &laquo;&nbsp;Cultes&nbsp;&raquo;<\/span><\/a><\/p>\n","protected":false},"author":1,"featured_media":0,"parent":243,"menu_order":10,"comment_status":"closed","ping_status":"closed","template":"","meta":{"footnotes":""},"class_list":["post-238","page","type-page","status-publish","hentry"],"yoast_head":"<!-- This site is optimized with the Yoast SEO Premium plugin v27.3 (Yoast SEO v27.4) - https:\/\/yoast.com\/product\/yoast-seo-premium-wordpress\/ -->\n<title>Cultes - Paroisse Val-de-Ruz<\/title>\n<meta name=\"description\" content=\"Le culte, en bref... Le culte est le centre de la vie communautaire de la paroisse. Le culte permet une double rencontre : Celle de l&#039;humain avec Dieu :\" \/>\n<meta name=\"robots\" content=\"index, follow, max-snippet:-1, max-image-preview:large, max-video-preview:-1\" \/>\n<link rel=\"canonical\" href=\"https:\/\/www.eren.ch\/vdr\/celebrations\/cultes\/\" \/>\n<meta property=\"og:locale\" content=\"fr_FR\" \/>\n<meta property=\"og:type\" content=\"article\" \/>\n<meta property=\"og:title\" content=\"Cultes\" \/>\n<meta property=\"og:description\" content=\"Le culte, en bref... Le culte est le centre de la vie communautaire de la paroisse. Le culte permet une double rencontre : Celle de l&#039;humain avec Dieu :\" \/>\n<meta property=\"og:url\" content=\"https:\/\/www.eren.ch\/vdr\/celebrations\/cultes\/\" \/>\n<meta property=\"og:site_name\" content=\"Paroisse Val-de-Ruz\" \/>\n<meta property=\"article:publisher\" content=\"https:\/\/www.facebook.com\/eglise.EREN\/\" \/>\n<meta property=\"article:modified_time\" content=\"2025-04-04T09:24:57+00:00\" \/>\n<meta property=\"og:image\" content=\"https:\/\/www.eren.ch\/vdr\/wp-content\/uploads\/sites\/7\/2017\/02\/boudevilliers_3.jpg\" \/>\n\t<meta property=\"og:image:width\" content=\"886\" \/>\n\t<meta property=\"og:image:height\" content=\"589\" \/>\n\t<meta property=\"og:image:type\" content=\"image\/jpeg\" \/>\n<meta name=\"twitter:card\" content=\"summary_large_image\" \/>\n<meta name=\"twitter:site\" content=\"@EgliseEREN\" \/>\n<meta name=\"twitter:label1\" content=\"Dur\u00e9e de lecture estim\u00e9e\" \/>\n\t<meta name=\"twitter:data1\" content=\"2 minutes\" \/>\n<script type=\"application\/ld+json\" class=\"yoast-schema-graph\">{\"@context\":\"https:\\\/\\\/schema.org\",\"@graph\":[{\"@type\":\"WebPage\",\"@id\":\"https:\\\/\\\/www.eren.ch\\\/vdr\\\/celebrations\\\/cultes\\\/\",\"url\":\"https:\\\/\\\/www.eren.ch\\\/vdr\\\/celebrations\\\/cultes\\\/\",\"name\":\"Cultes - Paroisse Val-de-Ruz\",\"isPartOf\":{\"@id\":\"https:\\\/\\\/www.eren.ch\\\/vdr\\\/#website\"},\"datePublished\":\"2017-03-07T15:35:08+00:00\",\"dateModified\":\"2025-04-04T09:24:57+00:00\",\"description\":\"Le culte, en bref... Le culte est le centre de la vie communautaire de la paroisse. Le culte permet une double rencontre : Celle de l'humain avec Dieu :\",\"breadcrumb\":{\"@id\":\"https:\\\/\\\/www.eren.ch\\\/vdr\\\/celebrations\\\/cultes\\\/#breadcrumb\"},\"inLanguage\":\"fr-FR\",\"potentialAction\":[{\"@type\":\"ReadAction\",\"target\":[\"https:\\\/\\\/www.eren.ch\\\/vdr\\\/celebrations\\\/cultes\\\/\"]}]},{\"@type\":\"BreadcrumbList\",\"@id\":\"https:\\\/\\\/www.eren.ch\\\/vdr\\\/celebrations\\\/cultes\\\/#breadcrumb\",\"itemListElement\":[{\"@type\":\"ListItem\",\"position\":1,\"name\":\"Accueil\",\"item\":\"https:\\\/\\\/www.eren.ch\\\/vdr\\\/\"},{\"@type\":\"ListItem\",\"position\":2,\"name\":\"C\u00e9l\u00e9brations\",\"item\":\"https:\\\/\\\/www.eren.ch\\\/vdr\\\/celebrations\\\/\"},{\"@type\":\"ListItem\",\"position\":3,\"name\":\"Cultes\"}]},{\"@type\":\"WebSite\",\"@id\":\"https:\\\/\\\/www.eren.ch\\\/vdr\\\/#website\",\"url\":\"https:\\\/\\\/www.eren.ch\\\/vdr\\\/\",\"name\":\"Paroisse Val-de-Ruz\",\"description\":\"La pr\u00e9sence protestante reconnue\",\"publisher\":{\"@id\":\"https:\\\/\\\/www.eren.ch\\\/vdr\\\/#organization\"},\"potentialAction\":[{\"@type\":\"SearchAction\",\"target\":{\"@type\":\"EntryPoint\",\"urlTemplate\":\"https:\\\/\\\/www.eren.ch\\\/vdr\\\/?s={search_term_string}\"},\"query-input\":{\"@type\":\"PropertyValueSpecification\",\"valueRequired\":true,\"valueName\":\"search_term_string\"}}],\"inLanguage\":\"fr-FR\"},{\"@type\":\"Organization\",\"@id\":\"https:\\\/\\\/www.eren.ch\\\/vdr\\\/#organization\",\"name\":\"Paroisse Val-de-Ruz\",\"url\":\"https:\\\/\\\/www.eren.ch\\\/vdr\\\/\",\"logo\":{\"@type\":\"ImageObject\",\"inLanguage\":\"fr-FR\",\"@id\":\"https:\\\/\\\/www.eren.ch\\\/vdr\\\/#\\\/schema\\\/logo\\\/image\\\/\",\"url\":\"https:\\\/\\\/www.eren.ch\\\/vdr\\\/wp-content\\\/uploads\\\/sites\\\/7\\\/2020\\\/12\\\/logo-vdr.png\",\"contentUrl\":\"https:\\\/\\\/www.eren.ch\\\/vdr\\\/wp-content\\\/uploads\\\/sites\\\/7\\\/2020\\\/12\\\/logo-vdr.png\",\"width\":240,\"height\":117,\"caption\":\"Paroisse Val-de-Ruz\"},\"image\":{\"@id\":\"https:\\\/\\\/www.eren.ch\\\/vdr\\\/#\\\/schema\\\/logo\\\/image\\\/\"},\"sameAs\":[\"https:\\\/\\\/www.facebook.com\\\/eglise.EREN\\\/\",\"https:\\\/\\\/x.com\\\/EgliseEREN\",\"https:\\\/\\\/fr.wikipedia.org\\\/wiki\\\/glise_rforme_vanglique_du_canton_de_Neuchtel\"]}]}<\/script>\n<!-- \/ Yoast SEO Premium plugin. -->","yoast_head_json":{"title":"Cultes - Paroisse Val-de-Ruz","description":"Le culte, en bref... Le culte est le centre de la vie communautaire de la paroisse. Le culte permet une double rencontre : Celle de l'humain avec Dieu :","robots":{"index":"index","follow":"follow","max-snippet":"max-snippet:-1","max-image-preview":"max-image-preview:large","max-video-preview":"max-video-preview:-1"},"canonical":"https:\/\/www.eren.ch\/vdr\/celebrations\/cultes\/","og_locale":"fr_FR","og_type":"article","og_title":"Cultes","og_description":"Le culte, en bref... Le culte est le centre de la vie communautaire de la paroisse. Le culte permet une double rencontre : Celle de l'humain avec Dieu :","og_url":"https:\/\/www.eren.ch\/vdr\/celebrations\/cultes\/","og_site_name":"Paroisse Val-de-Ruz","article_publisher":"https:\/\/www.facebook.com\/eglise.EREN\/","article_modified_time":"2025-04-04T09:24:57+00:00","og_image":[{"width":886,"height":589,"url":"https:\/\/www.eren.ch\/vdr\/wp-content\/uploads\/sites\/7\/2017\/02\/boudevilliers_3.jpg","type":"image\/jpeg"}],"twitter_card":"summary_large_image","twitter_site":"@EgliseEREN","twitter_misc":{"Dur\u00e9e de lecture estim\u00e9e":"2 minutes"},"schema":{"@context":"https:\/\/schema.org","@graph":[{"@type":"WebPage","@id":"https:\/\/www.eren.ch\/vdr\/celebrations\/cultes\/","url":"https:\/\/www.eren.ch\/vdr\/celebrations\/cultes\/","name":"Cultes - Paroisse Val-de-Ruz","isPartOf":{"@id":"https:\/\/www.eren.ch\/vdr\/#website"},"datePublished":"2017-03-07T15:35:08+00:00","dateModified":"2025-04-04T09:24:57+00:00","description":"Le culte, en bref... Le culte est le centre de la vie communautaire de la paroisse. Le culte permet une double rencontre : Celle de l'humain avec Dieu :","breadcrumb":{"@id":"https:\/\/www.eren.ch\/vdr\/celebrations\/cultes\/#breadcrumb"},"inLanguage":"fr-FR","potentialAction":[{"@type":"ReadAction","target":["https:\/\/www.eren.ch\/vdr\/celebrations\/cultes\/"]}]},{"@type":"BreadcrumbList","@id":"https:\/\/www.eren.ch\/vdr\/celebrations\/cultes\/#breadcrumb","itemListElement":[{"@type":"ListItem","position":1,"name":"Accueil","item":"https:\/\/www.eren.ch\/vdr\/"},{"@type":"ListItem","position":2,"name":"C\u00e9l\u00e9brations","item":"https:\/\/www.eren.ch\/vdr\/celebrations\/"},{"@type":"ListItem","position":3,"name":"Cultes"}]},{"@type":"WebSite","@id":"https:\/\/www.eren.ch\/vdr\/#website","url":"https:\/\/www.eren.ch\/vdr\/","name":"Paroisse Val-de-Ruz","description":"La pr\u00e9sence protestante reconnue","publisher":{"@id":"https:\/\/www.eren.ch\/vdr\/#organization"},"potentialAction":[{"@type":"SearchAction","target":{"@type":"EntryPoint","urlTemplate":"https:\/\/www.eren.ch\/vdr\/?s={search_term_string}"},"query-input":{"@type":"PropertyValueSpecification","valueRequired":true,"valueName":"search_term_string"}}],"inLanguage":"fr-FR"},{"@type":"Organization","@id":"https:\/\/www.eren.ch\/vdr\/#organization","name":"Paroisse Val-de-Ruz","url":"https:\/\/www.eren.ch\/vdr\/","logo":{"@type":"ImageObject","inLanguage":"fr-FR","@id":"https:\/\/www.eren.ch\/vdr\/#\/schema\/logo\/image\/","url":"https:\/\/www.eren.ch\/vdr\/wp-content\/uploads\/sites\/7\/2020\/12\/logo-vdr.png","contentUrl":"https:\/\/www.eren.ch\/vdr\/wp-content\/uploads\/sites\/7\/2020\/12\/logo-vdr.png","width":240,"height":117,"caption":"Paroisse Val-de-Ruz"},"image":{"@id":"https:\/\/www.eren.ch\/vdr\/#\/schema\/logo\/image\/"},"sameAs":["https:\/\/www.facebook.com\/eglise.EREN\/","https:\/\/x.com\/EgliseEREN","https:\/\/fr.wikipedia.org\/wiki\/glise_rforme_vanglique_du_canton_de_Neuchtel"]}]}},"_links":{"self":[{"href":"https:\/\/www.eren.ch\/vdr\/wp-json\/wp\/v2\/pages\/238","targetHints":{"allow":["GET"]}}],"collection":[{"href":"https:\/\/www.eren.ch\/vdr\/wp-json\/wp\/v2\/pages"}],"about":[{"href":"https:\/\/www.eren.ch\/vdr\/wp-json\/wp\/v2\/types\/page"}],"author":[{"embeddable":true,"href":"https:\/\/www.eren.ch\/vdr\/wp-json\/wp\/v2\/users\/1"}],"replies":[{"embeddable":true,"href":"https:\/\/www.eren.ch\/vdr\/wp-json\/wp\/v2\/comments?post=238"}],"version-history":[{"count":8,"href":"https:\/\/www.eren.ch\/vdr\/wp-json\/wp\/v2\/pages\/238\/revisions"}],"predecessor-version":[{"id":2621,"href":"https:\/\/www.eren.ch\/vdr\/wp-json\/wp\/v2\/pages\/238\/revisions\/2621"}],"up":[{"embeddable":true,"href":"https:\/\/www.eren.ch\/vdr\/wp-json\/wp\/v2\/pages\/243"}],"wp:attachment":[{"href":"https:\/\/www.eren.ch\/vdr\/wp-json\/wp\/v2\/media?parent=238"}],"curies":[{"name":"wp","href":"https:\/\/api.w.org\/{rel}","templated":true}]}}