{"id":245,"date":"2017-03-07T16:38:06","date_gmt":"2017-03-07T15:38:06","guid":{"rendered":"https:\/\/www.eren.ch\/vdr\/?page_id=245"},"modified":"2022-01-19T11:15:07","modified_gmt":"2022-01-19T10:15:07","slug":"baptemes","status":"publish","type":"page","link":"https:\/\/www.eren.ch\/vdr\/celebrations\/baptemes\/","title":{"rendered":"Bapt\u00eames"},"content":{"rendered":"<h4>Le Bapt\u00eame, c&rsquo;est quoi et pour qui ?<\/h4>\n<p>Le bapt\u00eame est, pour les chr\u00e9tiens, le signe de l\u2019amour de Dieu offert gratuitement \u00e0 chacune et chacun. Il n\u2019y a pas de condition au bapt\u00eame, sinon celle d\u2019accepter pour soi-m\u00eame l\u2019amour de Dieu tel que J\u00e9sus-Christ nous l\u2019a manifest\u00e9.<\/p>\n<p>S\u2019il est de coutume de baptiser les b\u00e9b\u00e9s ou les jeunes enfants, il n\u2019y a pas d\u2019\u00e2ge pour demander le bapt\u00eame pour soi-m\u00eame ou pour ses enfants. Il s\u2019agit toujours d\u2019une d\u00e9marche de foi qui r\u00e9pond \u00e0 l\u2019appel de Dieu.<\/p>\n<p>Lors du bapt\u00eame d\u2019un jeune enfant, l\u2019Eglise attend de ses parents un engagement \u00e0 faire conna\u00eetre la foi chr\u00e9tienne \u00e0 l&rsquo;enfant, afin qu\u2019il puisse ensuite lui-m\u00eame choisir librement mais en toute conscience le chemin qu&rsquo;il trouvera bon et juste. Votre paroisse vous aidera, par l\u2019enseignement religieux et le cat\u00e9chisme, \u00e0 accompagner votre enfant sur ce chemin de d\u00e9couverte.<\/p>\n<h4>Le Bapt\u00eame, comment \u00e7a se passe ?<\/h4>\n<p>Le bapt\u00eame a lieu, en principe, au cours d\u2019un culte de la communaut\u00e9 paroissiale (le plus souvent un dimanche matin), dans l&rsquo;un des temples du Val-de-Ruz.<\/p>\n<p><strong>Si vous d\u00e9sirez demander le bapt\u00eame <\/strong>pour vous-m\u00eame ou votre enfant, vous pouvez prendre contact (au moins deux mois \u00e0 l\u2019avance) avec <a href=\"https:\/\/www.eren.ch\/vdr\/contacts\/\">l&rsquo;un ou l&rsquo;une des pasteur.e.s<\/a>, qui sera heureux de vous renseigner et avec qui vous pourrez avoir un entretien personnel.<\/p>\n<h4>Le Bapt\u00eame, combien \u00e7a co\u00fbte ?<\/h4>\n<p>Le service du\/de la pasteur\/e ne vous co\u00fbte rien. <strong>C\u2019est votre <a href=\"https:\/\/www.eren.ch\/nous-soutenir\/contribution-ecclesiastique\/\">contribution eccl\u00e9siastique<\/a><\/strong> r\u00e9guli\u00e8re \u2013 tout ou partie \u2013 qui permet \u00e0 l\u2019Eglise de r\u00e9tribuer ses ministres<strong> et d\u2019offrir ainsi gratuitement ce service<\/strong>. D\u2019autres ont pay\u00e9 pour que vous puissiez en b\u00e9n\u00e9ficier aujourd\u2019hui. Votre contribution eccl\u00e9siastique permet \u00e0 ceux qui vous suivent d\u2019en b\u00e9n\u00e9ficier \u00e9galement.<\/p>\n<p>Vous serez \u00e9galement invit\u00e9.e \u00e0 faire un <a href=\"https:\/\/www.eren.ch\/nous-soutenir\/dons\/\">don libre \u00e0 l\u2019Eglise cantonale<\/a>.<\/p>\n","protected":false},"excerpt":{"rendered":"<p>Le Bapt\u00eame, c&rsquo;est quoi et pour qui ? Le bapt\u00eame est, pour les chr\u00e9tiens, le signe de l\u2019amour de Dieu offert gratuitement \u00e0 chacune et chacun. Il n\u2019y a pas de condition au bapt\u00eame, sinon celle d\u2019accepter pour soi-m\u00eame l\u2019amour de Dieu tel que J\u00e9sus-Christ nous l\u2019a manifest\u00e9. S\u2019il est de coutume de baptiser les &hellip; <a href=\"https:\/\/www.eren.ch\/vdr\/celebrations\/baptemes\/\" class=\"more-link\">Continuer la lecture<span class=\"screen-reader-text\"> de &laquo;&nbsp;Bapt\u00eames&nbsp;&raquo;<\/span><\/a><\/p>\n","protected":false},"author":1,"featured_media":0,"parent":243,"menu_order":20,"comment_status":"closed","ping_status":"closed","template":"","meta":{"footnotes":""},"class_list":["post-245","page","type-page","status-publish","hentry"],"yoast_head":"<!-- This site is optimized with the Yoast SEO Premium plugin v27.4 (Yoast SEO v27.4) - https:\/\/yoast.com\/product\/yoast-seo-premium-wordpress\/ -->\n<title>Bapt\u00eames - Paroisse Val-de-Ruz<\/title>\n<meta name=\"description\" content=\"Le Bapt\u00eame, c&#039;est quoi et pour qui ? Le bapt\u00eame est, pour les chr\u00e9tiens, le signe de l\u2019amour de Dieu offert gratuitement \u00e0 chacune et chacun. Il n\u2019y a pas\" \/>\n<meta name=\"robots\" content=\"index, follow, max-snippet:-1, max-image-preview:large, max-video-preview:-1\" \/>\n<link rel=\"canonical\" href=\"https:\/\/www.eren.ch\/vdr\/celebrations\/baptemes\/\" \/>\n<meta property=\"og:locale\" content=\"fr_FR\" \/>\n<meta property=\"og:type\" content=\"article\" \/>\n<meta property=\"og:title\" content=\"Bapt\u00eames\" \/>\n<meta property=\"og:description\" content=\"Le Bapt\u00eame, c&#039;est quoi et pour qui ? Le bapt\u00eame est, pour les chr\u00e9tiens, le signe de l\u2019amour de Dieu offert gratuitement \u00e0 chacune et chacun. Il n\u2019y a pas\" \/>\n<meta property=\"og:url\" content=\"https:\/\/www.eren.ch\/vdr\/celebrations\/baptemes\/\" \/>\n<meta property=\"og:site_name\" content=\"Paroisse Val-de-Ruz\" \/>\n<meta property=\"article:publisher\" content=\"https:\/\/www.facebook.com\/eglise.EREN\/\" \/>\n<meta property=\"article:modified_time\" content=\"2022-01-19T10:15:07+00:00\" \/>\n<meta property=\"og:image\" content=\"https:\/\/www.eren.ch\/vdr\/wp-content\/uploads\/sites\/7\/2017\/02\/boudevilliers_3.jpg\" \/>\n\t<meta property=\"og:image:width\" content=\"886\" \/>\n\t<meta property=\"og:image:height\" content=\"589\" \/>\n\t<meta property=\"og:image:type\" content=\"image\/jpeg\" \/>\n<meta name=\"twitter:card\" content=\"summary_large_image\" \/>\n<meta name=\"twitter:site\" content=\"@EgliseEREN\" \/>\n<meta name=\"twitter:label1\" content=\"Dur\u00e9e de lecture estim\u00e9e\" \/>\n\t<meta name=\"twitter:data1\" content=\"2 minutes\" \/>\n<script type=\"application\/ld+json\" class=\"yoast-schema-graph\">{\"@context\":\"https:\\\/\\\/schema.org\",\"@graph\":[{\"@type\":\"WebPage\",\"@id\":\"https:\\\/\\\/www.eren.ch\\\/vdr\\\/celebrations\\\/baptemes\\\/\",\"url\":\"https:\\\/\\\/www.eren.ch\\\/vdr\\\/celebrations\\\/baptemes\\\/\",\"name\":\"Bapt\u00eames - Paroisse Val-de-Ruz\",\"isPartOf\":{\"@id\":\"https:\\\/\\\/www.eren.ch\\\/vdr\\\/#website\"},\"datePublished\":\"2017-03-07T15:38:06+00:00\",\"dateModified\":\"2022-01-19T10:15:07+00:00\",\"description\":\"Le Bapt\u00eame, c'est quoi et pour qui ? Le bapt\u00eame est, pour les chr\u00e9tiens, le signe de l\u2019amour de Dieu offert gratuitement \u00e0 chacune et chacun. Il n\u2019y a pas\",\"breadcrumb\":{\"@id\":\"https:\\\/\\\/www.eren.ch\\\/vdr\\\/celebrations\\\/baptemes\\\/#breadcrumb\"},\"inLanguage\":\"fr-FR\",\"potentialAction\":[{\"@type\":\"ReadAction\",\"target\":[\"https:\\\/\\\/www.eren.ch\\\/vdr\\\/celebrations\\\/baptemes\\\/\"]}]},{\"@type\":\"BreadcrumbList\",\"@id\":\"https:\\\/\\\/www.eren.ch\\\/vdr\\\/celebrations\\\/baptemes\\\/#breadcrumb\",\"itemListElement\":[{\"@type\":\"ListItem\",\"position\":1,\"name\":\"Accueil\",\"item\":\"https:\\\/\\\/www.eren.ch\\\/vdr\\\/\"},{\"@type\":\"ListItem\",\"position\":2,\"name\":\"C\u00e9l\u00e9brations\",\"item\":\"https:\\\/\\\/www.eren.ch\\\/vdr\\\/celebrations\\\/\"},{\"@type\":\"ListItem\",\"position\":3,\"name\":\"Bapt\u00eames\"}]},{\"@type\":\"WebSite\",\"@id\":\"https:\\\/\\\/www.eren.ch\\\/vdr\\\/#website\",\"url\":\"https:\\\/\\\/www.eren.ch\\\/vdr\\\/\",\"name\":\"Paroisse Val-de-Ruz\",\"description\":\"La pr\u00e9sence protestante reconnue\",\"publisher\":{\"@id\":\"https:\\\/\\\/www.eren.ch\\\/vdr\\\/#organization\"},\"potentialAction\":[{\"@type\":\"SearchAction\",\"target\":{\"@type\":\"EntryPoint\",\"urlTemplate\":\"https:\\\/\\\/www.eren.ch\\\/vdr\\\/?s={search_term_string}\"},\"query-input\":{\"@type\":\"PropertyValueSpecification\",\"valueRequired\":true,\"valueName\":\"search_term_string\"}}],\"inLanguage\":\"fr-FR\"},{\"@type\":\"Organization\",\"@id\":\"https:\\\/\\\/www.eren.ch\\\/vdr\\\/#organization\",\"name\":\"Paroisse Val-de-Ruz\",\"url\":\"https:\\\/\\\/www.eren.ch\\\/vdr\\\/\",\"logo\":{\"@type\":\"ImageObject\",\"inLanguage\":\"fr-FR\",\"@id\":\"https:\\\/\\\/www.eren.ch\\\/vdr\\\/#\\\/schema\\\/logo\\\/image\\\/\",\"url\":\"https:\\\/\\\/www.eren.ch\\\/vdr\\\/wp-content\\\/uploads\\\/sites\\\/7\\\/2020\\\/12\\\/logo-vdr.png\",\"contentUrl\":\"https:\\\/\\\/www.eren.ch\\\/vdr\\\/wp-content\\\/uploads\\\/sites\\\/7\\\/2020\\\/12\\\/logo-vdr.png\",\"width\":240,\"height\":117,\"caption\":\"Paroisse Val-de-Ruz\"},\"image\":{\"@id\":\"https:\\\/\\\/www.eren.ch\\\/vdr\\\/#\\\/schema\\\/logo\\\/image\\\/\"},\"sameAs\":[\"https:\\\/\\\/www.facebook.com\\\/eglise.EREN\\\/\",\"https:\\\/\\\/x.com\\\/EgliseEREN\",\"https:\\\/\\\/fr.wikipedia.org\\\/wiki\\\/glise_rforme_vanglique_du_canton_de_Neuchtel\"]}]}<\/script>\n<!-- \/ Yoast SEO Premium plugin. -->","yoast_head_json":{"title":"Bapt\u00eames - Paroisse Val-de-Ruz","description":"Le Bapt\u00eame, c'est quoi et pour qui ? Le bapt\u00eame est, pour les chr\u00e9tiens, le signe de l\u2019amour de Dieu offert gratuitement \u00e0 chacune et chacun. Il n\u2019y a pas","robots":{"index":"index","follow":"follow","max-snippet":"max-snippet:-1","max-image-preview":"max-image-preview:large","max-video-preview":"max-video-preview:-1"},"canonical":"https:\/\/www.eren.ch\/vdr\/celebrations\/baptemes\/","og_locale":"fr_FR","og_type":"article","og_title":"Bapt\u00eames","og_description":"Le Bapt\u00eame, c'est quoi et pour qui ? Le bapt\u00eame est, pour les chr\u00e9tiens, le signe de l\u2019amour de Dieu offert gratuitement \u00e0 chacune et chacun. Il n\u2019y a pas","og_url":"https:\/\/www.eren.ch\/vdr\/celebrations\/baptemes\/","og_site_name":"Paroisse Val-de-Ruz","article_publisher":"https:\/\/www.facebook.com\/eglise.EREN\/","article_modified_time":"2022-01-19T10:15:07+00:00","og_image":[{"width":886,"height":589,"url":"https:\/\/www.eren.ch\/vdr\/wp-content\/uploads\/sites\/7\/2017\/02\/boudevilliers_3.jpg","type":"image\/jpeg"}],"twitter_card":"summary_large_image","twitter_site":"@EgliseEREN","twitter_misc":{"Dur\u00e9e de lecture estim\u00e9e":"2 minutes"},"schema":{"@context":"https:\/\/schema.org","@graph":[{"@type":"WebPage","@id":"https:\/\/www.eren.ch\/vdr\/celebrations\/baptemes\/","url":"https:\/\/www.eren.ch\/vdr\/celebrations\/baptemes\/","name":"Bapt\u00eames - Paroisse Val-de-Ruz","isPartOf":{"@id":"https:\/\/www.eren.ch\/vdr\/#website"},"datePublished":"2017-03-07T15:38:06+00:00","dateModified":"2022-01-19T10:15:07+00:00","description":"Le Bapt\u00eame, c'est quoi et pour qui ? Le bapt\u00eame est, pour les chr\u00e9tiens, le signe de l\u2019amour de Dieu offert gratuitement \u00e0 chacune et chacun. Il n\u2019y a pas","breadcrumb":{"@id":"https:\/\/www.eren.ch\/vdr\/celebrations\/baptemes\/#breadcrumb"},"inLanguage":"fr-FR","potentialAction":[{"@type":"ReadAction","target":["https:\/\/www.eren.ch\/vdr\/celebrations\/baptemes\/"]}]},{"@type":"BreadcrumbList","@id":"https:\/\/www.eren.ch\/vdr\/celebrations\/baptemes\/#breadcrumb","itemListElement":[{"@type":"ListItem","position":1,"name":"Accueil","item":"https:\/\/www.eren.ch\/vdr\/"},{"@type":"ListItem","position":2,"name":"C\u00e9l\u00e9brations","item":"https:\/\/www.eren.ch\/vdr\/celebrations\/"},{"@type":"ListItem","position":3,"name":"Bapt\u00eames"}]},{"@type":"WebSite","@id":"https:\/\/www.eren.ch\/vdr\/#website","url":"https:\/\/www.eren.ch\/vdr\/","name":"Paroisse Val-de-Ruz","description":"La pr\u00e9sence protestante reconnue","publisher":{"@id":"https:\/\/www.eren.ch\/vdr\/#organization"},"potentialAction":[{"@type":"SearchAction","target":{"@type":"EntryPoint","urlTemplate":"https:\/\/www.eren.ch\/vdr\/?s={search_term_string}"},"query-input":{"@type":"PropertyValueSpecification","valueRequired":true,"valueName":"search_term_string"}}],"inLanguage":"fr-FR"},{"@type":"Organization","@id":"https:\/\/www.eren.ch\/vdr\/#organization","name":"Paroisse Val-de-Ruz","url":"https:\/\/www.eren.ch\/vdr\/","logo":{"@type":"ImageObject","inLanguage":"fr-FR","@id":"https:\/\/www.eren.ch\/vdr\/#\/schema\/logo\/image\/","url":"https:\/\/www.eren.ch\/vdr\/wp-content\/uploads\/sites\/7\/2020\/12\/logo-vdr.png","contentUrl":"https:\/\/www.eren.ch\/vdr\/wp-content\/uploads\/sites\/7\/2020\/12\/logo-vdr.png","width":240,"height":117,"caption":"Paroisse Val-de-Ruz"},"image":{"@id":"https:\/\/www.eren.ch\/vdr\/#\/schema\/logo\/image\/"},"sameAs":["https:\/\/www.facebook.com\/eglise.EREN\/","https:\/\/x.com\/EgliseEREN","https:\/\/fr.wikipedia.org\/wiki\/glise_rforme_vanglique_du_canton_de_Neuchtel"]}]}},"_links":{"self":[{"href":"https:\/\/www.eren.ch\/vdr\/wp-json\/wp\/v2\/pages\/245","targetHints":{"allow":["GET"]}}],"collection":[{"href":"https:\/\/www.eren.ch\/vdr\/wp-json\/wp\/v2\/pages"}],"about":[{"href":"https:\/\/www.eren.ch\/vdr\/wp-json\/wp\/v2\/types\/page"}],"author":[{"embeddable":true,"href":"https:\/\/www.eren.ch\/vdr\/wp-json\/wp\/v2\/users\/1"}],"replies":[{"embeddable":true,"href":"https:\/\/www.eren.ch\/vdr\/wp-json\/wp\/v2\/comments?post=245"}],"version-history":[{"count":5,"href":"https:\/\/www.eren.ch\/vdr\/wp-json\/wp\/v2\/pages\/245\/revisions"}],"predecessor-version":[{"id":1657,"href":"https:\/\/www.eren.ch\/vdr\/wp-json\/wp\/v2\/pages\/245\/revisions\/1657"}],"up":[{"embeddable":true,"href":"https:\/\/www.eren.ch\/vdr\/wp-json\/wp\/v2\/pages\/243"}],"wp:attachment":[{"href":"https:\/\/www.eren.ch\/vdr\/wp-json\/wp\/v2\/media?parent=245"}],"curies":[{"name":"wp","href":"https:\/\/api.w.org\/{rel}","templated":true}]}}