{"id":247,"date":"2017-03-07T16:38:47","date_gmt":"2017-03-07T15:38:47","guid":{"rendered":"https:\/\/www.eren.ch\/vdr\/?page_id=247"},"modified":"2022-01-19T11:12:19","modified_gmt":"2022-01-19T10:12:19","slug":"services-funebres","status":"publish","type":"page","link":"https:\/\/www.eren.ch\/vdr\/celebrations\/services-funebres\/","title":{"rendered":"Services fun\u00e8bres"},"content":{"rendered":"<p>La mort fait partie de la vie\u2026 mais pour qui reste, elle est d&rsquo;abord une relation coup\u00e9e. Devant le cercueil, notre connaissance s&rsquo;arr\u00eate.<\/p>\n<p>Une esp\u00e9rance peut \u00eatre chuchot\u00e9e. Elle vient d&rsquo;ailleurs, nous la transmettons: depuis P\u00e2ques, la mort n&rsquo;a plus le dernier mot. Nous croyons que chaque personne avec son histoire unique est connue et aim\u00e9e de Dieu. C&rsquo;est ce qui lui donne sa valeur. Un service fun\u00e8bre dit cette dimension unique de chacun\/e aux yeux de Dieu. Il rassemble celles et ceux qui veulent prendre cong\u00e9 de la personne d\u00e9funte et la remettre \u00ab\u00a0\u00e0 Dieu\u00a0\u00bb.<\/p>\n<h4>Un service fun\u00e8bre, comment \u00e7a se passe ?<\/h4>\n<p>La paroisse organise un syst\u00e8me tournant de pr\u00e9sence des ministres pour les services fun\u00e8bres.<br \/>\n<span style=\"text-decoration: underline\">Les pompes fun\u00e8bres<\/span> avec lesquelles vous \u00eates en contact en ont les coordonn\u00e9es.<br \/>\nQuand un lien particulier existe entre la personne d\u00e9funte et un ministre, les ministres acceptent, dans la mesure de leurs possibilit\u00e9s, de pr\u00e9sider le service fun\u00e8bre hors semaine de pr\u00e9sence.<\/p>\n<p>Le service est pr\u00e9par\u00e9 et personnalis\u00e9 lors d\u2019une rencontre entre le\/la ministre et la famille du\/de la d\u00e9funt\/e.<\/p>\n<h4>Un service fun\u00e8bre, \u00e7a co\u00fbte combien ?<\/h4>\n<p>Le service du\/de la ministre ne vous co\u00fbte rien.<br \/>\n<strong>C\u2019est votre <a href=\"https:\/\/www.eren.ch\/nous-soutenir\/contribution-ecclesiastique\/\">contribution eccl\u00e9siastique<\/a><\/strong> r\u00e9guli\u00e8re \u2013 tout ou partie &#8211; <strong>qui permet \u00e0 l\u2019Eglise de r\u00e9tribuer ses ministres et d\u2019offrir ainsi gratuitement ce service<\/strong>. D\u2019autres ont pay\u00e9 pour que vous puissiez en b\u00e9n\u00e9ficier aujourd\u2019hui. Votre contribution eccl\u00e9siastique permet \u00e0 ceux qui vous suivent d\u2019en b\u00e9n\u00e9ficier \u00e9galement.<\/p>\n<p>Une offrande destin\u00e9e \u00e0 la paroisse est recueillie pendant ou \u00e0 la sortie du service fun\u00e8bre. Vous serez en outre invit\u00e9\/e \u00e0 faire un <a href=\"https:\/\/www.eren.ch\/nous-soutenir\/dons\/\">don libre \u00e0 l\u2019Eglise cantonale<\/a>.<\/p>\n","protected":false},"excerpt":{"rendered":"<p>La mort fait partie de la vie\u2026 mais pour qui reste, elle est d&rsquo;abord une relation coup\u00e9e. Devant le cercueil, notre connaissance s&rsquo;arr\u00eate. Une esp\u00e9rance peut \u00eatre chuchot\u00e9e. Elle vient d&rsquo;ailleurs, nous la transmettons: depuis P\u00e2ques, la mort n&rsquo;a plus le dernier mot. Nous croyons que chaque personne avec son histoire unique est connue et &hellip; <a href=\"https:\/\/www.eren.ch\/vdr\/celebrations\/services-funebres\/\" class=\"more-link\">Continuer la lecture<span class=\"screen-reader-text\"> de &laquo;&nbsp;Services fun\u00e8bres&nbsp;&raquo;<\/span><\/a><\/p>\n","protected":false},"author":1,"featured_media":0,"parent":243,"menu_order":40,"comment_status":"closed","ping_status":"closed","template":"","meta":{"footnotes":""},"class_list":["post-247","page","type-page","status-publish","hentry"],"yoast_head":"<!-- This site is optimized with the Yoast SEO Premium plugin v27.3 (Yoast SEO v27.4) - https:\/\/yoast.com\/product\/yoast-seo-premium-wordpress\/ -->\n<title>Services fun\u00e8bres - Paroisse Val-de-Ruz<\/title>\n<meta name=\"description\" content=\"La mort fait partie de la vie\u2026 mais pour qui reste, elle est d&#039;abord une relation coup\u00e9e. Devant le cercueil, notre connaissance s&#039;arr\u00eate. Une esp\u00e9rance\" \/>\n<meta name=\"robots\" content=\"index, follow, max-snippet:-1, max-image-preview:large, max-video-preview:-1\" \/>\n<link rel=\"canonical\" href=\"https:\/\/www.eren.ch\/vdr\/celebrations\/services-funebres\/\" \/>\n<meta property=\"og:locale\" content=\"fr_FR\" \/>\n<meta property=\"og:type\" content=\"article\" \/>\n<meta property=\"og:title\" content=\"Services fun\u00e8bres\" \/>\n<meta property=\"og:description\" content=\"La mort fait partie de la vie\u2026 mais pour qui reste, elle est d&#039;abord une relation coup\u00e9e. Devant le cercueil, notre connaissance s&#039;arr\u00eate. Une esp\u00e9rance\" \/>\n<meta property=\"og:url\" content=\"https:\/\/www.eren.ch\/vdr\/celebrations\/services-funebres\/\" \/>\n<meta property=\"og:site_name\" content=\"Paroisse Val-de-Ruz\" \/>\n<meta property=\"article:publisher\" content=\"https:\/\/www.facebook.com\/eglise.EREN\/\" \/>\n<meta property=\"article:modified_time\" content=\"2022-01-19T10:12:19+00:00\" \/>\n<meta property=\"og:image\" content=\"https:\/\/www.eren.ch\/vdr\/wp-content\/uploads\/sites\/7\/2017\/02\/boudevilliers_3.jpg\" \/>\n\t<meta property=\"og:image:width\" content=\"886\" \/>\n\t<meta property=\"og:image:height\" content=\"589\" \/>\n\t<meta property=\"og:image:type\" content=\"image\/jpeg\" \/>\n<meta name=\"twitter:card\" content=\"summary_large_image\" \/>\n<meta name=\"twitter:site\" content=\"@EgliseEREN\" \/>\n<meta name=\"twitter:label1\" content=\"Dur\u00e9e de lecture estim\u00e9e\" \/>\n\t<meta name=\"twitter:data1\" content=\"2 minutes\" \/>\n<script type=\"application\/ld+json\" class=\"yoast-schema-graph\">{\"@context\":\"https:\\\/\\\/schema.org\",\"@graph\":[{\"@type\":\"WebPage\",\"@id\":\"https:\\\/\\\/www.eren.ch\\\/vdr\\\/celebrations\\\/services-funebres\\\/\",\"url\":\"https:\\\/\\\/www.eren.ch\\\/vdr\\\/celebrations\\\/services-funebres\\\/\",\"name\":\"Services fun\u00e8bres - Paroisse Val-de-Ruz\",\"isPartOf\":{\"@id\":\"https:\\\/\\\/www.eren.ch\\\/vdr\\\/#website\"},\"datePublished\":\"2017-03-07T15:38:47+00:00\",\"dateModified\":\"2022-01-19T10:12:19+00:00\",\"description\":\"La mort fait partie de la vie\u2026 mais pour qui reste, elle est d'abord une relation coup\u00e9e. Devant le cercueil, notre connaissance s'arr\u00eate. Une esp\u00e9rance\",\"breadcrumb\":{\"@id\":\"https:\\\/\\\/www.eren.ch\\\/vdr\\\/celebrations\\\/services-funebres\\\/#breadcrumb\"},\"inLanguage\":\"fr-FR\",\"potentialAction\":[{\"@type\":\"ReadAction\",\"target\":[\"https:\\\/\\\/www.eren.ch\\\/vdr\\\/celebrations\\\/services-funebres\\\/\"]}]},{\"@type\":\"BreadcrumbList\",\"@id\":\"https:\\\/\\\/www.eren.ch\\\/vdr\\\/celebrations\\\/services-funebres\\\/#breadcrumb\",\"itemListElement\":[{\"@type\":\"ListItem\",\"position\":1,\"name\":\"Accueil\",\"item\":\"https:\\\/\\\/www.eren.ch\\\/vdr\\\/\"},{\"@type\":\"ListItem\",\"position\":2,\"name\":\"C\u00e9l\u00e9brations\",\"item\":\"https:\\\/\\\/www.eren.ch\\\/vdr\\\/celebrations\\\/\"},{\"@type\":\"ListItem\",\"position\":3,\"name\":\"Services fun\u00e8bres\"}]},{\"@type\":\"WebSite\",\"@id\":\"https:\\\/\\\/www.eren.ch\\\/vdr\\\/#website\",\"url\":\"https:\\\/\\\/www.eren.ch\\\/vdr\\\/\",\"name\":\"Paroisse Val-de-Ruz\",\"description\":\"La pr\u00e9sence protestante reconnue\",\"publisher\":{\"@id\":\"https:\\\/\\\/www.eren.ch\\\/vdr\\\/#organization\"},\"potentialAction\":[{\"@type\":\"SearchAction\",\"target\":{\"@type\":\"EntryPoint\",\"urlTemplate\":\"https:\\\/\\\/www.eren.ch\\\/vdr\\\/?s={search_term_string}\"},\"query-input\":{\"@type\":\"PropertyValueSpecification\",\"valueRequired\":true,\"valueName\":\"search_term_string\"}}],\"inLanguage\":\"fr-FR\"},{\"@type\":\"Organization\",\"@id\":\"https:\\\/\\\/www.eren.ch\\\/vdr\\\/#organization\",\"name\":\"Paroisse Val-de-Ruz\",\"url\":\"https:\\\/\\\/www.eren.ch\\\/vdr\\\/\",\"logo\":{\"@type\":\"ImageObject\",\"inLanguage\":\"fr-FR\",\"@id\":\"https:\\\/\\\/www.eren.ch\\\/vdr\\\/#\\\/schema\\\/logo\\\/image\\\/\",\"url\":\"https:\\\/\\\/www.eren.ch\\\/vdr\\\/wp-content\\\/uploads\\\/sites\\\/7\\\/2020\\\/12\\\/logo-vdr.png\",\"contentUrl\":\"https:\\\/\\\/www.eren.ch\\\/vdr\\\/wp-content\\\/uploads\\\/sites\\\/7\\\/2020\\\/12\\\/logo-vdr.png\",\"width\":240,\"height\":117,\"caption\":\"Paroisse Val-de-Ruz\"},\"image\":{\"@id\":\"https:\\\/\\\/www.eren.ch\\\/vdr\\\/#\\\/schema\\\/logo\\\/image\\\/\"},\"sameAs\":[\"https:\\\/\\\/www.facebook.com\\\/eglise.EREN\\\/\",\"https:\\\/\\\/x.com\\\/EgliseEREN\",\"https:\\\/\\\/fr.wikipedia.org\\\/wiki\\\/glise_rforme_vanglique_du_canton_de_Neuchtel\"]}]}<\/script>\n<!-- \/ Yoast SEO Premium plugin. -->","yoast_head_json":{"title":"Services fun\u00e8bres - Paroisse Val-de-Ruz","description":"La mort fait partie de la vie\u2026 mais pour qui reste, elle est d'abord une relation coup\u00e9e. Devant le cercueil, notre connaissance s'arr\u00eate. Une esp\u00e9rance","robots":{"index":"index","follow":"follow","max-snippet":"max-snippet:-1","max-image-preview":"max-image-preview:large","max-video-preview":"max-video-preview:-1"},"canonical":"https:\/\/www.eren.ch\/vdr\/celebrations\/services-funebres\/","og_locale":"fr_FR","og_type":"article","og_title":"Services fun\u00e8bres","og_description":"La mort fait partie de la vie\u2026 mais pour qui reste, elle est d'abord une relation coup\u00e9e. Devant le cercueil, notre connaissance s'arr\u00eate. Une esp\u00e9rance","og_url":"https:\/\/www.eren.ch\/vdr\/celebrations\/services-funebres\/","og_site_name":"Paroisse Val-de-Ruz","article_publisher":"https:\/\/www.facebook.com\/eglise.EREN\/","article_modified_time":"2022-01-19T10:12:19+00:00","og_image":[{"width":886,"height":589,"url":"https:\/\/www.eren.ch\/vdr\/wp-content\/uploads\/sites\/7\/2017\/02\/boudevilliers_3.jpg","type":"image\/jpeg"}],"twitter_card":"summary_large_image","twitter_site":"@EgliseEREN","twitter_misc":{"Dur\u00e9e de lecture estim\u00e9e":"2 minutes"},"schema":{"@context":"https:\/\/schema.org","@graph":[{"@type":"WebPage","@id":"https:\/\/www.eren.ch\/vdr\/celebrations\/services-funebres\/","url":"https:\/\/www.eren.ch\/vdr\/celebrations\/services-funebres\/","name":"Services fun\u00e8bres - Paroisse Val-de-Ruz","isPartOf":{"@id":"https:\/\/www.eren.ch\/vdr\/#website"},"datePublished":"2017-03-07T15:38:47+00:00","dateModified":"2022-01-19T10:12:19+00:00","description":"La mort fait partie de la vie\u2026 mais pour qui reste, elle est d'abord une relation coup\u00e9e. Devant le cercueil, notre connaissance s'arr\u00eate. Une esp\u00e9rance","breadcrumb":{"@id":"https:\/\/www.eren.ch\/vdr\/celebrations\/services-funebres\/#breadcrumb"},"inLanguage":"fr-FR","potentialAction":[{"@type":"ReadAction","target":["https:\/\/www.eren.ch\/vdr\/celebrations\/services-funebres\/"]}]},{"@type":"BreadcrumbList","@id":"https:\/\/www.eren.ch\/vdr\/celebrations\/services-funebres\/#breadcrumb","itemListElement":[{"@type":"ListItem","position":1,"name":"Accueil","item":"https:\/\/www.eren.ch\/vdr\/"},{"@type":"ListItem","position":2,"name":"C\u00e9l\u00e9brations","item":"https:\/\/www.eren.ch\/vdr\/celebrations\/"},{"@type":"ListItem","position":3,"name":"Services fun\u00e8bres"}]},{"@type":"WebSite","@id":"https:\/\/www.eren.ch\/vdr\/#website","url":"https:\/\/www.eren.ch\/vdr\/","name":"Paroisse Val-de-Ruz","description":"La pr\u00e9sence protestante reconnue","publisher":{"@id":"https:\/\/www.eren.ch\/vdr\/#organization"},"potentialAction":[{"@type":"SearchAction","target":{"@type":"EntryPoint","urlTemplate":"https:\/\/www.eren.ch\/vdr\/?s={search_term_string}"},"query-input":{"@type":"PropertyValueSpecification","valueRequired":true,"valueName":"search_term_string"}}],"inLanguage":"fr-FR"},{"@type":"Organization","@id":"https:\/\/www.eren.ch\/vdr\/#organization","name":"Paroisse Val-de-Ruz","url":"https:\/\/www.eren.ch\/vdr\/","logo":{"@type":"ImageObject","inLanguage":"fr-FR","@id":"https:\/\/www.eren.ch\/vdr\/#\/schema\/logo\/image\/","url":"https:\/\/www.eren.ch\/vdr\/wp-content\/uploads\/sites\/7\/2020\/12\/logo-vdr.png","contentUrl":"https:\/\/www.eren.ch\/vdr\/wp-content\/uploads\/sites\/7\/2020\/12\/logo-vdr.png","width":240,"height":117,"caption":"Paroisse Val-de-Ruz"},"image":{"@id":"https:\/\/www.eren.ch\/vdr\/#\/schema\/logo\/image\/"},"sameAs":["https:\/\/www.facebook.com\/eglise.EREN\/","https:\/\/x.com\/EgliseEREN","https:\/\/fr.wikipedia.org\/wiki\/glise_rforme_vanglique_du_canton_de_Neuchtel"]}]}},"_links":{"self":[{"href":"https:\/\/www.eren.ch\/vdr\/wp-json\/wp\/v2\/pages\/247","targetHints":{"allow":["GET"]}}],"collection":[{"href":"https:\/\/www.eren.ch\/vdr\/wp-json\/wp\/v2\/pages"}],"about":[{"href":"https:\/\/www.eren.ch\/vdr\/wp-json\/wp\/v2\/types\/page"}],"author":[{"embeddable":true,"href":"https:\/\/www.eren.ch\/vdr\/wp-json\/wp\/v2\/users\/1"}],"replies":[{"embeddable":true,"href":"https:\/\/www.eren.ch\/vdr\/wp-json\/wp\/v2\/comments?post=247"}],"version-history":[{"count":5,"href":"https:\/\/www.eren.ch\/vdr\/wp-json\/wp\/v2\/pages\/247\/revisions"}],"predecessor-version":[{"id":1655,"href":"https:\/\/www.eren.ch\/vdr\/wp-json\/wp\/v2\/pages\/247\/revisions\/1655"}],"up":[{"embeddable":true,"href":"https:\/\/www.eren.ch\/vdr\/wp-json\/wp\/v2\/pages\/243"}],"wp:attachment":[{"href":"https:\/\/www.eren.ch\/vdr\/wp-json\/wp\/v2\/media?parent=247"}],"curies":[{"name":"wp","href":"https:\/\/api.w.org\/{rel}","templated":true}]}}