{"id":261,"date":"2017-03-07T16:55:44","date_gmt":"2017-03-07T15:55:44","guid":{"rendered":"https:\/\/www.eren.ch\/vdr\/?page_id=261"},"modified":"2025-05-23T12:43:14","modified_gmt":"2025-05-23T10:43:14","slug":"documents","status":"publish","type":"page","link":"https:\/\/www.eren.ch\/vdr\/documents\/","title":{"rendered":"Documents"},"content":{"rendered":"<h2>Assembl\u00e9e ordinaire de paroisse 2025<\/h2>\n<ul>\n<li><a href=\"https:\/\/www.eren.ch\/vdr\/wp-content\/uploads\/sites\/7\/2025\/05\/2025-ordre-du-jour-de-lAOP-en-juin-1.docx\">Ordre du jour Assembl\u00e9e de Paroisse 2025<\/a><\/li>\n<li><a href=\"https:\/\/www.eren.ch\/vdr\/wp-content\/uploads\/sites\/7\/2025\/05\/RA-2024.docx\">RA 2024<\/a><\/li>\n<li><a href=\"https:\/\/www.eren.ch\/vdr\/wp-content\/uploads\/sites\/7\/2025\/05\/Assemblee-ordinaire-PV2024-1.doc\">PV AG 2024<\/a><\/li>\n<li><a href=\"https:\/\/www.eren.ch\/vdr\/wp-content\/uploads\/sites\/7\/2025\/05\/Comptes_2024_bilan_PP_Assemblee_Paroisse.xlsx\">Comptes 2024 PP<\/a><\/li>\n<li><a href=\"https:\/\/www.eren.ch\/vdr\/wp-content\/uploads\/sites\/7\/2025\/05\/Comptes_2024_bilan_PP_Assemblee_Paroisse.pdf\">Comptes 2024 bilan<\/a><\/li>\n<\/ul>\n<h2>Assembl\u00e9e ordinaire de paroisse 2024<\/h2>\n<ul>\n<li><a href=\"https:\/\/www.eren.ch\/vdr\/wp-content\/uploads\/sites\/7\/2024\/05\/Ordre-du-jour-Assemblee-de-Paroisse-2024.pdf\">Ordre du jour Assembl\u00e9e de Paroisse 2024<\/a><\/li>\n<li><a href=\"https:\/\/www.eren.ch\/vdr\/wp-content\/uploads\/sites\/7\/2024\/05\/RA-2023.pdf\">RA 2023<\/a><\/li>\n<li><a href=\"https:\/\/www.eren.ch\/vdr\/wp-content\/uploads\/sites\/7\/2024\/03\/PV-AG-2023.pdf\">PV AG 2023<\/a><\/li>\n<li><a href=\"https:\/\/www.eren.ch\/vdr\/wp-content\/uploads\/sites\/7\/2024\/05\/Comptes_2023_bilan_PP_Assemblee_Paroisse.pdf\">Comptes 2023\u00a0 PP<\/a><\/li>\n<li><a href=\"https:\/\/www.eren.ch\/vdr\/wp-content\/uploads\/sites\/7\/2024\/05\/Bilan-2023.pdf\">Comptes 2023 Bilan<\/a><\/li>\n<\/ul>\n<h2>Assembl\u00e9e ordinaire de paroisse 2023<\/h2>\n<ul>\n<li><a href=\"https:\/\/www.eren.ch\/vdr\/wp-content\/uploads\/sites\/7\/2023\/04\/20230428105333116.pdf\">Ordre du jour AG 2023<\/a><\/li>\n<li><a href=\"https:\/\/www.eren.ch\/vdr\/wp-content\/uploads\/sites\/7\/2023\/04\/PV-AG-2022.pdf\">PV AG 2022<\/a><\/li>\n<li><a href=\"https:\/\/www.eren.ch\/vdr\/wp-content\/uploads\/sites\/7\/2023\/04\/20230428105346932.pdf\">RA 2022<\/a><\/li>\n<li><a href=\"https:\/\/www.eren.ch\/vdr\/wp-content\/uploads\/sites\/7\/2023\/05\/Comptes_2022_bilan.pdf\">Comptes 2022 bilan<\/a><\/li>\n<li><a href=\"https:\/\/www.eren.ch\/vdr\/wp-content\/uploads\/sites\/7\/2023\/05\/Comptes_2022_PP.pdf\">Comptes 2022 PP<\/a><\/li>\n<\/ul>\n<h2>Assembl\u00e9e ordinaire de paroisse 2022<\/h2>\n<ul>\n<li><a href=\"https:\/\/www.eren.ch\/vdr\/wp-content\/uploads\/sites\/7\/2022\/04\/Ordre-du-jour-AG-2022-1.pdf\">Ordre du jour AG 2022<\/a><\/li>\n<li><a href=\"https:\/\/www.eren.ch\/vdr\/wp-content\/uploads\/sites\/7\/2022\/04\/PV-AG-2020-2021-1.pdf\">PV AG 2020-2021<\/a><\/li>\n<li><a href=\"https:\/\/www.eren.ch\/vdr\/wp-content\/uploads\/sites\/7\/2022\/04\/RA-2021.pdf\">RA 2021<\/a><\/li>\n<li><a href=\"https:\/\/www.eren.ch\/vdr\/wp-content\/uploads\/sites\/7\/2022\/04\/Comptes-2021-Bilan.pdf\">Comptes 2021 Bilan<\/a><\/li>\n<li><a href=\"https:\/\/www.eren.ch\/vdr\/wp-content\/uploads\/sites\/7\/2022\/04\/Comptes-2021-PP.pdf\">Comptes 2021 PP<\/a><\/li>\n<\/ul>\n<h2>Assembl\u00e9e ordinaire de paroisse 2021<\/h2>\n<ul>\n<li><a href=\"https:\/\/www.eren.ch\/vdr\/wp-content\/uploads\/sites\/7\/2021\/09\/Ordre-du-jour-AG-2020-21.pdf\">Ordre du jour AG 2020-21<\/a><\/li>\n<li><a href=\"https:\/\/www.eren.ch\/vdr\/wp-content\/uploads\/sites\/7\/2021\/03\/RA-2020.pdf\">RA 2020<\/a><\/li>\n<li><a href=\"https:\/\/www.eren.ch\/vdr\/wp-content\/uploads\/sites\/7\/2021\/05\/Comptes-2020-Bilan.pdf\">Comptes 2020 Bilan<\/a><\/li>\n<li><a href=\"https:\/\/www.eren.ch\/vdr\/wp-content\/uploads\/sites\/7\/2021\/03\/Comptes-2020-PP.pdf\">Comptes 2020 PP<\/a><\/li>\n<\/ul>\n<h2>Assembl\u00e9e ordinaire de paroisse 2020<\/h2>\n<ul>\n<li><a href=\"https:\/\/www.eren.ch\/vdr\/wp-content\/uploads\/sites\/7\/2020\/06\/PV-AG-2019.pdf\">PV AG 2019<\/a><\/li>\n<li><a href=\"https:\/\/www.eren.ch\/vdr\/wp-content\/uploads\/sites\/7\/2020\/06\/Comptes-2019-bilan.pdf\">Comptes 2019 bilan<\/a><\/li>\n<li><a href=\"https:\/\/www.eren.ch\/vdr\/wp-content\/uploads\/sites\/7\/2020\/06\/Comptes-2019-PP.pdf\">Comptes 2019 PP<\/a><\/li>\n<li><a href=\"https:\/\/www.eren.ch\/vdr\/wp-content\/uploads\/sites\/7\/2020\/06\/RA-2019.pdf\">RA 2019<\/a><\/li>\n<\/ul>\n<h2>Assembl\u00e9e ordinaire de paroisse 2019<\/h2>\n<ul>\n<li><a href=\"https:\/\/www.eren.ch\/vdr\/wp-content\/uploads\/sites\/7\/2019\/03\/Ordre-du-jour-AG-2019.pdf\">Ordre du jour AG 2019<\/a><\/li>\n<li><a href=\"https:\/\/www.eren.ch\/vdr\/wp-content\/uploads\/sites\/7\/2019\/03\/PV-AG-2018.pdf\">PV AG 2018<\/a><\/li>\n<li><a href=\"https:\/\/www.eren.ch\/vdr\/wp-content\/uploads\/sites\/7\/2019\/03\/PV-AG-extraordinaire-03.07.2018-1.pdf\">PV AG extraordinaire 03.07.2018<\/a><\/li>\n<li><a href=\"https:\/\/www.eren.ch\/vdr\/wp-content\/uploads\/sites\/7\/2019\/03\/Comptes_2018_bilan.pdf\">Comptes 2018 Bilan<\/a><\/li>\n<li><a href=\"https:\/\/www.eren.ch\/vdr\/wp-content\/uploads\/sites\/7\/2019\/03\/Comptes_2018_PP.pdf\">Comptes 2018 PP<\/a><\/li>\n<li><a href=\"https:\/\/www.eren.ch\/vdr\/wp-content\/uploads\/sites\/7\/2019\/03\/RA-2018.pdf\">RA 2018<\/a><\/li>\n<\/ul>\n<h2>Assembl\u00e9e extraordinaire de paroisse du 03.07.2018<\/h2>\n<ul>\n<li><a href=\"https:\/\/www.eren.ch\/vdr\/wp-content\/uploads\/sites\/7\/2019\/03\/PV-AG-extraordinaire-03.07.2018.pdf\">PV AG extraordinaire 03.07.2018<\/a><\/li>\n<\/ul>\n<h2>Assembl\u00e9e ordinaire de paroisse 2018<\/h2>\n<ul>\n<li><a href=\"https:\/\/www.eren.ch\/vdr\/wp-content\/uploads\/sites\/7\/2018\/03\/Ordre-du-jour-AG-2018.pdf\">Ordre du jour AG 2018<\/a><\/li>\n<li><a href=\"https:\/\/www.eren.ch\/vdr\/wp-content\/uploads\/sites\/7\/2018\/02\/PV-AG-2017.pdf\">PV AG 2017<\/a><\/li>\n<li><a href=\"https:\/\/www.eren.ch\/vdr\/wp-content\/uploads\/sites\/7\/2017\/12\/Assemble\u0301e-ge\u0301ne\u0301rale-PV2017-12-de\u0301c.10-extra.doc\">PV AG extraordinaire 10.12.2017<\/a><\/li>\n<li><a href=\"https:\/\/www.eren.ch\/vdr\/wp-content\/uploads\/sites\/7\/2018\/03\/Comptes_2017_bilan.pdf\">Comptes 2017 bilan<\/a><\/li>\n<li><a href=\"https:\/\/www.eren.ch\/vdr\/wp-content\/uploads\/sites\/7\/2018\/03\/Comptes_2017_PP.pdf\">Comptes 2017 PP<\/a><\/li>\n<li><a href=\"https:\/\/www.eren.ch\/vdr\/wp-content\/uploads\/sites\/7\/2018\/03\/Rapport-dactivit\u00e9-2017.pdf\">Rapport d&rsquo;activit\u00e9 2017<\/a><\/li>\n<\/ul>\n<h2>Assembl\u00e9e extraordinaire de paroisse du 10.12.2017<\/h2>\n<ul>\n<li><a href=\"https:\/\/www.eren.ch\/vdr\/wp-content\/uploads\/sites\/7\/2017\/12\/Assemble\u0301e-ge\u0301ne\u0301rale-PV2017-12-de\u0301c.10-extra.doc\">PV AG extraordinaire 10.12.2017<\/a><\/li>\n<\/ul>\n<h2>Assembl\u00e9e ordinaire de paroisse 2017<\/h2>\n<ul>\n<li><a href=\"https:\/\/www.eren.ch\/vdr\/wp-content\/uploads\/sites\/7\/2017\/03\/PV-AG-2016.pdf\">PV AG 2016<\/a><\/li>\n<li><a href=\"https:\/\/www.eren.ch\/vdr\/wp-content\/uploads\/sites\/7\/2017\/03\/Comptes_2016_PP.pdf\">Comptes 2016 PP<\/a><\/li>\n<li><a href=\"https:\/\/www.eren.ch\/vdr\/wp-content\/uploads\/sites\/7\/2017\/03\/Comptes_2016_bilan.pdf\">Comptes 2016 bilan<\/a><\/li>\n<li><a href=\"https:\/\/www.eren.ch\/vdr\/wp-content\/uploads\/sites\/7\/2017\/03\/Rapport-dactivit\u00e9-2016.pdf\">Rapport d&rsquo;activit\u00e9 2016<\/a><\/li>\n<\/ul>\n<h2>Assembl\u00e9e ordinaire de paroisse 2016<\/h2>\n<ul>\n<li><a href=\"https:\/\/www.eren.ch\/vdr\/wp-content\/uploads\/sites\/7\/2017\/03\/assgen2015.pdf\">PV AG 15 mars 2015<\/a><\/li>\n<li><a href=\"https:\/\/www.eren.ch\/vdr\/wp-content\/uploads\/sites\/7\/2017\/03\/rapp15.pdf\">Rapport d&rsquo;activit\u00e9s 2015<\/a><\/li>\n<li><a href=\"https:\/\/www.eren.ch\/vdr\/wp-content\/uploads\/sites\/7\/2017\/03\/comptes_2015_pp_bis.pdf\">Comptes 2015<\/a><\/li>\n<li><a href=\"https:\/\/www.eren.ch\/vdr\/wp-content\/uploads\/sites\/7\/2017\/03\/comptes_2015_bilan.pdf\">Comptes 2015 &#8211; bilan<\/a><\/li>\n<\/ul>\n<h2>Divers<\/h2>\n<ul>\n<li><a href=\"https:\/\/www.eren.ch\/vdr\/wp-content\/uploads\/sites\/7\/2017\/03\/statutsparoissevdr.pdf\">Statuts de la paroisse<\/a><\/li>\n<\/ul>\n","protected":false},"excerpt":{"rendered":"<p>Assembl\u00e9e ordinaire de paroisse 2025 Ordre du jour Assembl\u00e9e de Paroisse 2025 RA 2024 PV AG 2024 Comptes 2024 PP Comptes 2024 bilan Assembl\u00e9e ordinaire de paroisse 2024 Ordre du jour Assembl\u00e9e de Paroisse 2024 RA 2023 PV AG 2023 Comptes 2023\u00a0 PP Comptes 2023 Bilan Assembl\u00e9e ordinaire de paroisse 2023 Ordre du jour AG &hellip; <a href=\"https:\/\/www.eren.ch\/vdr\/documents\/\" class=\"more-link\">Continuer la lecture<span class=\"screen-reader-text\"> de &laquo;&nbsp;Documents&nbsp;&raquo;<\/span><\/a><\/p>\n","protected":false},"author":1,"featured_media":0,"parent":0,"menu_order":0,"comment_status":"closed","ping_status":"closed","template":"","meta":{"footnotes":""},"class_list":["post-261","page","type-page","status-publish","hentry"],"yoast_head":"<!-- This site is optimized with the Yoast SEO Premium plugin v27.6 (Yoast SEO v27.6) - https:\/\/yoast.com\/product\/yoast-seo-premium-wordpress\/ -->\n<title>Documents - Paroisse Val-de-Ruz<\/title>\n<meta name=\"description\" content=\"Assembl\u00e9e ordinaire de paroisse 2025 Ordre du jour Assembl\u00e9e de Paroisse 2025 RA 2024 PV AG 2024 Comptes 2024 PP Comptes 2024 bilan Assembl\u00e9e ordinaire de\" \/>\n<meta name=\"robots\" content=\"index, follow, max-snippet:-1, max-image-preview:large, max-video-preview:-1\" \/>\n<link rel=\"canonical\" href=\"https:\/\/www.eren.ch\/vdr\/documents\/\" \/>\n<meta property=\"og:locale\" content=\"fr_FR\" \/>\n<meta property=\"og:type\" content=\"article\" \/>\n<meta property=\"og:title\" content=\"Documents\" \/>\n<meta property=\"og:description\" content=\"Assembl\u00e9e ordinaire de paroisse 2025 Ordre du jour Assembl\u00e9e de Paroisse 2025 RA 2024 PV AG 2024 Comptes 2024 PP Comptes 2024 bilan Assembl\u00e9e ordinaire de\" \/>\n<meta property=\"og:url\" content=\"https:\/\/www.eren.ch\/vdr\/documents\/\" \/>\n<meta property=\"og:site_name\" content=\"Paroisse Val-de-Ruz\" \/>\n<meta property=\"article:publisher\" content=\"https:\/\/www.facebook.com\/eglise.EREN\/\" \/>\n<meta property=\"article:modified_time\" content=\"2025-05-23T10:43:14+00:00\" \/>\n<meta property=\"og:image\" content=\"https:\/\/www.eren.ch\/vdr\/wp-content\/uploads\/sites\/7\/2017\/02\/boudevilliers_3.jpg\" \/>\n\t<meta property=\"og:image:width\" content=\"886\" \/>\n\t<meta property=\"og:image:height\" content=\"589\" \/>\n\t<meta property=\"og:image:type\" content=\"image\/jpeg\" \/>\n<meta name=\"twitter:card\" content=\"summary_large_image\" \/>\n<meta name=\"twitter:site\" content=\"@EgliseEREN\" \/>\n<meta name=\"twitter:label1\" content=\"Dur\u00e9e de lecture estim\u00e9e\" \/>\n\t<meta name=\"twitter:data1\" content=\"2 minutes\" \/>\n<script type=\"application\/ld+json\" class=\"yoast-schema-graph\">{\"@context\":\"https:\\\/\\\/schema.org\",\"@graph\":[{\"@type\":\"WebPage\",\"@id\":\"https:\\\/\\\/www.eren.ch\\\/vdr\\\/documents\\\/\",\"url\":\"https:\\\/\\\/www.eren.ch\\\/vdr\\\/documents\\\/\",\"name\":\"Documents - Paroisse Val-de-Ruz\",\"isPartOf\":{\"@id\":\"https:\\\/\\\/www.eren.ch\\\/vdr\\\/#website\"},\"datePublished\":\"2017-03-07T15:55:44+00:00\",\"dateModified\":\"2025-05-23T10:43:14+00:00\",\"description\":\"Assembl\u00e9e ordinaire de paroisse 2025 Ordre du jour Assembl\u00e9e de Paroisse 2025 RA 2024 PV AG 2024 Comptes 2024 PP Comptes 2024 bilan Assembl\u00e9e ordinaire de\",\"breadcrumb\":{\"@id\":\"https:\\\/\\\/www.eren.ch\\\/vdr\\\/documents\\\/#breadcrumb\"},\"inLanguage\":\"fr-FR\",\"potentialAction\":[{\"@type\":\"ReadAction\",\"target\":[\"https:\\\/\\\/www.eren.ch\\\/vdr\\\/documents\\\/\"]}]},{\"@type\":\"BreadcrumbList\",\"@id\":\"https:\\\/\\\/www.eren.ch\\\/vdr\\\/documents\\\/#breadcrumb\",\"itemListElement\":[{\"@type\":\"ListItem\",\"position\":1,\"name\":\"Accueil\",\"item\":\"https:\\\/\\\/www.eren.ch\\\/vdr\\\/\"},{\"@type\":\"ListItem\",\"position\":2,\"name\":\"Documents\"}]},{\"@type\":\"WebSite\",\"@id\":\"https:\\\/\\\/www.eren.ch\\\/vdr\\\/#website\",\"url\":\"https:\\\/\\\/www.eren.ch\\\/vdr\\\/\",\"name\":\"Paroisse Val-de-Ruz\",\"description\":\"La pr\u00e9sence protestante reconnue\",\"publisher\":{\"@id\":\"https:\\\/\\\/www.eren.ch\\\/vdr\\\/#organization\"},\"potentialAction\":[{\"@type\":\"SearchAction\",\"target\":{\"@type\":\"EntryPoint\",\"urlTemplate\":\"https:\\\/\\\/www.eren.ch\\\/vdr\\\/?s={search_term_string}\"},\"query-input\":{\"@type\":\"PropertyValueSpecification\",\"valueRequired\":true,\"valueName\":\"search_term_string\"}}],\"inLanguage\":\"fr-FR\"},{\"@type\":\"Organization\",\"@id\":\"https:\\\/\\\/www.eren.ch\\\/vdr\\\/#organization\",\"name\":\"Paroisse Val-de-Ruz\",\"url\":\"https:\\\/\\\/www.eren.ch\\\/vdr\\\/\",\"logo\":{\"@type\":\"ImageObject\",\"inLanguage\":\"fr-FR\",\"@id\":\"https:\\\/\\\/www.eren.ch\\\/vdr\\\/#\\\/schema\\\/logo\\\/image\\\/\",\"url\":\"https:\\\/\\\/www.eren.ch\\\/vdr\\\/wp-content\\\/uploads\\\/sites\\\/7\\\/2020\\\/12\\\/logo-vdr.png\",\"contentUrl\":\"https:\\\/\\\/www.eren.ch\\\/vdr\\\/wp-content\\\/uploads\\\/sites\\\/7\\\/2020\\\/12\\\/logo-vdr.png\",\"width\":240,\"height\":117,\"caption\":\"Paroisse Val-de-Ruz\"},\"image\":{\"@id\":\"https:\\\/\\\/www.eren.ch\\\/vdr\\\/#\\\/schema\\\/logo\\\/image\\\/\"},\"sameAs\":[\"https:\\\/\\\/www.facebook.com\\\/eglise.EREN\\\/\",\"https:\\\/\\\/x.com\\\/EgliseEREN\",\"https:\\\/\\\/fr.wikipedia.org\\\/wiki\\\/glise_rforme_vanglique_du_canton_de_Neuchtel\"]}]}<\/script>\n<!-- \/ Yoast SEO Premium plugin. -->","yoast_head_json":{"title":"Documents - Paroisse Val-de-Ruz","description":"Assembl\u00e9e ordinaire de paroisse 2025 Ordre du jour Assembl\u00e9e de Paroisse 2025 RA 2024 PV AG 2024 Comptes 2024 PP Comptes 2024 bilan Assembl\u00e9e ordinaire de","robots":{"index":"index","follow":"follow","max-snippet":"max-snippet:-1","max-image-preview":"max-image-preview:large","max-video-preview":"max-video-preview:-1"},"canonical":"https:\/\/www.eren.ch\/vdr\/documents\/","og_locale":"fr_FR","og_type":"article","og_title":"Documents","og_description":"Assembl\u00e9e ordinaire de paroisse 2025 Ordre du jour Assembl\u00e9e de Paroisse 2025 RA 2024 PV AG 2024 Comptes 2024 PP Comptes 2024 bilan Assembl\u00e9e ordinaire de","og_url":"https:\/\/www.eren.ch\/vdr\/documents\/","og_site_name":"Paroisse Val-de-Ruz","article_publisher":"https:\/\/www.facebook.com\/eglise.EREN\/","article_modified_time":"2025-05-23T10:43:14+00:00","og_image":[{"width":886,"height":589,"url":"https:\/\/www.eren.ch\/vdr\/wp-content\/uploads\/sites\/7\/2017\/02\/boudevilliers_3.jpg","type":"image\/jpeg"}],"twitter_card":"summary_large_image","twitter_site":"@EgliseEREN","twitter_misc":{"Dur\u00e9e de lecture estim\u00e9e":"2 minutes"},"schema":{"@context":"https:\/\/schema.org","@graph":[{"@type":"WebPage","@id":"https:\/\/www.eren.ch\/vdr\/documents\/","url":"https:\/\/www.eren.ch\/vdr\/documents\/","name":"Documents - Paroisse Val-de-Ruz","isPartOf":{"@id":"https:\/\/www.eren.ch\/vdr\/#website"},"datePublished":"2017-03-07T15:55:44+00:00","dateModified":"2025-05-23T10:43:14+00:00","description":"Assembl\u00e9e ordinaire de paroisse 2025 Ordre du jour Assembl\u00e9e de Paroisse 2025 RA 2024 PV AG 2024 Comptes 2024 PP Comptes 2024 bilan Assembl\u00e9e ordinaire de","breadcrumb":{"@id":"https:\/\/www.eren.ch\/vdr\/documents\/#breadcrumb"},"inLanguage":"fr-FR","potentialAction":[{"@type":"ReadAction","target":["https:\/\/www.eren.ch\/vdr\/documents\/"]}]},{"@type":"BreadcrumbList","@id":"https:\/\/www.eren.ch\/vdr\/documents\/#breadcrumb","itemListElement":[{"@type":"ListItem","position":1,"name":"Accueil","item":"https:\/\/www.eren.ch\/vdr\/"},{"@type":"ListItem","position":2,"name":"Documents"}]},{"@type":"WebSite","@id":"https:\/\/www.eren.ch\/vdr\/#website","url":"https:\/\/www.eren.ch\/vdr\/","name":"Paroisse Val-de-Ruz","description":"La pr\u00e9sence protestante reconnue","publisher":{"@id":"https:\/\/www.eren.ch\/vdr\/#organization"},"potentialAction":[{"@type":"SearchAction","target":{"@type":"EntryPoint","urlTemplate":"https:\/\/www.eren.ch\/vdr\/?s={search_term_string}"},"query-input":{"@type":"PropertyValueSpecification","valueRequired":true,"valueName":"search_term_string"}}],"inLanguage":"fr-FR"},{"@type":"Organization","@id":"https:\/\/www.eren.ch\/vdr\/#organization","name":"Paroisse Val-de-Ruz","url":"https:\/\/www.eren.ch\/vdr\/","logo":{"@type":"ImageObject","inLanguage":"fr-FR","@id":"https:\/\/www.eren.ch\/vdr\/#\/schema\/logo\/image\/","url":"https:\/\/www.eren.ch\/vdr\/wp-content\/uploads\/sites\/7\/2020\/12\/logo-vdr.png","contentUrl":"https:\/\/www.eren.ch\/vdr\/wp-content\/uploads\/sites\/7\/2020\/12\/logo-vdr.png","width":240,"height":117,"caption":"Paroisse Val-de-Ruz"},"image":{"@id":"https:\/\/www.eren.ch\/vdr\/#\/schema\/logo\/image\/"},"sameAs":["https:\/\/www.facebook.com\/eglise.EREN\/","https:\/\/x.com\/EgliseEREN","https:\/\/fr.wikipedia.org\/wiki\/glise_rforme_vanglique_du_canton_de_Neuchtel"]}]}},"_links":{"self":[{"href":"https:\/\/www.eren.ch\/vdr\/wp-json\/wp\/v2\/pages\/261","targetHints":{"allow":["GET"]}}],"collection":[{"href":"https:\/\/www.eren.ch\/vdr\/wp-json\/wp\/v2\/pages"}],"about":[{"href":"https:\/\/www.eren.ch\/vdr\/wp-json\/wp\/v2\/types\/page"}],"author":[{"embeddable":true,"href":"https:\/\/www.eren.ch\/vdr\/wp-json\/wp\/v2\/users\/1"}],"replies":[{"embeddable":true,"href":"https:\/\/www.eren.ch\/vdr\/wp-json\/wp\/v2\/comments?post=261"}],"version-history":[{"count":9,"href":"https:\/\/www.eren.ch\/vdr\/wp-json\/wp\/v2\/pages\/261\/revisions"}],"predecessor-version":[{"id":2691,"href":"https:\/\/www.eren.ch\/vdr\/wp-json\/wp\/v2\/pages\/261\/revisions\/2691"}],"wp:attachment":[{"href":"https:\/\/www.eren.ch\/vdr\/wp-json\/wp\/v2\/media?parent=261"}],"curies":[{"name":"wp","href":"https:\/\/api.w.org\/{rel}","templated":true}]}}