{"id":37,"date":"2016-12-11T17:03:06","date_gmt":"2016-12-11T16:03:06","guid":{"rendered":"https:\/\/www.eren.ch\/vdr\/?page_id=37"},"modified":"2026-02-10T14:47:19","modified_gmt":"2026-02-10T13:47:19","slug":"contacts","status":"publish","type":"page","link":"https:\/\/www.eren.ch\/vdr\/contacts\/","title":{"rendered":"Contacts"},"content":{"rendered":"\n<h2 class=\"wp-block-heading\" id=\"h-secretariat-de-la-paroisse\">Secr\u00e9tariat de la paroisse<\/h2>\n\n\n\n<p>Heures d&rsquo;ouverture et de permanence t\u00e9l\u00e9phonique : mardi et vendredi,&nbsp; 8h30 &#8211; 11h30<\/p>\n\n\n\n<p>Maison de Paroisse Farel<br>Myriam Challandes<br>Rue du Stand 1<br>2053 Cernier<br>032 853 64 01<br><a href=\"mailto:paroisse.vdr@eren.ch\">paroisse.vdr@eren.ch<\/a><\/p>\n\n\n\n<p><strong>Pour vos dons<\/strong> :<br>CCP : 12-335570-5<br>IBAN : CH55 0900 0000 1233 5570 5<\/p>\n\n\n\n<h2 class=\"wp-block-heading\" id=\"h-ministres\">Ministres<\/h2>\n\n\n\n<ul class=\"wp-block-list\">\n<li><strong>Esther Berger<\/strong>, pasteure et membre du Bureau<br>Rue du Stand 1, 2053 Cernier +41 79 659 25 60 &#8211; <a href=\"mailto:esther.berger@eren.ch\">esther.berger@eren.ch<\/a><\/li>\n\n\n\n<li><strong>Christophe Allemann<\/strong>, pasteur<br>Rue du Stand 1, 2053 Cernier+41 79 237 87 59&nbsp; &#8211; <a href=\"mailto:christophe.allemann@eren.ch\">christophe.allemann@eren.ch<\/a><\/li>\n\n\n\n<li><strong>Isabelle Herv\u00e9<\/strong>, pasteure<br>Rue du Stand 1, 2053 Cernier&nbsp;+41 79 320 24 42 &#8211; <a href=\"mailto:isabelle.herve@eren.ch\">isabelle.herve@eren.ch<\/a><\/li>\n\n\n\n<li><strong>St\u00e9phane Herv\u00e9<\/strong>, pasteur et membre du Bureau<br>Rue du Stand 1, 2053 Cernier&nbsp;+41 79 322 47 80 &#8211; <a href=\"mailto:stephane.herve@eren.ch\">stephane.herve@eren.ch<\/a><\/li>\n<\/ul>\n\n\n\n<h2 class=\"wp-block-heading\" id=\"h-conseil-paroissial\">Conseil paroissial<\/h2>\n\n\n\n<ul class=\"wp-block-list\">\n<li><strong>Christian Hostettler<\/strong> &#8211; pr\u00e9sident<br>Rue de Serroue 11, 2207 Coffrane &#8211; 032 857 11 38 &#8211; 079 228 76 31 &#8211; <a href=\"mailto:info.hostettler@bluewin.ch\">info.hostettler@bluewin.ch<\/a><\/li>\n\n\n\n<li><strong>Jean-Marc Durand<\/strong> &#8211; secr\u00e9taire<br>Platte-Fin 2b, 2046 Fontaines &#8211; 032 852 01 38 &#8211; <a href=\"mailto:j-m.durand@bluewin.ch\">j-m.durand@bluewin.ch<\/a><\/li>\n\n\n\n<li><strong>Fran\u00e7oise Sandoz<\/strong> &#8211; membre du Bureau<br>Grand-Rue 80, 2054 Ch\u00e9zard-St-Martin &#8211; 032 853 39 92 &#8211; 079 624 60 73 &#8211; <a href=\"mailto:fr.sandoz@net2000.ch\">fr.sandoz@net2000.ch<\/a><\/li>\n\n\n\n<li><strong>R\u00e9mi Favre<\/strong> &#8211; Terre nouvelle<br>Guillaume Farel 5, 2053 Cernier &#8211; 032 931 06 41 &#8211; 079 243 76 74 &#8211; <a href=\"mailto:remi@worldonline.ch\">remi@worldonline.ch<\/a><\/li>\n\n\n\n<li><strong>Nicole Hostettler<\/strong><br>Rue de Serroue 11, 2207 Coffrane &#8211; 032 857 11 38 &#8211; 079 227 00 28 &#8211; <a href=\"mailto:nicol.hostettler@bluewin.ch\">nicol.hostettler@bluewin.ch<\/a><\/li>\n\n\n\n<li><strong>Daniel Robert<\/strong><br>Rue du Doubs 1, 2300 La Chaux-de-Fonds- 079 518 59 62 &#8211; <a href=\"mailto:nuage@bluewin.ch\">nuage@bluewin.ch<\/a><\/li>\n\n\n\n<li><strong>Seihla Monod<\/strong><br>Rue de la Forge 8, 2053 Ch\u00e9zard-St-Martin &#8211; 077 401 77 56 &#8211; <a href=\"mailto:nuage@bluewin.ch\">seihlam@gmail.com<\/a><\/li>\n\n\n\n<li><strong>Agn\u00e8s Bonny<\/strong><br>Route de la R\u00e9publique 8, 2208 Les Hauts-Geneveys &#8211; 032 613 04 07 &#8211; <a href=\"mailto:nuage@bluewin.ch\">agnes.bonny@hotmail.ch<\/a><\/li>\n\n\n\n<li><strong>Fran\u00e7ois Gremion<\/strong><br>Rue des Fr\u00eanes 30, 2206 Les Geneveys-sur-Coffrane &#8211; 079 797 34 13 &#8211; <a href=\"mailto:nuage@bluewin.ch\">francois.gremion@gmail.com<\/a><\/li>\n<\/ul>\n\n\n\n<h2 class=\"wp-block-heading\" id=\"h-deputes-au-synode\">D\u00e9put\u00e9s au Synode<\/h2>\n\n\n\n<h3 class=\"wp-block-heading\" id=\"h-deputes-laics\">D\u00e9put\u00e9s la\u00efcs<\/h3>\n\n\n\n<ul class=\"wp-block-list\">\n<li><strong>Christian Hostettler<\/strong><br>Rue de Serroue 11, 2207 Coffrane &#8211; 032 857 11 38 &#8211; 079 228 76 31 &#8211; <a href=\"mailto:info.hostettler@bluewin.ch\">info.hostettler@bluewin.ch<\/a><\/li>\n\n\n\n<li><strong>Lise Gremion<\/strong><br>Rue des Fr\u00eanes 30, 2206 Les Geneveys-sur-Coffrane &#8211; 079 413 93 57 &#8211; <a href=\"mailto:nuage@bluewin.ch\">l.gremion@bluewin.ch<\/a><\/li>\n\n\n\n<li><strong>Fran\u00e7ois Gremion<\/strong><br>Rue des Fr\u00eanes 30, 2206 Les Geneveys-sur-Coffrane &#8211; 079 797 34 13 &#8211; <a href=\"mailto:nuage@bluewin.ch\">francois.gremion@gmail.com<\/a><\/li>\n<\/ul>\n\n\n\n<h3 class=\"wp-block-heading\" id=\"h-deputes-ministres\">D\u00e9put\u00e9s ministres<\/h3>\n\n\n\n<ul class=\"wp-block-list\">\n<li><strong>Christophe Allemann<\/strong><br>Rue du Stand 1, 2053 Cernier&nbsp;079 237 87 59 &#8211; <a href=\"mailto:christophe.allemann@eren.ch\">christophe.allemann@eren.ch<\/a><\/li>\n\n\n\n<li><strong>Esther Berger<\/strong><br>Rue du Stand 1, 2053 Cernier&nbsp;079 659 25 60 &#8211; <a href=\"mailto:esther.berger@eren.ch\">esther.berger@eren.ch<\/a><\/li>\n<\/ul>\n\n\n\n<h3 class=\"wp-block-heading\" id=\"h-suppleante-ministre\">Suppl\u00e9ante ministre<\/h3>\n\n\n\n<ul class=\"wp-block-list\">\n<li><strong>Isabelle Herv\u00e9<\/strong><br><br>Rue du Stand 1, 2053 Cernier&nbsp;079 320 24 42 &#8211; <a href=\"mailto:isabelle.herve@eren.ch\">isabelle.herve@eren.ch<\/a><\/li>\n<\/ul>\n\n\n\n<p><\/p>\n","protected":false},"excerpt":{"rendered":"<p>Secr\u00e9tariat de la paroisse Heures d&rsquo;ouverture et de permanence t\u00e9l\u00e9phonique : mardi et vendredi,&nbsp; 8h30 &#8211; 11h30 Maison de Paroisse FarelMyriam ChallandesRue du Stand 12053 Cernier032 853 64 01paroisse.vdr@eren.ch Pour vos dons :CCP : 12-335570-5IBAN : CH55 0900 0000 1233 5570 5 Ministres Conseil paroissial D\u00e9put\u00e9s au Synode D\u00e9put\u00e9s la\u00efcs D\u00e9put\u00e9s ministres Suppl\u00e9ante ministre<\/p>\n","protected":false},"author":1,"featured_media":0,"parent":0,"menu_order":999,"comment_status":"closed","ping_status":"closed","template":"","meta":{"footnotes":""},"class_list":["post-37","page","type-page","status-publish","hentry"],"yoast_head":"<!-- This site is optimized with the Yoast SEO Premium plugin v27.6 (Yoast SEO v27.6) - https:\/\/yoast.com\/product\/yoast-seo-premium-wordpress\/ -->\n<title>Contacts - Paroisse Val-de-Ruz<\/title>\n<meta name=\"description\" content=\"Secr\u00e9tariat de la paroisse Heures d&#039;ouverture et de permanence t\u00e9l\u00e9phonique : mardi et vendredi,&nbsp; 8h30 - 11h30 Maison de Paroisse FarelMyriam\" \/>\n<meta name=\"robots\" content=\"index, follow, max-snippet:-1, max-image-preview:large, max-video-preview:-1\" \/>\n<link rel=\"canonical\" href=\"https:\/\/www.eren.ch\/vdr\/contacts\/\" \/>\n<meta property=\"og:locale\" content=\"fr_FR\" \/>\n<meta property=\"og:type\" content=\"article\" \/>\n<meta property=\"og:title\" content=\"Contacts\" \/>\n<meta property=\"og:description\" content=\"Secr\u00e9tariat de la paroisse Heures d&#039;ouverture et de permanence t\u00e9l\u00e9phonique : mardi et vendredi,&nbsp; 8h30 - 11h30 Maison de Paroisse FarelMyriam\" \/>\n<meta property=\"og:url\" content=\"https:\/\/www.eren.ch\/vdr\/contacts\/\" \/>\n<meta property=\"og:site_name\" content=\"Paroisse Val-de-Ruz\" \/>\n<meta property=\"article:publisher\" content=\"https:\/\/www.facebook.com\/eglise.EREN\/\" \/>\n<meta property=\"article:modified_time\" content=\"2026-02-10T13:47:19+00:00\" \/>\n<meta property=\"og:image\" content=\"https:\/\/www.eren.ch\/vdr\/wp-content\/uploads\/sites\/7\/2017\/02\/boudevilliers_3.jpg\" \/>\n\t<meta property=\"og:image:width\" content=\"886\" \/>\n\t<meta property=\"og:image:height\" content=\"589\" \/>\n\t<meta property=\"og:image:type\" content=\"image\/jpeg\" \/>\n<meta name=\"twitter:card\" content=\"summary_large_image\" \/>\n<meta name=\"twitter:site\" content=\"@EgliseEREN\" \/>\n<meta name=\"twitter:label1\" content=\"Dur\u00e9e de lecture estim\u00e9e\" \/>\n\t<meta name=\"twitter:data1\" content=\"2 minutes\" \/>\n<script type=\"application\/ld+json\" class=\"yoast-schema-graph\">{\"@context\":\"https:\\\/\\\/schema.org\",\"@graph\":[{\"@type\":\"WebPage\",\"@id\":\"https:\\\/\\\/www.eren.ch\\\/vdr\\\/contacts\\\/\",\"url\":\"https:\\\/\\\/www.eren.ch\\\/vdr\\\/contacts\\\/\",\"name\":\"Contacts - Paroisse Val-de-Ruz\",\"isPartOf\":{\"@id\":\"https:\\\/\\\/www.eren.ch\\\/vdr\\\/#website\"},\"datePublished\":\"2016-12-11T16:03:06+00:00\",\"dateModified\":\"2026-02-10T13:47:19+00:00\",\"description\":\"Secr\u00e9tariat de la paroisse Heures d'ouverture et de permanence t\u00e9l\u00e9phonique : mardi et vendredi,&nbsp; 8h30 - 11h30 Maison de Paroisse FarelMyriam\",\"breadcrumb\":{\"@id\":\"https:\\\/\\\/www.eren.ch\\\/vdr\\\/contacts\\\/#breadcrumb\"},\"inLanguage\":\"fr-FR\",\"potentialAction\":[{\"@type\":\"ReadAction\",\"target\":[\"https:\\\/\\\/www.eren.ch\\\/vdr\\\/contacts\\\/\"]}]},{\"@type\":\"BreadcrumbList\",\"@id\":\"https:\\\/\\\/www.eren.ch\\\/vdr\\\/contacts\\\/#breadcrumb\",\"itemListElement\":[{\"@type\":\"ListItem\",\"position\":1,\"name\":\"Accueil\",\"item\":\"https:\\\/\\\/www.eren.ch\\\/vdr\\\/\"},{\"@type\":\"ListItem\",\"position\":2,\"name\":\"Contacts\"}]},{\"@type\":\"WebSite\",\"@id\":\"https:\\\/\\\/www.eren.ch\\\/vdr\\\/#website\",\"url\":\"https:\\\/\\\/www.eren.ch\\\/vdr\\\/\",\"name\":\"Paroisse Val-de-Ruz\",\"description\":\"La pr\u00e9sence protestante reconnue\",\"publisher\":{\"@id\":\"https:\\\/\\\/www.eren.ch\\\/vdr\\\/#organization\"},\"potentialAction\":[{\"@type\":\"SearchAction\",\"target\":{\"@type\":\"EntryPoint\",\"urlTemplate\":\"https:\\\/\\\/www.eren.ch\\\/vdr\\\/?s={search_term_string}\"},\"query-input\":{\"@type\":\"PropertyValueSpecification\",\"valueRequired\":true,\"valueName\":\"search_term_string\"}}],\"inLanguage\":\"fr-FR\"},{\"@type\":\"Organization\",\"@id\":\"https:\\\/\\\/www.eren.ch\\\/vdr\\\/#organization\",\"name\":\"Paroisse Val-de-Ruz\",\"url\":\"https:\\\/\\\/www.eren.ch\\\/vdr\\\/\",\"logo\":{\"@type\":\"ImageObject\",\"inLanguage\":\"fr-FR\",\"@id\":\"https:\\\/\\\/www.eren.ch\\\/vdr\\\/#\\\/schema\\\/logo\\\/image\\\/\",\"url\":\"https:\\\/\\\/www.eren.ch\\\/vdr\\\/wp-content\\\/uploads\\\/sites\\\/7\\\/2020\\\/12\\\/logo-vdr.png\",\"contentUrl\":\"https:\\\/\\\/www.eren.ch\\\/vdr\\\/wp-content\\\/uploads\\\/sites\\\/7\\\/2020\\\/12\\\/logo-vdr.png\",\"width\":240,\"height\":117,\"caption\":\"Paroisse Val-de-Ruz\"},\"image\":{\"@id\":\"https:\\\/\\\/www.eren.ch\\\/vdr\\\/#\\\/schema\\\/logo\\\/image\\\/\"},\"sameAs\":[\"https:\\\/\\\/www.facebook.com\\\/eglise.EREN\\\/\",\"https:\\\/\\\/x.com\\\/EgliseEREN\",\"https:\\\/\\\/fr.wikipedia.org\\\/wiki\\\/glise_rforme_vanglique_du_canton_de_Neuchtel\"]}]}<\/script>\n<!-- \/ Yoast SEO Premium plugin. -->","yoast_head_json":{"title":"Contacts - Paroisse Val-de-Ruz","description":"Secr\u00e9tariat de la paroisse Heures d'ouverture et de permanence t\u00e9l\u00e9phonique : mardi et vendredi,&nbsp; 8h30 - 11h30 Maison de Paroisse FarelMyriam","robots":{"index":"index","follow":"follow","max-snippet":"max-snippet:-1","max-image-preview":"max-image-preview:large","max-video-preview":"max-video-preview:-1"},"canonical":"https:\/\/www.eren.ch\/vdr\/contacts\/","og_locale":"fr_FR","og_type":"article","og_title":"Contacts","og_description":"Secr\u00e9tariat de la paroisse Heures d'ouverture et de permanence t\u00e9l\u00e9phonique : mardi et vendredi,&nbsp; 8h30 - 11h30 Maison de Paroisse FarelMyriam","og_url":"https:\/\/www.eren.ch\/vdr\/contacts\/","og_site_name":"Paroisse Val-de-Ruz","article_publisher":"https:\/\/www.facebook.com\/eglise.EREN\/","article_modified_time":"2026-02-10T13:47:19+00:00","og_image":[{"width":886,"height":589,"url":"https:\/\/www.eren.ch\/vdr\/wp-content\/uploads\/sites\/7\/2017\/02\/boudevilliers_3.jpg","type":"image\/jpeg"}],"twitter_card":"summary_large_image","twitter_site":"@EgliseEREN","twitter_misc":{"Dur\u00e9e de lecture estim\u00e9e":"2 minutes"},"schema":{"@context":"https:\/\/schema.org","@graph":[{"@type":"WebPage","@id":"https:\/\/www.eren.ch\/vdr\/contacts\/","url":"https:\/\/www.eren.ch\/vdr\/contacts\/","name":"Contacts - Paroisse Val-de-Ruz","isPartOf":{"@id":"https:\/\/www.eren.ch\/vdr\/#website"},"datePublished":"2016-12-11T16:03:06+00:00","dateModified":"2026-02-10T13:47:19+00:00","description":"Secr\u00e9tariat de la paroisse Heures d'ouverture et de permanence t\u00e9l\u00e9phonique : mardi et vendredi,&nbsp; 8h30 - 11h30 Maison de Paroisse FarelMyriam","breadcrumb":{"@id":"https:\/\/www.eren.ch\/vdr\/contacts\/#breadcrumb"},"inLanguage":"fr-FR","potentialAction":[{"@type":"ReadAction","target":["https:\/\/www.eren.ch\/vdr\/contacts\/"]}]},{"@type":"BreadcrumbList","@id":"https:\/\/www.eren.ch\/vdr\/contacts\/#breadcrumb","itemListElement":[{"@type":"ListItem","position":1,"name":"Accueil","item":"https:\/\/www.eren.ch\/vdr\/"},{"@type":"ListItem","position":2,"name":"Contacts"}]},{"@type":"WebSite","@id":"https:\/\/www.eren.ch\/vdr\/#website","url":"https:\/\/www.eren.ch\/vdr\/","name":"Paroisse Val-de-Ruz","description":"La pr\u00e9sence protestante reconnue","publisher":{"@id":"https:\/\/www.eren.ch\/vdr\/#organization"},"potentialAction":[{"@type":"SearchAction","target":{"@type":"EntryPoint","urlTemplate":"https:\/\/www.eren.ch\/vdr\/?s={search_term_string}"},"query-input":{"@type":"PropertyValueSpecification","valueRequired":true,"valueName":"search_term_string"}}],"inLanguage":"fr-FR"},{"@type":"Organization","@id":"https:\/\/www.eren.ch\/vdr\/#organization","name":"Paroisse Val-de-Ruz","url":"https:\/\/www.eren.ch\/vdr\/","logo":{"@type":"ImageObject","inLanguage":"fr-FR","@id":"https:\/\/www.eren.ch\/vdr\/#\/schema\/logo\/image\/","url":"https:\/\/www.eren.ch\/vdr\/wp-content\/uploads\/sites\/7\/2020\/12\/logo-vdr.png","contentUrl":"https:\/\/www.eren.ch\/vdr\/wp-content\/uploads\/sites\/7\/2020\/12\/logo-vdr.png","width":240,"height":117,"caption":"Paroisse Val-de-Ruz"},"image":{"@id":"https:\/\/www.eren.ch\/vdr\/#\/schema\/logo\/image\/"},"sameAs":["https:\/\/www.facebook.com\/eglise.EREN\/","https:\/\/x.com\/EgliseEREN","https:\/\/fr.wikipedia.org\/wiki\/glise_rforme_vanglique_du_canton_de_Neuchtel"]}]}},"_links":{"self":[{"href":"https:\/\/www.eren.ch\/vdr\/wp-json\/wp\/v2\/pages\/37","targetHints":{"allow":["GET"]}}],"collection":[{"href":"https:\/\/www.eren.ch\/vdr\/wp-json\/wp\/v2\/pages"}],"about":[{"href":"https:\/\/www.eren.ch\/vdr\/wp-json\/wp\/v2\/types\/page"}],"author":[{"embeddable":true,"href":"https:\/\/www.eren.ch\/vdr\/wp-json\/wp\/v2\/users\/1"}],"replies":[{"embeddable":true,"href":"https:\/\/www.eren.ch\/vdr\/wp-json\/wp\/v2\/comments?post=37"}],"version-history":[{"count":17,"href":"https:\/\/www.eren.ch\/vdr\/wp-json\/wp\/v2\/pages\/37\/revisions"}],"predecessor-version":[{"id":3025,"href":"https:\/\/www.eren.ch\/vdr\/wp-json\/wp\/v2\/pages\/37\/revisions\/3025"}],"wp:attachment":[{"href":"https:\/\/www.eren.ch\/vdr\/wp-json\/wp\/v2\/media?parent=37"}],"curies":[{"name":"wp","href":"https:\/\/api.w.org\/{rel}","templated":true}]}}