{"id":39,"date":"2016-12-11T17:03:32","date_gmt":"2016-12-11T16:03:32","guid":{"rendered":"https:\/\/www.eren.ch\/vdr\/?page_id=39"},"modified":"2023-06-02T09:27:03","modified_gmt":"2023-06-02T07:27:03","slug":"locations","status":"publish","type":"page","link":"https:\/\/www.eren.ch\/vdr\/locations\/","title":{"rendered":"Locations"},"content":{"rendered":"<h2><span style=\"text-decoration: underline\">Temples<\/span><\/h2>\n<p>Pour r\u00e9server un temple, veuillez vous adresser directement \u00e0 la commune de Val-de-Ruz, au num\u00e9ro: +41 32 886 56 33 ou <a href=\"https:\/\/www.val-de-ruz.ch\/vie-quotidienne\/logements\/salles\">directement ici.<\/a><br \/>\nPour la Coll\u00e9giale de <a href=\"http:\/\/valangin.ch\">Valangin<\/a>, veuillez appeler le num\u00e9ro suivant : +41 32 717 73 84 &#8211; Service de la coh\u00e9sion sociale.<\/p>\n<h2><span style=\"text-decoration: underline\">Salles de paroisse<\/span><\/h2>\n<h3>Cernier<\/h3>\n<p><a href=\"https:\/\/www.google.ch\/maps\/place\/Rue+du+Stand+1,+2053+Cernier\/@47.0608268,6.9009193,17z\/data=!3m1!4b1!4m9!1m2!2m1!1sstand+1!3m5!1s0x478de2ebe495cd5b:0x37e9d68601bc4a70!8m2!3d47.0608268!4d6.903108!15sCgdzdGFuZCAxkgERY29tcG91bmRfYnVpbGRpbmc\">Maison Farel<\/a><br \/>\nRue du Stand 1<br \/>\n2053 Cernier<\/p>\n<p>Contact :<br \/>\nSecr\u00e9tariat paroissial, +41 32 853 64 01 (mardi et vendredi, 8h30 &#8211; 11h30) &#8211;\u00a0<a href=\"mailto:paroisse.vdr@eren.ch\">paroisse.vdr@eren.ch<\/a><\/p>\n\n<!-- iframe plugin v.6.0 wordpress.org\/plugins\/iframe\/ -->\n<iframe loading=\"lazy\" src=\"https:\/\/calendar.google.com\/calendar\/embed?src=paroisse.vdr%40eren.ch&#038;ctz=Europe%2FRome\" style=\"border: 0\" width=\"800\" height=\"600\" frameborder=\"0\" scrolling=\"no\" class=\"iframe-class\"><\/iframe>\n\n<div id='gallery-1' class='gallery galleryid-39 gallery-columns-4 gallery-size-thumbnail'><figure class='gallery-item'>\n\t\t\t<div class='gallery-icon landscape'>\n\t\t\t\t<a href='https:\/\/www.eren.ch\/vdr\/wp-content\/uploads\/sites\/7\/2016\/12\/IMG_2080LD-166-800-600-80.jpg'><img loading=\"lazy\" decoding=\"async\" width=\"150\" height=\"150\" src=\"https:\/\/www.eren.ch\/vdr\/wp-content\/uploads\/sites\/7\/2016\/12\/IMG_2080LD-166-800-600-80-150x150.jpg\" class=\"attachment-thumbnail size-thumbnail\" alt=\"\" \/><\/a>\n\t\t\t<\/div><\/figure><figure class='gallery-item'>\n\t\t\t<div class='gallery-icon landscape'>\n\t\t\t\t<a href='https:\/\/www.eren.ch\/vdr\/wp-content\/uploads\/sites\/7\/2016\/12\/IMG_2078LD-165-800-600-80.jpg'><img loading=\"lazy\" decoding=\"async\" width=\"150\" height=\"150\" src=\"https:\/\/www.eren.ch\/vdr\/wp-content\/uploads\/sites\/7\/2016\/12\/IMG_2078LD-165-800-600-80-150x150.jpg\" class=\"attachment-thumbnail size-thumbnail\" alt=\"\" \/><\/a>\n\t\t\t<\/div><\/figure><figure class='gallery-item'>\n\t\t\t<div class='gallery-icon landscape'>\n\t\t\t\t<a href='https:\/\/www.eren.ch\/vdr\/wp-content\/uploads\/sites\/7\/2016\/12\/IMG_2077LD-164-800-600-80.jpg'><img loading=\"lazy\" decoding=\"async\" width=\"150\" height=\"150\" src=\"https:\/\/www.eren.ch\/vdr\/wp-content\/uploads\/sites\/7\/2016\/12\/IMG_2077LD-164-800-600-80-150x150.jpg\" class=\"attachment-thumbnail size-thumbnail\" alt=\"\" \/><\/a>\n\t\t\t<\/div><\/figure><figure class='gallery-item'>\n\t\t\t<div class='gallery-icon portrait'>\n\t\t\t\t<a href='https:\/\/www.eren.ch\/vdr\/wp-content\/uploads\/sites\/7\/2016\/12\/IMG_2076LD-163-800-600-80-r90.jpg'><img loading=\"lazy\" decoding=\"async\" width=\"150\" height=\"150\" src=\"https:\/\/www.eren.ch\/vdr\/wp-content\/uploads\/sites\/7\/2016\/12\/IMG_2076LD-163-800-600-80-r90-150x150.jpg\" class=\"attachment-thumbnail size-thumbnail\" alt=\"\" \/><\/a>\n\t\t\t<\/div><\/figure><figure class='gallery-item'>\n\t\t\t<div class='gallery-icon landscape'>\n\t\t\t\t<a href='https:\/\/www.eren.ch\/vdr\/wp-content\/uploads\/sites\/7\/2016\/12\/IMG_2075LD-162-800-600-80.jpg'><img loading=\"lazy\" decoding=\"async\" width=\"150\" height=\"150\" src=\"https:\/\/www.eren.ch\/vdr\/wp-content\/uploads\/sites\/7\/2016\/12\/IMG_2075LD-162-800-600-80-150x150.jpg\" class=\"attachment-thumbnail size-thumbnail\" alt=\"\" \/><\/a>\n\t\t\t<\/div><\/figure><figure class='gallery-item'>\n\t\t\t<div class='gallery-icon portrait'>\n\t\t\t\t<a href='https:\/\/www.eren.ch\/vdr\/wp-content\/uploads\/sites\/7\/2016\/12\/2_IMG_3404-184-800-600-80.jpeg'><img loading=\"lazy\" decoding=\"async\" width=\"150\" height=\"150\" src=\"https:\/\/www.eren.ch\/vdr\/wp-content\/uploads\/sites\/7\/2016\/12\/2_IMG_3404-184-800-600-80-150x150.jpeg\" class=\"attachment-thumbnail size-thumbnail\" alt=\"\" \/><\/a>\n\t\t\t<\/div><\/figure><figure class='gallery-item'>\n\t\t\t<div class='gallery-icon portrait'>\n\t\t\t\t<a href='https:\/\/www.eren.ch\/vdr\/wp-content\/uploads\/sites\/7\/2016\/12\/3_IMG_3406-186-800-600-80.jpeg'><img loading=\"lazy\" decoding=\"async\" width=\"150\" height=\"150\" src=\"https:\/\/www.eren.ch\/vdr\/wp-content\/uploads\/sites\/7\/2016\/12\/3_IMG_3406-186-800-600-80-150x150.jpeg\" class=\"attachment-thumbnail size-thumbnail\" alt=\"\" \/><\/a>\n\t\t\t<\/div><\/figure><figure class='gallery-item'>\n\t\t\t<div class='gallery-icon landscape'>\n\t\t\t\t<a href='https:\/\/www.eren.ch\/vdr\/wp-content\/uploads\/sites\/7\/2016\/12\/1_IMG_3402-185-800-600-80.jpeg'><img loading=\"lazy\" decoding=\"async\" width=\"150\" height=\"150\" src=\"https:\/\/www.eren.ch\/vdr\/wp-content\/uploads\/sites\/7\/2016\/12\/1_IMG_3402-185-800-600-80-150x150.jpeg\" class=\"attachment-thumbnail size-thumbnail\" alt=\"\" \/><\/a>\n\t\t\t<\/div><\/figure>\n\t\t<\/div>\n\n<h3>Dombresson<\/h3>\n<p><a href=\"https:\/\/www.google.ch\/maps\/place\/Chemin+de+l'Eglise+1,+2056+Dombresson\/@47.0725743,6.958213,17z\/data=!4m13!1m7!3m6!1s0x478e0872f2ca6fa3:0x71c2bd24105b60ee!2sChemin+de+l'Eglise+1,+2056+Dombresson!3b1!8m2!3d47.0725743!4d6.9604017!3m4!1s0x478e0872f2ca6fa3:0x71c2bd24105b60ee!8m2!3d47.0725743!4d6.9604017\">Chemin de l&rsquo;Eglise 1<\/a><br \/>\n2056 Dombresson<\/p>\n<p>Cette salle est disponible en soir\u00e9e jusqu&rsquo;\u00e0 22h.<\/p>\n<p>Contact :<br \/>\nSecr\u00e9tariat paroissial, +41 32 853 64 01 (mardi et vendredi, 8h30 &#8211; 11h30) &#8211;\u00a0<a href=\"mailto:paroisse.vdr@eren.ch\">paroisse.vdr@eren.ch<\/a><\/p>\n<div id='gallery-2' class='gallery galleryid-39 gallery-columns-4 gallery-size-thumbnail'><figure class='gallery-item'>\n\t\t\t<div class='gallery-icon landscape'>\n\t\t\t\t<a href='https:\/\/www.eren.ch\/vdr\/wp-content\/uploads\/sites\/7\/2016\/12\/IMG_2086LD-175-800-600-80.jpg'><img loading=\"lazy\" decoding=\"async\" width=\"150\" height=\"150\" src=\"https:\/\/www.eren.ch\/vdr\/wp-content\/uploads\/sites\/7\/2016\/12\/IMG_2086LD-175-800-600-80-150x150.jpg\" class=\"attachment-thumbnail size-thumbnail\" alt=\"\" \/><\/a>\n\t\t\t<\/div><\/figure><figure class='gallery-item'>\n\t\t\t<div class='gallery-icon landscape'>\n\t\t\t\t<a href='https:\/\/www.eren.ch\/vdr\/wp-content\/uploads\/sites\/7\/2016\/12\/IMG_2085LD-174-800-600-80.jpg'><img loading=\"lazy\" decoding=\"async\" width=\"150\" height=\"150\" src=\"https:\/\/www.eren.ch\/vdr\/wp-content\/uploads\/sites\/7\/2016\/12\/IMG_2085LD-174-800-600-80-150x150.jpg\" class=\"attachment-thumbnail size-thumbnail\" alt=\"\" \/><\/a>\n\t\t\t<\/div><\/figure><figure class='gallery-item'>\n\t\t\t<div class='gallery-icon landscape'>\n\t\t\t\t<a href='https:\/\/www.eren.ch\/vdr\/wp-content\/uploads\/sites\/7\/2016\/12\/IMG_2083LD-173-800-600-80.jpg'><img loading=\"lazy\" decoding=\"async\" width=\"150\" height=\"150\" src=\"https:\/\/www.eren.ch\/vdr\/wp-content\/uploads\/sites\/7\/2016\/12\/IMG_2083LD-173-800-600-80-150x150.jpg\" class=\"attachment-thumbnail size-thumbnail\" alt=\"\" \/><\/a>\n\t\t\t<\/div><\/figure><figure class='gallery-item'>\n\t\t\t<div class='gallery-icon landscape'>\n\t\t\t\t<a href='https:\/\/www.eren.ch\/vdr\/wp-content\/uploads\/sites\/7\/2016\/12\/IMG_2082LD-172-800-600-80.jpg'><img loading=\"lazy\" decoding=\"async\" width=\"150\" height=\"150\" src=\"https:\/\/www.eren.ch\/vdr\/wp-content\/uploads\/sites\/7\/2016\/12\/IMG_2082LD-172-800-600-80-150x150.jpg\" class=\"attachment-thumbnail size-thumbnail\" alt=\"\" \/><\/a>\n\t\t\t<\/div><\/figure>\n\t\t<\/div>\n\n<h3>Coffrane<\/h3>\n<p><a href=\"https:\/\/www.google.ch\/maps\/place\/Rue+du+Mus%C3%A9e+3,+2207+Coffrane\/@47.0100932,6.8622885,17z\/data=!4m13!1m7!3m6!1s0x478de3d7eb2c7ca9:0xf995341e0e3b10cc!2sRue+du+Mus%C3%A9e+3,+2207+Coffrane!3b1!8m2!3d47.0100323!4d6.8625002!3m4!1s0x478de3d7eb2c7ca9:0xf995341e0e3b10cc!8m2!3d47.0100323!4d6.8625002\">Rue du Mus\u00e9e 3<\/a><br \/>\n2207 Coffrane<\/p>\n<p>Cette salle est disponible en soir\u00e9e jusqu&rsquo;\u00e0 22h.<\/p>\n<p>Contact :<br \/>\nSecr\u00e9tariat paroissial, +41 32 853 64 01 (mardi et vendredi, 8h30 &#8211; 11h30) &#8211;\u00a0<a href=\"mailto:paroisse.vdr@eren.ch\">paroisse.vdr@eren.ch<\/a><\/p>\n<div id='gallery-3' class='gallery galleryid-39 gallery-columns-4 gallery-size-thumbnail'><figure class='gallery-item'>\n\t\t\t<div class='gallery-icon landscape'>\n\t\t\t\t<a href='https:\/\/www.eren.ch\/vdr\/wp-content\/uploads\/sites\/7\/2016\/12\/IMG_2097LD-167-800-600-80.jpg'><img loading=\"lazy\" decoding=\"async\" width=\"150\" height=\"150\" src=\"https:\/\/www.eren.ch\/vdr\/wp-content\/uploads\/sites\/7\/2016\/12\/IMG_2097LD-167-800-600-80-150x150.jpg\" class=\"attachment-thumbnail size-thumbnail\" alt=\"\" \/><\/a>\n\t\t\t<\/div><\/figure><figure class='gallery-item'>\n\t\t\t<div class='gallery-icon landscape'>\n\t\t\t\t<a href='https:\/\/www.eren.ch\/vdr\/wp-content\/uploads\/sites\/7\/2016\/12\/IMG_2099LD-168-800-600-80.jpg'><img loading=\"lazy\" decoding=\"async\" width=\"150\" height=\"150\" src=\"https:\/\/www.eren.ch\/vdr\/wp-content\/uploads\/sites\/7\/2016\/12\/IMG_2099LD-168-800-600-80-150x150.jpg\" class=\"attachment-thumbnail size-thumbnail\" alt=\"\" \/><\/a>\n\t\t\t<\/div><\/figure><figure class='gallery-item'>\n\t\t\t<div class='gallery-icon landscape'>\n\t\t\t\t<a href='https:\/\/www.eren.ch\/vdr\/wp-content\/uploads\/sites\/7\/2016\/12\/IMG_6322LD-171-800-600-80.jpg'><img loading=\"lazy\" decoding=\"async\" width=\"150\" height=\"150\" src=\"https:\/\/www.eren.ch\/vdr\/wp-content\/uploads\/sites\/7\/2016\/12\/IMG_6322LD-171-800-600-80-150x150.jpg\" class=\"attachment-thumbnail size-thumbnail\" alt=\"\" \/><\/a>\n\t\t\t<\/div><\/figure><figure class='gallery-item'>\n\t\t\t<div class='gallery-icon landscape'>\n\t\t\t\t<a href='https:\/\/www.eren.ch\/vdr\/wp-content\/uploads\/sites\/7\/2016\/12\/IMG_6320LD-169-800-600-80.jpg'><img loading=\"lazy\" decoding=\"async\" width=\"150\" height=\"150\" src=\"https:\/\/www.eren.ch\/vdr\/wp-content\/uploads\/sites\/7\/2016\/12\/IMG_6320LD-169-800-600-80-150x150.jpg\" class=\"attachment-thumbnail size-thumbnail\" alt=\"\" \/><\/a>\n\t\t\t<\/div><\/figure>\n\t\t<\/div>\n\n<h3>Fontaines<\/h3>\n<p>Pour r\u00e9server la salle de Fontaines, veuillez vous adresser directement \u00e0 la<a href=\"https:\/\/www.val-de-ruz.ch\/vie-quotidienne\/logements\/salles\"> commune de Val-de-Ruz<\/a>.<\/p>\n<div id='gallery-4' class='gallery galleryid-39 gallery-columns-4 gallery-size-thumbnail'><figure class='gallery-item'>\n\t\t\t<div class='gallery-icon landscape'>\n\t\t\t\t<a href='https:\/\/www.eren.ch\/vdr\/wp-content\/uploads\/sites\/7\/2016\/12\/IMG_6542LD-180-800-600-80.jpg'><img loading=\"lazy\" decoding=\"async\" width=\"150\" height=\"150\" src=\"https:\/\/www.eren.ch\/vdr\/wp-content\/uploads\/sites\/7\/2016\/12\/IMG_6542LD-180-800-600-80-150x150.jpg\" class=\"attachment-thumbnail size-thumbnail\" alt=\"\" \/><\/a>\n\t\t\t<\/div><\/figure><figure class='gallery-item'>\n\t\t\t<div class='gallery-icon landscape'>\n\t\t\t\t<a href='https:\/\/www.eren.ch\/vdr\/wp-content\/uploads\/sites\/7\/2016\/12\/IMG_2095LD-178-800-600-80.jpg'><img loading=\"lazy\" decoding=\"async\" width=\"150\" height=\"150\" src=\"https:\/\/www.eren.ch\/vdr\/wp-content\/uploads\/sites\/7\/2016\/12\/IMG_2095LD-178-800-600-80-150x150.jpg\" class=\"attachment-thumbnail size-thumbnail\" alt=\"\" \/><\/a>\n\t\t\t<\/div><\/figure><figure class='gallery-item'>\n\t\t\t<div class='gallery-icon landscape'>\n\t\t\t\t<a href='https:\/\/www.eren.ch\/vdr\/wp-content\/uploads\/sites\/7\/2016\/12\/IMG_2094LD-177-800-600-80.jpg'><img loading=\"lazy\" decoding=\"async\" width=\"150\" height=\"150\" src=\"https:\/\/www.eren.ch\/vdr\/wp-content\/uploads\/sites\/7\/2016\/12\/IMG_2094LD-177-800-600-80-150x150.jpg\" class=\"attachment-thumbnail size-thumbnail\" alt=\"\" \/><\/a>\n\t\t\t<\/div><\/figure><figure class='gallery-item'>\n\t\t\t<div class='gallery-icon landscape'>\n\t\t\t\t<a href='https:\/\/www.eren.ch\/vdr\/wp-content\/uploads\/sites\/7\/2016\/12\/IMG_2092LD-176-800-600-80.jpg'><img loading=\"lazy\" decoding=\"async\" width=\"150\" height=\"150\" src=\"https:\/\/www.eren.ch\/vdr\/wp-content\/uploads\/sites\/7\/2016\/12\/IMG_2092LD-176-800-600-80-150x150.jpg\" class=\"attachment-thumbnail size-thumbnail\" alt=\"\" \/><\/a>\n\t\t\t<\/div><\/figure>\n\t\t<\/div>\n\n","protected":false},"excerpt":{"rendered":"<p>Temples Pour r\u00e9server un temple, veuillez vous adresser directement \u00e0 la commune de Val-de-Ruz, au num\u00e9ro: +41 32 886 56 33 ou directement ici. Pour la Coll\u00e9giale de Valangin, veuillez appeler le num\u00e9ro suivant : +41 32 717 73 84 &#8211; Service de la coh\u00e9sion sociale. Salles de paroisse Cernier Maison Farel Rue du Stand &hellip; <a href=\"https:\/\/www.eren.ch\/vdr\/locations\/\" class=\"more-link\">Continuer la lecture<span class=\"screen-reader-text\"> de &laquo;&nbsp;Locations&nbsp;&raquo;<\/span><\/a><\/p>\n","protected":false},"author":1,"featured_media":0,"parent":0,"menu_order":0,"comment_status":"closed","ping_status":"closed","template":"","meta":{"footnotes":""},"class_list":["post-39","page","type-page","status-publish","hentry"],"yoast_head":"<!-- This site is optimized with the Yoast SEO Premium plugin v27.6 (Yoast SEO v27.6) - https:\/\/yoast.com\/product\/yoast-seo-premium-wordpress\/ -->\n<title>Locations - Paroisse Val-de-Ruz<\/title>\n<meta name=\"description\" content=\"Temples Pour r\u00e9server un temple, veuillez vous adresser directement \u00e0 la commune de Val-de-Ruz, au num\u00e9ro: +41 32 886 56 33 ou directement ici. Pour la\" \/>\n<meta name=\"robots\" content=\"index, follow, max-snippet:-1, max-image-preview:large, max-video-preview:-1\" \/>\n<link rel=\"canonical\" href=\"https:\/\/www.eren.ch\/vdr\/locations\/\" \/>\n<meta property=\"og:locale\" content=\"fr_FR\" \/>\n<meta property=\"og:type\" content=\"article\" \/>\n<meta property=\"og:title\" content=\"Locations\" \/>\n<meta property=\"og:description\" content=\"Temples Pour r\u00e9server un temple, veuillez vous adresser directement \u00e0 la commune de Val-de-Ruz, au num\u00e9ro: +41 32 886 56 33 ou directement ici. Pour la\" \/>\n<meta property=\"og:url\" content=\"https:\/\/www.eren.ch\/vdr\/locations\/\" \/>\n<meta property=\"og:site_name\" content=\"Paroisse Val-de-Ruz\" \/>\n<meta property=\"article:publisher\" content=\"https:\/\/www.facebook.com\/eglise.EREN\/\" \/>\n<meta property=\"article:modified_time\" content=\"2023-06-02T07:27:03+00:00\" \/>\n<meta property=\"og:image\" content=\"https:\/\/www.eren.ch\/vdr\/wp-content\/uploads\/sites\/7\/2016\/12\/IMG_2080LD-166-800-600-80-150x150.jpg\" \/>\n<meta name=\"twitter:card\" content=\"summary_large_image\" \/>\n<meta name=\"twitter:site\" content=\"@EgliseEREN\" \/>\n<meta name=\"twitter:label1\" content=\"Dur\u00e9e de lecture estim\u00e9e\" \/>\n\t<meta name=\"twitter:data1\" content=\"1 minute\" \/>\n<script type=\"application\/ld+json\" class=\"yoast-schema-graph\">{\"@context\":\"https:\\\/\\\/schema.org\",\"@graph\":[{\"@type\":\"WebPage\",\"@id\":\"https:\\\/\\\/www.eren.ch\\\/vdr\\\/locations\\\/\",\"url\":\"https:\\\/\\\/www.eren.ch\\\/vdr\\\/locations\\\/\",\"name\":\"Locations - Paroisse Val-de-Ruz\",\"isPartOf\":{\"@id\":\"https:\\\/\\\/www.eren.ch\\\/vdr\\\/#website\"},\"datePublished\":\"2016-12-11T16:03:32+00:00\",\"dateModified\":\"2023-06-02T07:27:03+00:00\",\"description\":\"Temples Pour r\u00e9server un temple, veuillez vous adresser directement \u00e0 la commune de Val-de-Ruz, au num\u00e9ro: +41 32 886 56 33 ou directement ici. Pour la\",\"breadcrumb\":{\"@id\":\"https:\\\/\\\/www.eren.ch\\\/vdr\\\/locations\\\/#breadcrumb\"},\"inLanguage\":\"fr-FR\",\"potentialAction\":[{\"@type\":\"ReadAction\",\"target\":[\"https:\\\/\\\/www.eren.ch\\\/vdr\\\/locations\\\/\"]}]},{\"@type\":\"BreadcrumbList\",\"@id\":\"https:\\\/\\\/www.eren.ch\\\/vdr\\\/locations\\\/#breadcrumb\",\"itemListElement\":[{\"@type\":\"ListItem\",\"position\":1,\"name\":\"Accueil\",\"item\":\"https:\\\/\\\/www.eren.ch\\\/vdr\\\/\"},{\"@type\":\"ListItem\",\"position\":2,\"name\":\"Locations\"}]},{\"@type\":\"WebSite\",\"@id\":\"https:\\\/\\\/www.eren.ch\\\/vdr\\\/#website\",\"url\":\"https:\\\/\\\/www.eren.ch\\\/vdr\\\/\",\"name\":\"Paroisse Val-de-Ruz\",\"description\":\"La pr\u00e9sence protestante reconnue\",\"publisher\":{\"@id\":\"https:\\\/\\\/www.eren.ch\\\/vdr\\\/#organization\"},\"potentialAction\":[{\"@type\":\"SearchAction\",\"target\":{\"@type\":\"EntryPoint\",\"urlTemplate\":\"https:\\\/\\\/www.eren.ch\\\/vdr\\\/?s={search_term_string}\"},\"query-input\":{\"@type\":\"PropertyValueSpecification\",\"valueRequired\":true,\"valueName\":\"search_term_string\"}}],\"inLanguage\":\"fr-FR\"},{\"@type\":\"Organization\",\"@id\":\"https:\\\/\\\/www.eren.ch\\\/vdr\\\/#organization\",\"name\":\"Paroisse Val-de-Ruz\",\"url\":\"https:\\\/\\\/www.eren.ch\\\/vdr\\\/\",\"logo\":{\"@type\":\"ImageObject\",\"inLanguage\":\"fr-FR\",\"@id\":\"https:\\\/\\\/www.eren.ch\\\/vdr\\\/#\\\/schema\\\/logo\\\/image\\\/\",\"url\":\"https:\\\/\\\/www.eren.ch\\\/vdr\\\/wp-content\\\/uploads\\\/sites\\\/7\\\/2020\\\/12\\\/logo-vdr.png\",\"contentUrl\":\"https:\\\/\\\/www.eren.ch\\\/vdr\\\/wp-content\\\/uploads\\\/sites\\\/7\\\/2020\\\/12\\\/logo-vdr.png\",\"width\":240,\"height\":117,\"caption\":\"Paroisse Val-de-Ruz\"},\"image\":{\"@id\":\"https:\\\/\\\/www.eren.ch\\\/vdr\\\/#\\\/schema\\\/logo\\\/image\\\/\"},\"sameAs\":[\"https:\\\/\\\/www.facebook.com\\\/eglise.EREN\\\/\",\"https:\\\/\\\/x.com\\\/EgliseEREN\",\"https:\\\/\\\/fr.wikipedia.org\\\/wiki\\\/glise_rforme_vanglique_du_canton_de_Neuchtel\"]}]}<\/script>\n<!-- \/ Yoast SEO Premium plugin. -->","yoast_head_json":{"title":"Locations - Paroisse Val-de-Ruz","description":"Temples Pour r\u00e9server un temple, veuillez vous adresser directement \u00e0 la commune de Val-de-Ruz, au num\u00e9ro: +41 32 886 56 33 ou directement ici. Pour la","robots":{"index":"index","follow":"follow","max-snippet":"max-snippet:-1","max-image-preview":"max-image-preview:large","max-video-preview":"max-video-preview:-1"},"canonical":"https:\/\/www.eren.ch\/vdr\/locations\/","og_locale":"fr_FR","og_type":"article","og_title":"Locations","og_description":"Temples Pour r\u00e9server un temple, veuillez vous adresser directement \u00e0 la commune de Val-de-Ruz, au num\u00e9ro: +41 32 886 56 33 ou directement ici. Pour la","og_url":"https:\/\/www.eren.ch\/vdr\/locations\/","og_site_name":"Paroisse Val-de-Ruz","article_publisher":"https:\/\/www.facebook.com\/eglise.EREN\/","article_modified_time":"2023-06-02T07:27:03+00:00","og_image":[{"url":"https:\/\/www.eren.ch\/vdr\/wp-content\/uploads\/sites\/7\/2016\/12\/IMG_2080LD-166-800-600-80-150x150.jpg","type":"","width":"","height":""}],"twitter_card":"summary_large_image","twitter_site":"@EgliseEREN","twitter_misc":{"Dur\u00e9e de lecture estim\u00e9e":"1 minute"},"schema":{"@context":"https:\/\/schema.org","@graph":[{"@type":"WebPage","@id":"https:\/\/www.eren.ch\/vdr\/locations\/","url":"https:\/\/www.eren.ch\/vdr\/locations\/","name":"Locations - Paroisse Val-de-Ruz","isPartOf":{"@id":"https:\/\/www.eren.ch\/vdr\/#website"},"datePublished":"2016-12-11T16:03:32+00:00","dateModified":"2023-06-02T07:27:03+00:00","description":"Temples Pour r\u00e9server un temple, veuillez vous adresser directement \u00e0 la commune de Val-de-Ruz, au num\u00e9ro: +41 32 886 56 33 ou directement ici. Pour la","breadcrumb":{"@id":"https:\/\/www.eren.ch\/vdr\/locations\/#breadcrumb"},"inLanguage":"fr-FR","potentialAction":[{"@type":"ReadAction","target":["https:\/\/www.eren.ch\/vdr\/locations\/"]}]},{"@type":"BreadcrumbList","@id":"https:\/\/www.eren.ch\/vdr\/locations\/#breadcrumb","itemListElement":[{"@type":"ListItem","position":1,"name":"Accueil","item":"https:\/\/www.eren.ch\/vdr\/"},{"@type":"ListItem","position":2,"name":"Locations"}]},{"@type":"WebSite","@id":"https:\/\/www.eren.ch\/vdr\/#website","url":"https:\/\/www.eren.ch\/vdr\/","name":"Paroisse Val-de-Ruz","description":"La pr\u00e9sence protestante reconnue","publisher":{"@id":"https:\/\/www.eren.ch\/vdr\/#organization"},"potentialAction":[{"@type":"SearchAction","target":{"@type":"EntryPoint","urlTemplate":"https:\/\/www.eren.ch\/vdr\/?s={search_term_string}"},"query-input":{"@type":"PropertyValueSpecification","valueRequired":true,"valueName":"search_term_string"}}],"inLanguage":"fr-FR"},{"@type":"Organization","@id":"https:\/\/www.eren.ch\/vdr\/#organization","name":"Paroisse Val-de-Ruz","url":"https:\/\/www.eren.ch\/vdr\/","logo":{"@type":"ImageObject","inLanguage":"fr-FR","@id":"https:\/\/www.eren.ch\/vdr\/#\/schema\/logo\/image\/","url":"https:\/\/www.eren.ch\/vdr\/wp-content\/uploads\/sites\/7\/2020\/12\/logo-vdr.png","contentUrl":"https:\/\/www.eren.ch\/vdr\/wp-content\/uploads\/sites\/7\/2020\/12\/logo-vdr.png","width":240,"height":117,"caption":"Paroisse Val-de-Ruz"},"image":{"@id":"https:\/\/www.eren.ch\/vdr\/#\/schema\/logo\/image\/"},"sameAs":["https:\/\/www.facebook.com\/eglise.EREN\/","https:\/\/x.com\/EgliseEREN","https:\/\/fr.wikipedia.org\/wiki\/glise_rforme_vanglique_du_canton_de_Neuchtel"]}]}},"_links":{"self":[{"href":"https:\/\/www.eren.ch\/vdr\/wp-json\/wp\/v2\/pages\/39","targetHints":{"allow":["GET"]}}],"collection":[{"href":"https:\/\/www.eren.ch\/vdr\/wp-json\/wp\/v2\/pages"}],"about":[{"href":"https:\/\/www.eren.ch\/vdr\/wp-json\/wp\/v2\/types\/page"}],"author":[{"embeddable":true,"href":"https:\/\/www.eren.ch\/vdr\/wp-json\/wp\/v2\/users\/1"}],"replies":[{"embeddable":true,"href":"https:\/\/www.eren.ch\/vdr\/wp-json\/wp\/v2\/comments?post=39"}],"version-history":[{"count":5,"href":"https:\/\/www.eren.ch\/vdr\/wp-json\/wp\/v2\/pages\/39\/revisions"}],"predecessor-version":[{"id":2041,"href":"https:\/\/www.eren.ch\/vdr\/wp-json\/wp\/v2\/pages\/39\/revisions\/2041"}],"wp:attachment":[{"href":"https:\/\/www.eren.ch\/vdr\/wp-json\/wp\/v2\/media?parent=39"}],"curies":[{"name":"wp","href":"https:\/\/api.w.org\/{rel}","templated":true}]}}